{"id":45893,"date":"2026-03-09T11:20:29","date_gmt":"2026-03-09T11:20:29","guid":{"rendered":"https:\/\/www.veronicacazalis.com\/vip-erritualak\/"},"modified":"2026-03-09T11:20:32","modified_gmt":"2026-03-09T11:20:32","slug":"vip-erritualak","status":"publish","type":"page","link":"https:\/\/www.veronicacazalis.com\/eu\/vip-erritualak\/","title":{"rendered":"VIP erritualak"},"content":{"rendered":"<div class=\"wpb-content-wrapper\"><p>[vc_row row_type=&#8221;row&#8221; use_row_as_full_screen_section=&#8221;no&#8221; type=&#8221;full_width&#8221; oblique_section=&#8221;no&#8221; text_align=&#8221;left&#8221; padding_top=&#8221;45&#8243; padding_bottom=&#8221;45&#8243; css_animation=&#8221;element_from_fade&#8221;][vc_column width=&#8221;1\/2&#8243; css=&#8221;.vc_custom_1438855470039{margin-bottom: 20px !important;}&#8221;][vc_column_text]<\/p>\n<h3 class=\"text-uppercase with-subtitle\"><strong>INHIBIT ZERO GRAVITY LIFT<\/strong><\/h3>\n<h3 class=\"LC20lb MBeuO DKV0Md\"><\/h3>\n<p>[\/vc_column_text][vc_column_text]Natura Biss\u00e9[\/vc_column_text][vc_empty_space height=&#8221;20px&#8221; image_repeat=&#8221;no-repeat&#8221;][vc_column_text]<\/p>\n<h2 class=\"text-uppercase with-subtitle\"><\/h2>\n<h3>Honen gakoak<br \/>\naurpegiko liftinga<\/h3>\n<p>Harritu zaitez zure lifting efektuarekin saio bakar batean. Inhibit formula eraginkorrak konbinatzen ditu, larritasunak larruazalean dituen efektuei aurre egiteko eta zimurrak minimizatzeko, maniobra bizigarriekin. Emaitza azal trinkoagoa, definituagoa eta leunagoa da.  <\/p>\n<p>Espresio-lerroak lausotzeko berariaz diseinatuta, Inhibit Zero Gravity Lift kabinako lifting eraginkorra da, larruazala berehala gaztetzea lortzen duena. Edertasun-protokolo horrek Inhibit bildumako produktu iraultzaileak masaje-teknika esklusiboekin konbinatzen ditu, eta horien emaitza harrigarriek prozedura mediko-estetikoen alternatiba edo osagarri ideal bihurtzen dute.[\/vc_column_text][vc_row_inner row_type=&#8221;row&#8221; type=&#8221;full_width&#8221; use_row_as_full_screen_section_slide=&#8221;no&#8221; text_align=&#8221;left&#8221; css_animation=&#8221;&#8221;][vc_column_inner][no_elements_holder number_of_columns=&#8221;one_column&#8221;][no_elements_holder_item aligment=&#8221;left&#8221; advanced_animations=&#8221;no&#8221;]<div class='q_icon_with_title  normal_icon left_from_title'><div class=\"icon_title_holder\"><div class=\"icon_holder \" style=\"margin: 0PX -20px 0px 0px; \"><div class=\"icon_holder_inner\"><span class=\"qode_icon_stack qode_tiny_icon \" style=\"font-size: 20px;\"><i class=\"qode_icon_linea_icon icon-basic-clock icon_text_icon qode_icon_stack_1x\" style=\"font-size: 20px;\" ><\/i><\/span><\/div><\/div><div class=\"icon_title_inner_holder\"><h4 class=\"icon_title \" style=\"\">55 min<\/h4><\/div><\/div><div class=\"icon_text_holder\"><div class=\"icon_text_inner\" style=\"\"><p style=''><\/p><\/div><\/div><\/div>[\/no_elements_holder_item][no_elements_holder_item aligment=&#8221;left&#8221; advanced_animations=&#8221;no&#8221;]<div class='q_icon_with_title  normal_icon left_from_title'><div class=\"icon_title_holder\"><div class=\"icon_holder \" style=\"margin: 0PX -20px 0px 0px; \"><div class=\"icon_holder_inner\"><span class=\"qode_icon_stack qode_tiny_icon \" style=\"font-size: 20px;\"><i class=\"qode_icon_linea_icon icon-ecommerce-sale icon_text_icon qode_icon_stack_1x\" style=\"font-size: 20px;\" ><\/i><\/span><\/div><\/div><div class=\"icon_title_inner_holder\"><h4 class=\"icon_title \" style=\"\">114\u20ac<\/h4><\/div><\/div><div class=\"icon_text_holder\"><div class=\"icon_text_inner\" style=\"\"><p style=''><\/p><\/div><\/div><\/div>[\/no_elements_holder_item][\/no_elements_holder][\/vc_column_inner][\/vc_row_inner][\/vc_column][vc_column width=&#8221;1\/2&#8243;][vc_single_image image=&#8221;45892&#8243; img_size=&#8221;full&#8221; alignment=&#8221;center&#8221; qode_css_animation=&#8221;&#8221;][\/vc_column][\/vc_row][vc_row row_type=&#8221;row&#8221; use_row_as_full_screen_section=&#8221;no&#8221; type=&#8221;full_width&#8221; oblique_section=&#8221;no&#8221; text_align=&#8221;left&#8221; padding_top=&#8221;45&#8243; padding_bottom=&#8221;45&#8243; css_animation=&#8221;element_from_fade&#8221;][vc_column width=&#8221;1\/2&#8243; css=&#8221;.vc_custom_1607028950936{margin-bottom: 20px !important;}&#8221; el_class=&#8221;derecha&#8221;][vc_column_text]<\/p>\n<h3>DIAMOND LIFE INFUSION<\/h3>\n<p><strong>(LIFTING MULTISENSORIALA)<\/strong>[\/vc_column_text][vc_column_text]<span style=\"color: #68554f;\">Natura Biss\u00e9<\/span>[\/vc_column_text][vc_empty_space height=&#8221;20px&#8221; image_repeat=&#8221;no-repeat&#8221;][vc_column_text]<\/p>\n<p style=\"text-align: justify;\">&#8220;Lifting sentsoriala aurrekaririk gabeko gaztetze baterako&#8221;<\/p>\n<div class=\"intro-section intro-section--fixed\">\n<p>Tratamendu berritzailea, zure azalean bizitza txertatzen duena, haren edertasuna eta gaztetasuna babesteko.<\/p>\n<p>&nbsp;<\/p>\n<p>Esperientzia iraultzaile horrek aurrekaririk gabeko gaztetze ekintza bat eskaintzen du, Larruazalaren Aroko funtsezko 4 biomarkatzaileak araututa. Tratamendu intentsibo global horrek azal irmoagoa, argitsuagoa eta nabarmen gazteagoa ematen du. Aurpegiaren ingurua birdefinitzen du, larruazalaren testura hobetzen du eta zimurrak eta adierazpen-lerroak murrizten ditu saio bakar batean.  <\/p>\n<p>&#8220;Gaztetako Elixirra&#8221; miragarria, azal berritu, leun, leun eta ikusgarri gaztetua erakusten duena<\/p>\n<\/div>\n<p style=\"text-align: justify;\">Ekintza sakoneko aktibo gaztetzaile indartsuek, masaje-teknika berritzaileekin batera, larruazala indartzen dute, zimurrak eta adierazpen-lerroak nabarmenki murriztuz<\/p>\n<p>[\/vc_column_text][vc_row_inner row_type=&#8221;row&#8221; type=&#8221;full_width&#8221; use_row_as_full_screen_section_slide=&#8221;no&#8221; text_align=&#8221;left&#8221; css_animation=&#8221;&#8221;][vc_column_inner][no_elements_holder number_of_columns=&#8221;one_column&#8221;][no_elements_holder_item aligment=&#8221;left&#8221; advanced_animations=&#8221;no&#8221;]<div class='q_icon_with_title  normal_icon left_from_title'><div class=\"icon_title_holder\"><div class=\"icon_holder \" style=\"margin: 0PX -20px 0px 0px; \"><div class=\"icon_holder_inner\"><span class=\"qode_icon_stack qode_tiny_icon \" style=\"font-size: 20px;\"><i class=\"qode_icon_linea_icon icon-basic-clock icon_text_icon qode_icon_stack_1x\" style=\"font-size: 20px;\" ><\/i><\/span><\/div><\/div><div class=\"icon_title_inner_holder\"><h4 class=\"icon_title \" style=\"\">85 min<\/h4><\/div><\/div><div class=\"icon_text_holder\"><div class=\"icon_text_inner\" style=\"\"><p style=''><\/p><\/div><\/div><\/div>[\/no_elements_holder_item][no_elements_holder_item aligment=&#8221;left&#8221; advanced_animations=&#8221;no&#8221;]<div class='q_icon_with_title  normal_icon left_from_title'><div class=\"icon_title_holder\"><div class=\"icon_holder \" style=\"margin: 0PX -20px 0px 0px; \"><div class=\"icon_holder_inner\"><span class=\"qode_icon_stack qode_tiny_icon \" style=\"font-size: 20px;\"><i class=\"qode_icon_linea_icon icon-ecommerce-sale icon_text_icon qode_icon_stack_1x\" style=\"font-size: 20px;\" ><\/i><\/span><\/div><\/div><div class=\"icon_title_inner_holder\"><h4 class=\"icon_title \" style=\"\">175\u20ac<\/h4><\/div><\/div><div class=\"icon_text_holder\"><div class=\"icon_text_inner\" style=\"\"><p style=''><\/p><\/div><\/div><\/div>[\/no_elements_holder_item][\/no_elements_holder][\/vc_column_inner][\/vc_row_inner][\/vc_column][vc_column width=&#8221;1\/2&#8243;][vc_single_image image=&#8221;42895&#8243; img_size=&#8221;full&#8221; alignment=&#8221;center&#8221; qode_css_animation=&#8221;&#8221;][\/vc_column][\/vc_row]<\/p>\n<\/div>","protected":false},"excerpt":{"rendered":"<p>[vc_row row_type=&#8221;row&#8221; use_row_as_full_screen_section=&#8221;no&#8221; type=&#8221;full_width&#8221; oblique_section=&#8221;no&#8221; text_align=&#8221;left&#8221; padding_top=&#8221;45&#8243; padding_bottom=&#8221;45&#8243; css_animation=&#8221;element_from_fade&#8221;][vc_column width=&#8221;1\/2&#8243; css=&#8221;.vc_custom_1438855470039{margin-bottom: 20px !important;}&#8221;][vc_column_text] INHIBIT ZERO GRAVITY LIFT [\/vc_column_text][vc_column_text]Natura Biss\u00e9[\/vc_column_text][vc_empty_space height=&#8221;20px&#8221; image_repeat=&#8221;no-repeat&#8221;][vc_column_text] Honen gakoak aurpegiko liftinga Harritu zaitez zure lifting efektuarekin saio bakar batean. Inhibit formula eraginkorrak konbinatzen ditu, larritasunak larruazalean dituen efektuei aurre egiteko eta&#8230;<\/p>\n","protected":false},"author":1,"featured_media":0,"parent":0,"menu_order":0,"comment_status":"open","ping_status":"open","template":"","meta":{"_monsterinsights_skip_tracking":false,"_monsterinsights_sitenote_active":false,"_monsterinsights_sitenote_note":"","_monsterinsights_sitenote_category":0,"_joinchat":[],"footnotes":""},"class_list":["post-45893","page","type-page","status-publish","hentry"],"yoast_head":"<!-- This site is optimized with the Yoast SEO plugin v27.5 - https:\/\/yoast.com\/product\/yoast-seo-wordpress\/ -->\n<title>VIP aurpegiko tratamenduak Zarautzen<\/title>\n<meta name=\"description\" content=\"Aurpegia garbitzeko tratamenduak, zimurren aurkakoak, orbanen aurkakoak, peelinga, mesoterapia eta tinkatzaileak Zarautzen\" \/>\n<meta name=\"robots\" content=\"index, follow, max-snippet:-1, max-image-preview:large, max-video-preview:-1\" \/>\n<link rel=\"canonical\" href=\"https:\/\/www.veronicacazalis.com\/eu\/vip-erritualak\/\" \/>\n<meta property=\"og:locale\" content=\"en_US\" \/>\n<meta property=\"og:type\" content=\"article\" \/>\n<meta property=\"og:title\" content=\"VIP aurpegiko tratamenduak Zarautzen\" \/>\n<meta property=\"og:description\" content=\"Aurpegia garbitzeko tratamenduak, zimurren aurkakoak, orbanen aurkakoak, peelinga, mesoterapia eta tinkatzaileak Zarautzen\" \/>\n<meta property=\"og:url\" content=\"https:\/\/www.veronicacazalis.com\/eu\/vip-erritualak\/\" \/>\n<meta property=\"og:site_name\" content=\"Ver\u00f3nica Cazalis\" \/>\n<meta property=\"article:publisher\" content=\"https:\/\/www.facebook.com\/EsteticaVeronicaCazalis\" \/>\n<meta property=\"article:modified_time\" content=\"2026-03-09T11:20:32+00:00\" \/>\n<meta name=\"twitter:card\" content=\"summary_large_image\" \/>\n<meta name=\"twitter:label1\" content=\"Est. reading time\" \/>\n\t<meta name=\"twitter:data1\" content=\"3 minutua\" \/>\n<script type=\"application\/ld+json\" class=\"yoast-schema-graph\">{\"@context\":\"https:\\\/\\\/schema.org\",\"@graph\":[{\"@type\":\"WebPage\",\"@id\":\"https:\\\/\\\/www.veronicacazalis.com\\\/eu\\\/vip-erritualak\\\/\",\"url\":\"https:\\\/\\\/www.veronicacazalis.com\\\/eu\\\/vip-erritualak\\\/\",\"name\":\"VIP aurpegiko tratamenduak Zarautzen\",\"isPartOf\":{\"@id\":\"https:\\\/\\\/www.veronicacazalis.com\\\/#website\"},\"datePublished\":\"2026-03-09T11:20:29+00:00\",\"dateModified\":\"2026-03-09T11:20:32+00:00\",\"description\":\"Aurpegia garbitzeko tratamenduak, zimurren aurkakoak, orbanen aurkakoak, peelinga, mesoterapia eta tinkatzaileak Zarautzen\",\"breadcrumb\":{\"@id\":\"https:\\\/\\\/www.veronicacazalis.com\\\/eu\\\/vip-erritualak\\\/#breadcrumb\"},\"inLanguage\":\"eu\",\"potentialAction\":[{\"@type\":\"ReadAction\",\"target\":[\"https:\\\/\\\/www.veronicacazalis.com\\\/eu\\\/vip-erritualak\\\/\"]}]},{\"@type\":\"BreadcrumbList\",\"@id\":\"https:\\\/\\\/www.veronicacazalis.com\\\/eu\\\/vip-erritualak\\\/#breadcrumb\",\"itemListElement\":[{\"@type\":\"ListItem\",\"position\":1,\"name\":\"Portada\",\"item\":\"https:\\\/\\\/www.veronicacazalis.com\\\/eu\\\/\"},{\"@type\":\"ListItem\",\"position\":2,\"name\":\"VIP erritualak\"}]},{\"@type\":\"WebSite\",\"@id\":\"https:\\\/\\\/www.veronicacazalis.com\\\/#website\",\"url\":\"https:\\\/\\\/www.veronicacazalis.com\\\/\",\"name\":\"Ver\u00f3nica Cazalis\",\"description\":\"Centro de Est\u00e9tica y Kinesiolog\u00eda.\",\"publisher\":{\"@id\":\"https:\\\/\\\/www.veronicacazalis.com\\\/#organization\"},\"potentialAction\":[{\"@type\":\"SearchAction\",\"target\":{\"@type\":\"EntryPoint\",\"urlTemplate\":\"https:\\\/\\\/www.veronicacazalis.com\\\/?s={search_term_string}\"},\"query-input\":{\"@type\":\"PropertyValueSpecification\",\"valueRequired\":true,\"valueName\":\"search_term_string\"}}],\"inLanguage\":\"eu\"},{\"@type\":\"Organization\",\"@id\":\"https:\\\/\\\/www.veronicacazalis.com\\\/#organization\",\"name\":\"Ver\u00f3nica Caz\u00e1lis Est\u00e9tica y Kinesiolog\u00eda\",\"alternateName\":\"Ver\u00f3nica Cazalis Salon de belleza\",\"url\":\"https:\\\/\\\/www.veronicacazalis.com\\\/\",\"logo\":{\"@type\":\"ImageObject\",\"inLanguage\":\"eu\",\"@id\":\"https:\\\/\\\/www.veronicacazalis.com\\\/#\\\/schema\\\/logo\\\/image\\\/\",\"url\":\"https:\\\/\\\/www.veronicacazalis.com\\\/wp-content\\\/uploads\\\/2025\\\/12\\\/cropped-foto-web-Centro-17.jpg\",\"contentUrl\":\"https:\\\/\\\/www.veronicacazalis.com\\\/wp-content\\\/uploads\\\/2025\\\/12\\\/cropped-foto-web-Centro-17.jpg\",\"width\":512,\"height\":512,\"caption\":\"Ver\u00f3nica Caz\u00e1lis Est\u00e9tica y Kinesiolog\u00eda\"},\"image\":{\"@id\":\"https:\\\/\\\/www.veronicacazalis.com\\\/#\\\/schema\\\/logo\\\/image\\\/\"},\"sameAs\":[\"https:\\\/\\\/www.facebook.com\\\/EsteticaVeronicaCazalis\",\"https:\\\/\\\/www.instagram.com\\\/veronicacazalis\\\/\",\"https:\\\/\\\/www.linkedin.com\\\/company\\\/ver\u00f3nica-cazalis\\\/\",\"https:\\\/\\\/www.youtube.com\\\/c\\\/VeronicaCazalis\\\/\"]}]}<\/script>\n<!-- \/ Yoast SEO plugin. -->","yoast_head_json":{"title":"VIP aurpegiko tratamenduak Zarautzen","description":"Aurpegia garbitzeko tratamenduak, zimurren aurkakoak, orbanen aurkakoak, peelinga, mesoterapia eta tinkatzaileak Zarautzen","robots":{"index":"index","follow":"follow","max-snippet":"max-snippet:-1","max-image-preview":"max-image-preview:large","max-video-preview":"max-video-preview:-1"},"canonical":"https:\/\/www.veronicacazalis.com\/eu\/vip-erritualak\/","og_locale":"en_US","og_type":"article","og_title":"VIP aurpegiko tratamenduak Zarautzen","og_description":"Aurpegia garbitzeko tratamenduak, zimurren aurkakoak, orbanen aurkakoak, peelinga, mesoterapia eta tinkatzaileak Zarautzen","og_url":"https:\/\/www.veronicacazalis.com\/eu\/vip-erritualak\/","og_site_name":"Ver\u00f3nica Cazalis","article_publisher":"https:\/\/www.facebook.com\/EsteticaVeronicaCazalis","article_modified_time":"2026-03-09T11:20:32+00:00","twitter_card":"summary_large_image","twitter_misc":{"Est. reading time":"3 minutua"},"schema":{"@context":"https:\/\/schema.org","@graph":[{"@type":"WebPage","@id":"https:\/\/www.veronicacazalis.com\/eu\/vip-erritualak\/","url":"https:\/\/www.veronicacazalis.com\/eu\/vip-erritualak\/","name":"VIP aurpegiko tratamenduak Zarautzen","isPartOf":{"@id":"https:\/\/www.veronicacazalis.com\/#website"},"datePublished":"2026-03-09T11:20:29+00:00","dateModified":"2026-03-09T11:20:32+00:00","description":"Aurpegia garbitzeko tratamenduak, zimurren aurkakoak, orbanen aurkakoak, peelinga, mesoterapia eta tinkatzaileak Zarautzen","breadcrumb":{"@id":"https:\/\/www.veronicacazalis.com\/eu\/vip-erritualak\/#breadcrumb"},"inLanguage":"eu","potentialAction":[{"@type":"ReadAction","target":["https:\/\/www.veronicacazalis.com\/eu\/vip-erritualak\/"]}]},{"@type":"BreadcrumbList","@id":"https:\/\/www.veronicacazalis.com\/eu\/vip-erritualak\/#breadcrumb","itemListElement":[{"@type":"ListItem","position":1,"name":"Portada","item":"https:\/\/www.veronicacazalis.com\/eu\/"},{"@type":"ListItem","position":2,"name":"VIP erritualak"}]},{"@type":"WebSite","@id":"https:\/\/www.veronicacazalis.com\/#website","url":"https:\/\/www.veronicacazalis.com\/","name":"Ver\u00f3nica Cazalis","description":"Centro de Est\u00e9tica y Kinesiolog\u00eda.","publisher":{"@id":"https:\/\/www.veronicacazalis.com\/#organization"},"potentialAction":[{"@type":"SearchAction","target":{"@type":"EntryPoint","urlTemplate":"https:\/\/www.veronicacazalis.com\/?s={search_term_string}"},"query-input":{"@type":"PropertyValueSpecification","valueRequired":true,"valueName":"search_term_string"}}],"inLanguage":"eu"},{"@type":"Organization","@id":"https:\/\/www.veronicacazalis.com\/#organization","name":"Ver\u00f3nica Caz\u00e1lis Est\u00e9tica y Kinesiolog\u00eda","alternateName":"Ver\u00f3nica Cazalis Salon de belleza","url":"https:\/\/www.veronicacazalis.com\/","logo":{"@type":"ImageObject","inLanguage":"eu","@id":"https:\/\/www.veronicacazalis.com\/#\/schema\/logo\/image\/","url":"https:\/\/www.veronicacazalis.com\/wp-content\/uploads\/2025\/12\/cropped-foto-web-Centro-17.jpg","contentUrl":"https:\/\/www.veronicacazalis.com\/wp-content\/uploads\/2025\/12\/cropped-foto-web-Centro-17.jpg","width":512,"height":512,"caption":"Ver\u00f3nica Caz\u00e1lis Est\u00e9tica y Kinesiolog\u00eda"},"image":{"@id":"https:\/\/www.veronicacazalis.com\/#\/schema\/logo\/image\/"},"sameAs":["https:\/\/www.facebook.com\/EsteticaVeronicaCazalis","https:\/\/www.instagram.com\/veronicacazalis\/","https:\/\/www.linkedin.com\/company\/ver\u00f3nica-cazalis\/","https:\/\/www.youtube.com\/c\/VeronicaCazalis\/"]}]}},"_links":{"self":[{"href":"https:\/\/www.veronicacazalis.com\/eu\/wp-json\/wp\/v2\/pages\/45893","targetHints":{"allow":["GET"]}}],"collection":[{"href":"https:\/\/www.veronicacazalis.com\/eu\/wp-json\/wp\/v2\/pages"}],"about":[{"href":"https:\/\/www.veronicacazalis.com\/eu\/wp-json\/wp\/v2\/types\/page"}],"author":[{"embeddable":true,"href":"https:\/\/www.veronicacazalis.com\/eu\/wp-json\/wp\/v2\/users\/1"}],"replies":[{"embeddable":true,"href":"https:\/\/www.veronicacazalis.com\/eu\/wp-json\/wp\/v2\/comments?post=45893"}],"version-history":[{"count":3,"href":"https:\/\/www.veronicacazalis.com\/eu\/wp-json\/wp\/v2\/pages\/45893\/revisions"}],"predecessor-version":[{"id":45897,"href":"https:\/\/www.veronicacazalis.com\/eu\/wp-json\/wp\/v2\/pages\/45893\/revisions\/45897"}],"wp:attachment":[{"href":"https:\/\/www.veronicacazalis.com\/eu\/wp-json\/wp\/v2\/media?parent=45893"}],"curies":[{"name":"wp","href":"https:\/\/api.w.org\/{rel}","templated":true}]}}