{"id":45873,"date":"2026-03-09T10:44:33","date_gmt":"2026-03-09T10:44:33","guid":{"rendered":"https:\/\/www.veronicacazalis.com\/ongizatea-oparitu\/"},"modified":"2026-03-09T10:44:36","modified_gmt":"2026-03-09T10:44:36","slug":"ongizatea-oparitu","status":"publish","type":"page","link":"https:\/\/www.veronicacazalis.com\/eu\/ongizatea-oparitu\/","title":{"rendered":"Ongizatea oparitu"},"content":{"rendered":"<div class=\"wpb-content-wrapper\"><p>[vc_row row_type=&#8221;row&#8221; use_row_as_full_screen_section=&#8221;no&#8221; type=&#8221;full_width&#8221; oblique_section=&#8221;no&#8221; text_align=&#8221;left&#8221; padding_top=&#8221;45&#8243; padding_bottom=&#8221;45&#8243; css_animation=&#8221;&#8221;][vc_column][vc_column_text]<\/p>\n<h4><\/h4>\n<h3 style=\"text-align: center;\">Opari desberdin bat beti erlojuaren kontra doan batentzat:<\/h3>\n<h3 style=\"text-align: center;\">norberarentzako denbora, zaintza eta atseden gidatua.<\/h3>\n<h4 style=\"text-align: center;\"><strong> Creamos cheques regalo personalizados seg\u00fan la persona, su momento vital y sus necesidades.<\/strong><\/h4>\n<p>[\/vc_column_text][\/vc_column][\/vc_row][vc_row row_type=&#8221;row&#8221; use_row_as_full_screen_section=&#8221;no&#8221; type=&#8221;full_width&#8221; oblique_section=&#8221;no&#8221; text_align=&#8221;left&#8221; padding_top=&#8221;45&#8243; padding_bottom=&#8221;45&#8243; css_animation=&#8221;element_from_fade&#8221;][vc_column width=&#8221;1\/2&#8243;][vc_column_text]<\/p>\n<h3 style=\"text-align: center;\"><strong>AURKITU AXOLA ZAIZUN GUZTIA EMANGO DION OPARI HORI<\/strong><\/h3>\n<p>[\/vc_column_text][vc_empty_space height=&#8221;20px&#8221; image_repeat=&#8221;no-repeat&#8221;][vc_column_text]<\/p>\n<ul>\n<li data-start=\"1645\" data-end=\"1765\">\n<ul>\n<li data-start=\"6141\" data-end=\"6236\">\n<p data-start=\"6143\" data-end=\"6236\">Opari-txeke irekiak<br data-start=\"6170\" data-end=\"6173\">Zuk erabakitzen duzu zenbatekoa, berak tratamendua gure laguntzarekin. <a style=\"color: #ff1c8e;\" href=\"https:\/\/www.veronicacazalis.com\/eu\/opari-bonu-irekiak\/\" target=\"_blank\" rel=\"noopener\">Ikusi gehiago&#8230;<\/a><\/p>\n<\/li>\n<li data-start=\"6238\" data-end=\"6314\">\n<p data-start=\"6240\" data-end=\"6314\">Aurpegiko esperientziak<br data-start=\"6265\" data-end=\"6268\">Argia, atsedena eta aurpegiari mimoa oparitzeko.<a style=\"color: #ff1c8e;\" href=\"https:\/\/www.veronicacazalis.com\/eu\/aurpegiko-esperientziak\/\" target=\"_blank\" rel=\"noopener\"> Ikusi gehiago&#8230;<\/a><\/p>\n<\/li>\n<li data-start=\"6316\" data-end=\"6413\">\n<p data-start=\"6318\" data-end=\"6413\">Gorputz-esperientziak eta masajeak<br data-start=\"6355\" data-end=\"6358\">Tentsioak arintzeko eta gorputza arinago sentitzeko.<a style=\"color: #ff1c8e;\" href=\"https:\/\/www.veronicacazalis.com\/eu\/gorputz-esperientziak-eta-masajeak\/\" target=\"_blank\" rel=\"noopener\"> Ikusi gehiago&#8230;<\/a><\/p>\n<\/li>\n<li data-start=\"6415\" data-end=\"6513\">\n<p data-start=\"6417\" data-end=\"6513\">Opariak haurdunaldirako eta erditze ondorenerako<br data-start=\"6436\" data-end=\"6439\">Pertsonaren eta okasioaren arabera ideala eta errespetuzkoena aukeratzen lagunduko dizugu. <a style=\"color: #ff1c8e;\" href=\"https:\/\/www.veronicacazalis.com\/regalos-para-embarazo-y-post-parto\/\" target=\"_blank\" rel=\"noopener\">Ikusi gehiago&#8230;<\/a><\/p>\n<\/li>\n<\/ul>\n<\/li>\n<\/ul>\n<p>[\/vc_column_text][vc_row_inner row_type=&#8221;row&#8221; type=&#8221;full_width&#8221; use_row_as_full_screen_section_slide=&#8221;no&#8221; text_align=&#8221;left&#8221; css_animation=&#8221;&#8221;][vc_column_inner][no_elements_holder number_of_columns=&#8221;one_column&#8221;][no_elements_holder_item aligment=&#8221;left&#8221; advanced_animations=&#8221;no&#8221;]<div class='q_icon_with_title  normal_icon left_from_title'><div class=\"icon_title_holder\"><div class=\"icon_holder \" style=\"margin: 0PX -20px 0px 0px; \"><div class=\"icon_holder_inner\"><span class=\"qode_icon_stack qode_tiny_icon \" style=\"font-size: 20px;\"><i class=\"qode_icon_linea_icon icon-basic-clock icon_text_icon qode_icon_stack_1x\" style=\"font-size: 20px;\" ><\/i><\/span><\/div><\/div><div class=\"icon_title_inner_holder\"><h4 class=\"icon_title \" style=\"\"><\/h4><\/div><\/div><div class=\"icon_text_holder\"><div class=\"icon_text_inner\" style=\"\"><p style=''><\/p><\/div><\/div><\/div>[\/no_elements_holder_item][no_elements_holder_item aligment=&#8221;left&#8221; advanced_animations=&#8221;no&#8221;]<div class='q_icon_with_title  normal_icon left_from_title'><div class=\"icon_title_holder\"><div class=\"icon_holder \" style=\"margin: 0PX -20px 0px 0px; \"><div class=\"icon_holder_inner\"><span class=\"qode_icon_stack qode_tiny_icon \" style=\"font-size: 20px;\"><i class=\"qode_icon_linea_icon icon-ecommerce-sale icon_text_icon qode_icon_stack_1x\" style=\"font-size: 20px;\" ><\/i><\/span><\/div><\/div><div class=\"icon_title_inner_holder\"><h4 class=\"icon_title \" style=\"\"><\/h4><\/div><\/div><div class=\"icon_text_holder\"><div class=\"icon_text_inner\" style=\"\"><p style=''><\/p><\/div><\/div><\/div>[\/no_elements_holder_item][\/no_elements_holder][\/vc_column_inner][\/vc_row_inner][\/vc_column][vc_column width=&#8221;1\/2&#8243;][vc_single_image image=&#8221;45233&#8243; img_size=&#8221;full&#8221; alignment=&#8221;right&#8221; qode_css_animation=&#8221;&#8221;][\/vc_column][\/vc_row][vc_row row_type=&#8221;row&#8221; use_row_as_full_screen_section=&#8221;no&#8221; type=&#8221;full_width&#8221; oblique_section=&#8221;no&#8221; text_align=&#8221;left&#8221; css_animation=&#8221;&#8221;][vc_column][vc_btn title=&#8221;Txartel bat nahi dut&#8230;&#8221; color=&#8221;chino&#8221; i_icon_fontawesome=&#8221;fab fa-whatsapp&#8221; add_icon=&#8221;true&#8221; link=&#8221;url:https%3A%2F%2Fwa.me%2F34695700921%3Ftext%3DHola%252C%2520me%2520gustar%25C3%25ADa%2520reservar%2520un%2520diagn%25C3%25B3stico%2520kinesiol%C3%B3gico|title:Opari-txartel%20bat%20nahi%20dut|target:_blank|&#8221;][\/vc_column][\/vc_row]<\/p>\n<\/div>","protected":false},"excerpt":{"rendered":"<p>[vc_row row_type=&#8221;row&#8221; use_row_as_full_screen_section=&#8221;no&#8221; type=&#8221;full_width&#8221; oblique_section=&#8221;no&#8221; text_align=&#8221;left&#8221; padding_top=&#8221;45&#8243; padding_bottom=&#8221;45&#8243; css_animation=&#8221;&#8221;][vc_column][vc_column_text] Opari desberdin bat beti erlojuaren kontra doan batentzat: norberarentzako denbora, zaintza eta atseden gidatua. Creamos cheques regalo personalizados seg\u00fan la persona, su momento vital y sus necesidades. [\/vc_column_text][\/vc_column][\/vc_row][vc_row row_type=&#8221;row&#8221; use_row_as_full_screen_section=&#8221;no&#8221; type=&#8221;full_width&#8221; oblique_section=&#8221;no&#8221; text_align=&#8221;left&#8221; padding_top=&#8221;45&#8243; padding_bottom=&#8221;45&#8243; css_animation=&#8221;element_from_fade&#8221;][vc_column&#8230;<\/p>\n","protected":false},"author":1,"featured_media":0,"parent":0,"menu_order":0,"comment_status":"open","ping_status":"open","template":"","meta":{"_monsterinsights_skip_tracking":false,"_monsterinsights_sitenote_active":false,"_monsterinsights_sitenote_note":"","_monsterinsights_sitenote_category":0,"_joinchat":[],"footnotes":""},"class_list":["post-45873","page","type-page","status-publish","hentry"],"yoast_head":"<!-- This site is optimized with the Yoast SEO plugin v27.5 - https:\/\/yoast.com\/product\/yoast-seo-wordpress\/ -->\n<title>Ongizatea oparitu Zarautzen | Opari-bonuak Ver\u00f3nica Cazalis<\/title>\n<meta name=\"description\" content=\"Ongizatea oparitu Zarautzen: Ver\u00f3nica Cazalisen opari-bonuak aurpegirako, masajeetarako eta erritualetarako. Sentitzen den xehetasun bat. Erostea edo erreserbatzea.\" \/>\n<meta name=\"robots\" content=\"index, follow, max-snippet:-1, max-image-preview:large, max-video-preview:-1\" \/>\n<link rel=\"canonical\" href=\"https:\/\/www.veronicacazalis.com\/eu\/ongizatea-oparitu\/\" \/>\n<meta property=\"og:locale\" content=\"en_US\" \/>\n<meta property=\"og:type\" content=\"article\" \/>\n<meta property=\"og:title\" content=\"Ongizatea oparitu Zarautzen | Opari-bonuak Ver\u00f3nica Cazalis\" \/>\n<meta property=\"og:description\" content=\"Ongizatea oparitu Zarautzen: Ver\u00f3nica Cazalisen opari-bonuak aurpegirako, masajeetarako eta erritualetarako. Sentitzen den xehetasun bat. Erostea edo erreserbatzea.\" \/>\n<meta property=\"og:url\" content=\"https:\/\/www.veronicacazalis.com\/eu\/ongizatea-oparitu\/\" \/>\n<meta property=\"og:site_name\" content=\"Ver\u00f3nica Cazalis\" \/>\n<meta property=\"article:publisher\" content=\"https:\/\/www.facebook.com\/EsteticaVeronicaCazalis\" \/>\n<meta property=\"article:modified_time\" content=\"2026-03-09T10:44:36+00:00\" \/>\n<meta name=\"twitter:card\" content=\"summary_large_image\" \/>\n<meta name=\"twitter:label1\" content=\"Est. reading time\" \/>\n\t<meta name=\"twitter:data1\" content=\"2 minutua\" \/>\n<script type=\"application\/ld+json\" class=\"yoast-schema-graph\">{\"@context\":\"https:\\\/\\\/schema.org\",\"@graph\":[{\"@type\":\"WebPage\",\"@id\":\"https:\\\/\\\/www.veronicacazalis.com\\\/eu\\\/ongizatea-oparitu\\\/\",\"url\":\"https:\\\/\\\/www.veronicacazalis.com\\\/eu\\\/ongizatea-oparitu\\\/\",\"name\":\"Ongizatea oparitu Zarautzen | Opari-bonuak Ver\u00f3nica Cazalis\",\"isPartOf\":{\"@id\":\"https:\\\/\\\/www.veronicacazalis.com\\\/#website\"},\"datePublished\":\"2026-03-09T10:44:33+00:00\",\"dateModified\":\"2026-03-09T10:44:36+00:00\",\"description\":\"Ongizatea oparitu Zarautzen: Ver\u00f3nica Cazalisen opari-bonuak aurpegirako, masajeetarako eta erritualetarako. Sentitzen den xehetasun bat. Erostea edo erreserbatzea.\",\"breadcrumb\":{\"@id\":\"https:\\\/\\\/www.veronicacazalis.com\\\/eu\\\/ongizatea-oparitu\\\/#breadcrumb\"},\"inLanguage\":\"eu\",\"potentialAction\":[{\"@type\":\"ReadAction\",\"target\":[\"https:\\\/\\\/www.veronicacazalis.com\\\/eu\\\/ongizatea-oparitu\\\/\"]}]},{\"@type\":\"BreadcrumbList\",\"@id\":\"https:\\\/\\\/www.veronicacazalis.com\\\/eu\\\/ongizatea-oparitu\\\/#breadcrumb\",\"itemListElement\":[{\"@type\":\"ListItem\",\"position\":1,\"name\":\"Portada\",\"item\":\"https:\\\/\\\/www.veronicacazalis.com\\\/eu\\\/\"},{\"@type\":\"ListItem\",\"position\":2,\"name\":\"Ongizatea oparitu\"}]},{\"@type\":\"WebSite\",\"@id\":\"https:\\\/\\\/www.veronicacazalis.com\\\/#website\",\"url\":\"https:\\\/\\\/www.veronicacazalis.com\\\/\",\"name\":\"Ver\u00f3nica Cazalis\",\"description\":\"Centro de Est\u00e9tica y Kinesiolog\u00eda.\",\"publisher\":{\"@id\":\"https:\\\/\\\/www.veronicacazalis.com\\\/#organization\"},\"potentialAction\":[{\"@type\":\"SearchAction\",\"target\":{\"@type\":\"EntryPoint\",\"urlTemplate\":\"https:\\\/\\\/www.veronicacazalis.com\\\/?s={search_term_string}\"},\"query-input\":{\"@type\":\"PropertyValueSpecification\",\"valueRequired\":true,\"valueName\":\"search_term_string\"}}],\"inLanguage\":\"eu\"},{\"@type\":\"Organization\",\"@id\":\"https:\\\/\\\/www.veronicacazalis.com\\\/#organization\",\"name\":\"Ver\u00f3nica Caz\u00e1lis Est\u00e9tica y Kinesiolog\u00eda\",\"alternateName\":\"Ver\u00f3nica Cazalis Salon de belleza\",\"url\":\"https:\\\/\\\/www.veronicacazalis.com\\\/\",\"logo\":{\"@type\":\"ImageObject\",\"inLanguage\":\"eu\",\"@id\":\"https:\\\/\\\/www.veronicacazalis.com\\\/#\\\/schema\\\/logo\\\/image\\\/\",\"url\":\"https:\\\/\\\/www.veronicacazalis.com\\\/wp-content\\\/uploads\\\/2025\\\/12\\\/cropped-foto-web-Centro-17.jpg\",\"contentUrl\":\"https:\\\/\\\/www.veronicacazalis.com\\\/wp-content\\\/uploads\\\/2025\\\/12\\\/cropped-foto-web-Centro-17.jpg\",\"width\":512,\"height\":512,\"caption\":\"Ver\u00f3nica Caz\u00e1lis Est\u00e9tica y Kinesiolog\u00eda\"},\"image\":{\"@id\":\"https:\\\/\\\/www.veronicacazalis.com\\\/#\\\/schema\\\/logo\\\/image\\\/\"},\"sameAs\":[\"https:\\\/\\\/www.facebook.com\\\/EsteticaVeronicaCazalis\",\"https:\\\/\\\/www.instagram.com\\\/veronicacazalis\\\/\",\"https:\\\/\\\/www.linkedin.com\\\/company\\\/ver\u00f3nica-cazalis\\\/\",\"https:\\\/\\\/www.youtube.com\\\/c\\\/VeronicaCazalis\\\/\"]}]}<\/script>\n<!-- \/ Yoast SEO plugin. -->","yoast_head_json":{"title":"Ongizatea oparitu Zarautzen | Opari-bonuak Ver\u00f3nica Cazalis","description":"Ongizatea oparitu Zarautzen: Ver\u00f3nica Cazalisen opari-bonuak aurpegirako, masajeetarako eta erritualetarako. Sentitzen den xehetasun bat. Erostea edo erreserbatzea.","robots":{"index":"index","follow":"follow","max-snippet":"max-snippet:-1","max-image-preview":"max-image-preview:large","max-video-preview":"max-video-preview:-1"},"canonical":"https:\/\/www.veronicacazalis.com\/eu\/ongizatea-oparitu\/","og_locale":"en_US","og_type":"article","og_title":"Ongizatea oparitu Zarautzen | Opari-bonuak Ver\u00f3nica Cazalis","og_description":"Ongizatea oparitu Zarautzen: Ver\u00f3nica Cazalisen opari-bonuak aurpegirako, masajeetarako eta erritualetarako. Sentitzen den xehetasun bat. Erostea edo erreserbatzea.","og_url":"https:\/\/www.veronicacazalis.com\/eu\/ongizatea-oparitu\/","og_site_name":"Ver\u00f3nica Cazalis","article_publisher":"https:\/\/www.facebook.com\/EsteticaVeronicaCazalis","article_modified_time":"2026-03-09T10:44:36+00:00","twitter_card":"summary_large_image","twitter_misc":{"Est. reading time":"2 minutua"},"schema":{"@context":"https:\/\/schema.org","@graph":[{"@type":"WebPage","@id":"https:\/\/www.veronicacazalis.com\/eu\/ongizatea-oparitu\/","url":"https:\/\/www.veronicacazalis.com\/eu\/ongizatea-oparitu\/","name":"Ongizatea oparitu Zarautzen | Opari-bonuak Ver\u00f3nica Cazalis","isPartOf":{"@id":"https:\/\/www.veronicacazalis.com\/#website"},"datePublished":"2026-03-09T10:44:33+00:00","dateModified":"2026-03-09T10:44:36+00:00","description":"Ongizatea oparitu Zarautzen: Ver\u00f3nica Cazalisen opari-bonuak aurpegirako, masajeetarako eta erritualetarako. Sentitzen den xehetasun bat. Erostea edo erreserbatzea.","breadcrumb":{"@id":"https:\/\/www.veronicacazalis.com\/eu\/ongizatea-oparitu\/#breadcrumb"},"inLanguage":"eu","potentialAction":[{"@type":"ReadAction","target":["https:\/\/www.veronicacazalis.com\/eu\/ongizatea-oparitu\/"]}]},{"@type":"BreadcrumbList","@id":"https:\/\/www.veronicacazalis.com\/eu\/ongizatea-oparitu\/#breadcrumb","itemListElement":[{"@type":"ListItem","position":1,"name":"Portada","item":"https:\/\/www.veronicacazalis.com\/eu\/"},{"@type":"ListItem","position":2,"name":"Ongizatea oparitu"}]},{"@type":"WebSite","@id":"https:\/\/www.veronicacazalis.com\/#website","url":"https:\/\/www.veronicacazalis.com\/","name":"Ver\u00f3nica Cazalis","description":"Centro de Est\u00e9tica y Kinesiolog\u00eda.","publisher":{"@id":"https:\/\/www.veronicacazalis.com\/#organization"},"potentialAction":[{"@type":"SearchAction","target":{"@type":"EntryPoint","urlTemplate":"https:\/\/www.veronicacazalis.com\/?s={search_term_string}"},"query-input":{"@type":"PropertyValueSpecification","valueRequired":true,"valueName":"search_term_string"}}],"inLanguage":"eu"},{"@type":"Organization","@id":"https:\/\/www.veronicacazalis.com\/#organization","name":"Ver\u00f3nica Caz\u00e1lis Est\u00e9tica y Kinesiolog\u00eda","alternateName":"Ver\u00f3nica Cazalis Salon de belleza","url":"https:\/\/www.veronicacazalis.com\/","logo":{"@type":"ImageObject","inLanguage":"eu","@id":"https:\/\/www.veronicacazalis.com\/#\/schema\/logo\/image\/","url":"https:\/\/www.veronicacazalis.com\/wp-content\/uploads\/2025\/12\/cropped-foto-web-Centro-17.jpg","contentUrl":"https:\/\/www.veronicacazalis.com\/wp-content\/uploads\/2025\/12\/cropped-foto-web-Centro-17.jpg","width":512,"height":512,"caption":"Ver\u00f3nica Caz\u00e1lis Est\u00e9tica y Kinesiolog\u00eda"},"image":{"@id":"https:\/\/www.veronicacazalis.com\/#\/schema\/logo\/image\/"},"sameAs":["https:\/\/www.facebook.com\/EsteticaVeronicaCazalis","https:\/\/www.instagram.com\/veronicacazalis\/","https:\/\/www.linkedin.com\/company\/ver\u00f3nica-cazalis\/","https:\/\/www.youtube.com\/c\/VeronicaCazalis\/"]}]}},"_links":{"self":[{"href":"https:\/\/www.veronicacazalis.com\/eu\/wp-json\/wp\/v2\/pages\/45873","targetHints":{"allow":["GET"]}}],"collection":[{"href":"https:\/\/www.veronicacazalis.com\/eu\/wp-json\/wp\/v2\/pages"}],"about":[{"href":"https:\/\/www.veronicacazalis.com\/eu\/wp-json\/wp\/v2\/types\/page"}],"author":[{"embeddable":true,"href":"https:\/\/www.veronicacazalis.com\/eu\/wp-json\/wp\/v2\/users\/1"}],"replies":[{"embeddable":true,"href":"https:\/\/www.veronicacazalis.com\/eu\/wp-json\/wp\/v2\/comments?post=45873"}],"version-history":[{"count":3,"href":"https:\/\/www.veronicacazalis.com\/eu\/wp-json\/wp\/v2\/pages\/45873\/revisions"}],"predecessor-version":[{"id":45877,"href":"https:\/\/www.veronicacazalis.com\/eu\/wp-json\/wp\/v2\/pages\/45873\/revisions\/45877"}],"wp:attachment":[{"href":"https:\/\/www.veronicacazalis.com\/eu\/wp-json\/wp\/v2\/media?parent=45873"}],"curies":[{"name":"wp","href":"https:\/\/api.w.org\/{rel}","templated":true}]}}