{"id":45784,"date":"2026-03-06T09:45:39","date_gmt":"2026-03-06T09:45:39","guid":{"rendered":"https:\/\/www.veronicacazalis.com\/faciales-essentials\/"},"modified":"2026-03-06T09:45:42","modified_gmt":"2026-03-06T09:45:42","slug":"faciales-essentials","status":"publish","type":"page","link":"https:\/\/www.veronicacazalis.com\/eu\/faciales-essentials\/","title":{"rendered":"Faciales Essentials"},"content":{"rendered":"<div class=\"wpb-content-wrapper\"><p>[vc_row row_type=&#8221;row&#8221; use_row_as_full_screen_section=&#8221;no&#8221; type=&#8221;full_width&#8221; oblique_section=&#8221;no&#8221; text_align=&#8221;left&#8221; padding_top=&#8221;45&#8243; padding_bottom=&#8221;45&#8243; css_animation=&#8221;element_from_fade&#8221;][vc_column width=&#8221;1\/2&#8243;][vc_column_text]<\/p>\n<h3><strong>SKIN RELAXANT<\/strong><\/h3>\n<p>[\/vc_column_text][vc_column_text]<\/p>\n<p><span style=\"color: #68554f;\">Yellow Rose<\/span><\/p>\n<p>[\/vc_column_text][vc_empty_space height=&#8221;20px&#8221; image_repeat=&#8221;no-repeat&#8221;][vc_column_text]<\/p>\n<div class=\"col-text-1 text-normal element-top-20 element-bottom-20\" data-os-animation=\"none\" data-os-animation-delay=\"0s\">\n<p><strong>Skin Relaxant &#8220;Botox efektua&#8221;<\/strong><\/p>\n<\/div>\n<div class=\"col-text-1 text-normal element-top-20 element-bottom-20\" data-os-animation=\"none\" data-os-animation-delay=\"0s\">\n<p>Larruazal leun, biziberritu eta argitsu baterako zimurren aurkako tratamendua. Sinergietako osagai aktibo hautatuetan oinarritua. <\/p>\n<\/div>\n<ul class=\"skills-list normal element-top-0 element-bottom-0 text-normal\" data-os-animation=\"none\" data-os-animation-delay=\"0s\">\n<li>Borrokatu &#8220;Botox efektua&#8221; adierazpen-lerroak<\/li>\n<li>Zimurren aurkako ekintza<\/li>\n<li>Elastikotasuna eta argitasuna ematen ditu<\/li>\n<li>Gaztetu eta leundu egiten du<\/li>\n<li>Kolagenoaren biosintesia estimulatzen du<\/li>\n<\/ul>\n<p>Argireline delakoak (hexapeptidoa), Matrixyl-arekin batera, nabarmen murrizten ditu aurpegiko muskulu-uzkurdurak.<\/p>\n<p>Osatu etxean Skin Relaxant Serum + Skin Relaxant cream.[\/vc_column_text][vc_row_inner row_type=&#8221;row&#8221; type=&#8221;full_width&#8221; use_row_as_full_screen_section_slide=&#8221;no&#8221; text_align=&#8221;left&#8221; css_animation=&#8221;&#8221;][vc_column_inner][no_elements_holder number_of_columns=&#8221;one_column&#8221;][no_elements_holder_item aligment=&#8221;left&#8221; advanced_animations=&#8221;no&#8221;]<div class='q_icon_with_title  normal_icon left_from_title'><div class=\"icon_title_holder\"><div class=\"icon_holder \" style=\"margin: 0PX -20px 0px 0px; \"><div class=\"icon_holder_inner\"><span class=\"qode_icon_stack qode_tiny_icon \" style=\"font-size: 20px;\"><i class=\"qode_icon_linea_icon icon-basic-clock icon_text_icon qode_icon_stack_1x\" style=\"font-size: 20px;\" ><\/i><\/span><\/div><\/div><div class=\"icon_title_inner_holder\"><h4 class=\"icon_title \" style=\"\">55 min<\/h4><\/div><\/div><div class=\"icon_text_holder\"><div class=\"icon_text_inner\" style=\"\"><p style=''><\/p><\/div><\/div><\/div>[\/no_elements_holder_item][no_elements_holder_item aligment=&#8221;left&#8221; advanced_animations=&#8221;no&#8221;]<div class='q_icon_with_title  normal_icon left_from_title'><div class=\"icon_title_holder\"><div class=\"icon_holder \" style=\"margin: 0PX -20px 0px 0px; \"><div class=\"icon_holder_inner\"><span class=\"qode_icon_stack qode_tiny_icon \" style=\"font-size: 20px;\"><i class=\"qode_icon_linea_icon icon-ecommerce-sale icon_text_icon qode_icon_stack_1x\" style=\"font-size: 20px;\" ><\/i><\/span><\/div><\/div><div class=\"icon_title_inner_holder\"><h4 class=\"icon_title \" style=\"\">82 \u20ac<\/h4><\/div><\/div><div class=\"icon_text_holder\"><div class=\"icon_text_inner\" style=\"\"><p style=''><\/p><\/div><\/div><\/div>[\/no_elements_holder_item][\/no_elements_holder][\/vc_column_inner][\/vc_row_inner][\/vc_column][vc_column width=&#8221;1\/2&#8243;][vc_single_image image=&#8221;45781&#8243; img_size=&#8221;full&#8221; qode_css_animation=&#8221;&#8221;][\/vc_column][\/vc_row][vc_row row_type=&#8221;row&#8221; use_row_as_full_screen_section=&#8221;no&#8221; type=&#8221;full_width&#8221; oblique_section=&#8221;no&#8221; text_align=&#8221;left&#8221; padding_top=&#8221;45&#8243; padding_bottom=&#8221;45&#8243; css_animation=&#8221;element_from_fade&#8221;][vc_column width=&#8221;1\/2&#8243; css=&#8221;.vc_custom_1768840276872{margin-bottom: 20px !important;}&#8221; el_class=&#8221;derecha&#8221;][vc_column_text]<\/p>\n<h3><strong>AURPEGIKO TRATAMENDU BIOINFORMATIBOA<\/strong><\/h3>\n<p>[\/vc_column_text][vc_column_text]<\/p>\n<p><span style=\"color: #68554f;\">Energy<\/span><\/p>\n<p>[\/vc_column_text][vc_empty_space height=&#8221;20px&#8221; image_repeat=&#8221;no-repeat&#8221;][vc_column_text]<\/p>\n<p style=\"text-align: justify;\">Tratamendu birsortzaile ez-konbentzionala eta alternatiboa bilatzen duten pertsonentzat da egokia. Kremen elaborazioa medikuntza txinatarraren milaka urteko ezagutzetan oinarritzen da. Horietako bakoitzean elementuak (ura, egurra, sua, lurra eta metala) medikuntza bioinformatiboaren teknologiarik aurreratuenarekin eta fitoterapiaren, kristaloterapiaren, bioresonantziaren eta psikotronikaren ezagutzekin bat eginda daude. Hala, haren bibrazioak informazioa, oreka eta harmonia ematen dio gorputzari, eta horrek energia-egoera hobetzen du.   <\/p>\n<p>[\/vc_column_text][vc_row_inner row_type=&#8221;row&#8221; type=&#8221;full_width&#8221; use_row_as_full_screen_section_slide=&#8221;no&#8221; text_align=&#8221;left&#8221; css_animation=&#8221;&#8221;][vc_column_inner][no_elements_holder number_of_columns=&#8221;one_column&#8221;][no_elements_holder_item aligment=&#8221;left&#8221; advanced_animations=&#8221;no&#8221;]<div class='q_icon_with_title  normal_icon left_from_title'><div class=\"icon_title_holder\"><div class=\"icon_holder \" style=\"margin: 0PX -20px 0px 0px; \"><div class=\"icon_holder_inner\"><span class=\"qode_icon_stack qode_tiny_icon \" style=\"font-size: 20px;\"><i class=\"qode_icon_linea_icon icon-basic-clock icon_text_icon qode_icon_stack_1x\" style=\"font-size: 20px;\" ><\/i><\/span><\/div><\/div><div class=\"icon_title_inner_holder\"><h4 class=\"icon_title \" style=\"\">55 min<\/h4><\/div><\/div><div class=\"icon_text_holder\"><div class=\"icon_text_inner\" style=\"\"><p style=''><\/p><\/div><\/div><\/div>[\/no_elements_holder_item][no_elements_holder_item aligment=&#8221;left&#8221; advanced_animations=&#8221;no&#8221;]<div class='q_icon_with_title  normal_icon left_from_title'><div class=\"icon_title_holder\"><div class=\"icon_holder \" style=\"margin: 0PX -20px 0px 0px; \"><div class=\"icon_holder_inner\"><span class=\"qode_icon_stack qode_tiny_icon \" style=\"font-size: 20px;\"><i class=\"qode_icon_linea_icon icon-ecommerce-sale icon_text_icon qode_icon_stack_1x\" style=\"font-size: 20px;\" ><\/i><\/span><\/div><\/div><div class=\"icon_title_inner_holder\"><h4 class=\"icon_title \" style=\"\">82\u20ac<\/h4><\/div><\/div><div class=\"icon_text_holder\"><div class=\"icon_text_inner\" style=\"\"><p style=''><\/p><\/div><\/div><\/div>[\/no_elements_holder_item][\/no_elements_holder][\/vc_column_inner][\/vc_row_inner][\/vc_column][vc_column width=&#8221;1\/2&#8243;][vc_single_image image=&#8221;45782&#8243; img_size=&#8221;full&#8221; alignment=&#8221;center&#8221; qode_css_animation=&#8221;&#8221;][\/vc_column][\/vc_row][vc_row row_type=&#8221;row&#8221; use_row_as_full_screen_section=&#8221;no&#8221; type=&#8221;full_width&#8221; oblique_section=&#8221;no&#8221; text_align=&#8221;left&#8221; padding_top=&#8221;45&#8243; padding_bottom=&#8221;45&#8243; css_animation=&#8221;element_from_fade&#8221;][vc_column width=&#8221;1\/2&#8243; css=&#8221;.vc_custom_1607028964963{margin-bottom: 20px !important;}&#8221;][vc_column_text]<\/p>\n<h3><strong>SENSITIVE SKIN CARE<\/strong><\/h3>\n<p>[\/vc_column_text][vc_column_text]Yellow Rose[\/vc_column_text][vc_empty_space height=&#8221;20px&#8221; image_repeat=&#8221;no-repeat&#8221;][vc_column_text]<\/p>\n<p style=\"text-align: justify;\">Larruazal oso sentikorrak eta suminkorrak dituzten pertsonentzat bereziki egokia den aurpegiko tratamendua. Yellow Rose-ren Sensitive Skin Care linea larru delikatuenak lasaitzeko, hidratatzeko eta babesteko diseinatuta dago. <\/p>\n<ul>\n<li style=\"text-align: justify;\">Larruazal sentikorren tratamendu hau lasaigarria, indargarria eta dermobabesgarri epidermikoa da, eta zure azalaren erosotasun naturala itzuliko du.<\/li>\n<li style=\"text-align: justify;\">Babes-hesi gisa jarduten du hotz-garaian eta tenperatura-aldaketetan.<\/li>\n<li style=\"text-align: justify;\">Larruazal sentikorretarako, deshidratatuetarako, gorrixkekin eta kouperosiarekin. Adin eta larru mota guztietarako. <\/li>\n<\/ul>\n<p>Azal distiratsu, malgu eta distira bikaineko baten plazera aurkituko du. Yellow Roseko Sensitive Skin Care: zure azalak egunero merezi duen luxua. <\/p>\n<p>Osatu etxean Sensitive Skin Care kosmetikarekin eta aldea sentituko duzu.[\/vc_column_text][vc_row_inner row_type=&#8221;row&#8221; type=&#8221;full_width&#8221; use_row_as_full_screen_section_slide=&#8221;no&#8221; text_align=&#8221;left&#8221; css_animation=&#8221;&#8221;][vc_column_inner][no_elements_holder number_of_columns=&#8221;one_column&#8221;][no_elements_holder_item aligment=&#8221;left&#8221; advanced_animations=&#8221;no&#8221;]<div class='q_icon_with_title  normal_icon left_from_title'><div class=\"icon_title_holder\"><div class=\"icon_holder \" style=\"margin: 0PX -20px 0px 0px; \"><div class=\"icon_holder_inner\"><span class=\"qode_icon_stack qode_tiny_icon \" style=\"font-size: 20px;\"><i class=\"qode_icon_linea_icon icon-basic-clock icon_text_icon qode_icon_stack_1x\" style=\"font-size: 20px;\" ><\/i><\/span><\/div><\/div><div class=\"icon_title_inner_holder\"><h4 class=\"icon_title \" style=\"\">55 min<\/h4><\/div><\/div><div class=\"icon_text_holder\"><div class=\"icon_text_inner\" style=\"\"><p style=''><\/p><\/div><\/div><\/div>[\/no_elements_holder_item][no_elements_holder_item aligment=&#8221;left&#8221; advanced_animations=&#8221;no&#8221;]<div class='q_icon_with_title  normal_icon left_from_title'><div class=\"icon_title_holder\"><div class=\"icon_holder \" style=\"margin: 0PX -20px 0px 0px; \"><div class=\"icon_holder_inner\"><span class=\"qode_icon_stack qode_tiny_icon \" style=\"font-size: 20px;\"><i class=\"qode_icon_linea_icon icon-ecommerce-sale icon_text_icon qode_icon_stack_1x\" style=\"font-size: 20px;\" ><\/i><\/span><\/div><\/div><div class=\"icon_title_inner_holder\"><h4 class=\"icon_title \" style=\"\">82\u20ac<\/h4><\/div><\/div><div class=\"icon_text_holder\"><div class=\"icon_text_inner\" style=\"\"><p style=''><\/p><\/div><\/div><\/div>[\/no_elements_holder_item][\/no_elements_holder][\/vc_column_inner][\/vc_row_inner][\/vc_column][vc_column width=&#8221;1\/2&#8243;][vc_single_image image=&#8221;45783&#8243; img_size=&#8221;full&#8221; alignment=&#8221;center&#8221; qode_css_animation=&#8221;&#8221;][\/vc_column][\/vc_row][vc_row row_type=&#8221;row&#8221; use_row_as_full_screen_section=&#8221;no&#8221; type=&#8221;full_width&#8221; oblique_section=&#8221;no&#8221; text_align=&#8221;left&#8221; padding_top=&#8221;45&#8243; padding_bottom=&#8221;45&#8243; css_animation=&#8221;element_from_fade&#8221;][vc_column width=&#8221;1\/2&#8243; css=&#8221;.vc_custom_1768840298579{margin-bottom: 20px !important;}&#8221; el_class=&#8221;derecha&#8221;][vc_column_text]<\/p>\n<h3><strong>OXIGENANTE O2<\/strong><\/h3>\n<p>[\/vc_column_text][vc_column_text]<\/p>\n<p>Natura Biss\u00e9<\/p>\n<p>[\/vc_column_text][vc_empty_space height=&#8221;20px&#8221; image_repeat=&#8221;no-repeat&#8221;][vc_column_text]<\/p>\n<p style=\"text-align: justify;\">Aurpegiko tratamendu leheneratzailea. Gure gorputzeko zelulek oxigeno-maila optimoari eutsi behar diote beren funtzioak betetzeko eta birsortzeko. <\/p>\n<ul>\n<li style=\"text-align: justify;\">Oxigen Line teknikak bizitasuna eta argitasuna itzultzen ditu zure azalera.<\/li>\n<\/ul>\n<p>[\/vc_column_text][vc_row_inner row_type=&#8221;row&#8221; type=&#8221;full_width&#8221; use_row_as_full_screen_section_slide=&#8221;no&#8221; text_align=&#8221;left&#8221; css_animation=&#8221;&#8221;][vc_column_inner][no_elements_holder number_of_columns=&#8221;one_column&#8221;][no_elements_holder_item aligment=&#8221;left&#8221; advanced_animations=&#8221;no&#8221;]<div class='q_icon_with_title  normal_icon left_from_title'><div class=\"icon_title_holder\"><div class=\"icon_holder \" style=\"margin: 0PX -20px 0px 0px; \"><div class=\"icon_holder_inner\"><span class=\"qode_icon_stack qode_tiny_icon \" style=\"font-size: 20px;\"><i class=\"qode_icon_linea_icon icon-basic-clock icon_text_icon qode_icon_stack_1x\" style=\"font-size: 20px;\" ><\/i><\/span><\/div><\/div><div class=\"icon_title_inner_holder\"><h4 class=\"icon_title \" style=\"\">55 min<\/h4><\/div><\/div><div class=\"icon_text_holder\"><div class=\"icon_text_inner\" style=\"\"><p style=''><\/p><\/div><\/div><\/div>[\/no_elements_holder_item][no_elements_holder_item aligment=&#8221;left&#8221; advanced_animations=&#8221;no&#8221;]<div class='q_icon_with_title  normal_icon left_from_title'><div class=\"icon_title_holder\"><div class=\"icon_holder \" style=\"margin: 0PX -20px 0px 0px; \"><div class=\"icon_holder_inner\"><span class=\"qode_icon_stack qode_tiny_icon \" style=\"font-size: 20px;\"><i class=\"qode_icon_linea_icon icon-ecommerce-sale icon_text_icon qode_icon_stack_1x\" style=\"font-size: 20px;\" ><\/i><\/span><\/div><\/div><div class=\"icon_title_inner_holder\"><h4 class=\"icon_title \" style=\"\">82\u20ac<\/h4><\/div><\/div><div class=\"icon_text_holder\"><div class=\"icon_text_inner\" style=\"\"><p style=''><\/p><\/div><\/div><\/div>[\/no_elements_holder_item][\/no_elements_holder][\/vc_column_inner][\/vc_row_inner][\/vc_column][vc_column width=&#8221;1\/2&#8243;][vc_single_image image=&#8221;42897&#8243; img_size=&#8221;full&#8221; alignment=&#8221;center&#8221; qode_css_animation=&#8221;&#8221;][\/vc_column][\/vc_row]<\/p>\n<\/div>","protected":false},"excerpt":{"rendered":"<p>[vc_row row_type=&#8221;row&#8221; use_row_as_full_screen_section=&#8221;no&#8221; type=&#8221;full_width&#8221; oblique_section=&#8221;no&#8221; text_align=&#8221;left&#8221; padding_top=&#8221;45&#8243; padding_bottom=&#8221;45&#8243; css_animation=&#8221;element_from_fade&#8221;][vc_column width=&#8221;1\/2&#8243;][vc_column_text] SKIN RELAXANT [\/vc_column_text][vc_column_text] Yellow Rose [\/vc_column_text][vc_empty_space height=&#8221;20px&#8221; image_repeat=&#8221;no-repeat&#8221;][vc_column_text] Skin Relaxant &#8220;Botox efektua&#8221; Larruazal leun, biziberritu eta argitsu baterako zimurren aurkako tratamendua. Sinergietako osagai aktibo hautatuetan oinarritua. Borrokatu &#8220;Botox efektua&#8221; adierazpen-lerroak Zimurren aurkako ekintza Elastikotasuna eta&#8230;<\/p>\n","protected":false},"author":1,"featured_media":0,"parent":0,"menu_order":0,"comment_status":"open","ping_status":"open","template":"","meta":{"_monsterinsights_skip_tracking":false,"_monsterinsights_sitenote_active":false,"_monsterinsights_sitenote_note":"","_monsterinsights_sitenote_category":0,"_joinchat":[],"footnotes":""},"class_list":["post-45784","page","type-page","status-publish","hentry"],"yoast_head":"<!-- This site is optimized with the Yoast SEO plugin v27.5 - https:\/\/yoast.com\/product\/yoast-seo-wordpress\/ -->\n<title>Aurpegiko Tratamenduak - Aurpegiko Garbiketa Zarautzen<\/title>\n<meta name=\"description\" content=\"Aurpegia garbitzeko tratamenduak, zimurren aurkakoak, orbanen aurkakoak, peelinga, mesoterapia eta tinkatzaileak Zarautzen\" \/>\n<meta name=\"robots\" content=\"index, follow, max-snippet:-1, max-image-preview:large, max-video-preview:-1\" \/>\n<link rel=\"canonical\" href=\"https:\/\/www.veronicacazalis.com\/eu\/faciales-essentials\/\" \/>\n<meta property=\"og:locale\" content=\"en_US\" \/>\n<meta property=\"og:type\" content=\"article\" \/>\n<meta property=\"og:title\" content=\"Aurpegiko Tratamenduak - Aurpegiko Garbiketa Zarautzen\" \/>\n<meta property=\"og:description\" content=\"Aurpegia garbitzeko tratamenduak, zimurren aurkakoak, orbanen aurkakoak, peelinga, mesoterapia eta tinkatzaileak Zarautzen\" \/>\n<meta property=\"og:url\" content=\"https:\/\/www.veronicacazalis.com\/eu\/faciales-essentials\/\" \/>\n<meta property=\"og:site_name\" content=\"Ver\u00f3nica Cazalis\" \/>\n<meta property=\"article:publisher\" content=\"https:\/\/www.facebook.com\/EsteticaVeronicaCazalis\" \/>\n<meta property=\"article:modified_time\" content=\"2026-03-06T09:45:42+00:00\" \/>\n<meta name=\"twitter:card\" content=\"summary_large_image\" \/>\n<meta name=\"twitter:label1\" content=\"Est. reading time\" \/>\n\t<meta name=\"twitter:data1\" content=\"6 minutua\" \/>\n<script type=\"application\/ld+json\" class=\"yoast-schema-graph\">{\"@context\":\"https:\\\/\\\/schema.org\",\"@graph\":[{\"@type\":\"WebPage\",\"@id\":\"https:\\\/\\\/www.veronicacazalis.com\\\/eu\\\/faciales-essentials\\\/\",\"url\":\"https:\\\/\\\/www.veronicacazalis.com\\\/eu\\\/faciales-essentials\\\/\",\"name\":\"Aurpegiko Tratamenduak - Aurpegiko Garbiketa Zarautzen\",\"isPartOf\":{\"@id\":\"https:\\\/\\\/www.veronicacazalis.com\\\/#website\"},\"datePublished\":\"2026-03-06T09:45:39+00:00\",\"dateModified\":\"2026-03-06T09:45:42+00:00\",\"description\":\"Aurpegia garbitzeko tratamenduak, zimurren aurkakoak, orbanen aurkakoak, peelinga, mesoterapia eta tinkatzaileak Zarautzen\",\"breadcrumb\":{\"@id\":\"https:\\\/\\\/www.veronicacazalis.com\\\/eu\\\/faciales-essentials\\\/#breadcrumb\"},\"inLanguage\":\"eu\",\"potentialAction\":[{\"@type\":\"ReadAction\",\"target\":[\"https:\\\/\\\/www.veronicacazalis.com\\\/eu\\\/faciales-essentials\\\/\"]}]},{\"@type\":\"BreadcrumbList\",\"@id\":\"https:\\\/\\\/www.veronicacazalis.com\\\/eu\\\/faciales-essentials\\\/#breadcrumb\",\"itemListElement\":[{\"@type\":\"ListItem\",\"position\":1,\"name\":\"Portada\",\"item\":\"https:\\\/\\\/www.veronicacazalis.com\\\/eu\\\/\"},{\"@type\":\"ListItem\",\"position\":2,\"name\":\"Faciales Essentials\"}]},{\"@type\":\"WebSite\",\"@id\":\"https:\\\/\\\/www.veronicacazalis.com\\\/#website\",\"url\":\"https:\\\/\\\/www.veronicacazalis.com\\\/\",\"name\":\"Ver\u00f3nica Cazalis\",\"description\":\"Centro de Est\u00e9tica y Kinesiolog\u00eda.\",\"publisher\":{\"@id\":\"https:\\\/\\\/www.veronicacazalis.com\\\/#organization\"},\"potentialAction\":[{\"@type\":\"SearchAction\",\"target\":{\"@type\":\"EntryPoint\",\"urlTemplate\":\"https:\\\/\\\/www.veronicacazalis.com\\\/?s={search_term_string}\"},\"query-input\":{\"@type\":\"PropertyValueSpecification\",\"valueRequired\":true,\"valueName\":\"search_term_string\"}}],\"inLanguage\":\"eu\"},{\"@type\":\"Organization\",\"@id\":\"https:\\\/\\\/www.veronicacazalis.com\\\/#organization\",\"name\":\"Ver\u00f3nica Caz\u00e1lis Est\u00e9tica y Kinesiolog\u00eda\",\"alternateName\":\"Ver\u00f3nica Cazalis Salon de belleza\",\"url\":\"https:\\\/\\\/www.veronicacazalis.com\\\/\",\"logo\":{\"@type\":\"ImageObject\",\"inLanguage\":\"eu\",\"@id\":\"https:\\\/\\\/www.veronicacazalis.com\\\/#\\\/schema\\\/logo\\\/image\\\/\",\"url\":\"https:\\\/\\\/www.veronicacazalis.com\\\/wp-content\\\/uploads\\\/2025\\\/12\\\/cropped-foto-web-Centro-17.jpg\",\"contentUrl\":\"https:\\\/\\\/www.veronicacazalis.com\\\/wp-content\\\/uploads\\\/2025\\\/12\\\/cropped-foto-web-Centro-17.jpg\",\"width\":512,\"height\":512,\"caption\":\"Ver\u00f3nica Caz\u00e1lis Est\u00e9tica y Kinesiolog\u00eda\"},\"image\":{\"@id\":\"https:\\\/\\\/www.veronicacazalis.com\\\/#\\\/schema\\\/logo\\\/image\\\/\"},\"sameAs\":[\"https:\\\/\\\/www.facebook.com\\\/EsteticaVeronicaCazalis\",\"https:\\\/\\\/www.instagram.com\\\/veronicacazalis\\\/\",\"https:\\\/\\\/www.linkedin.com\\\/company\\\/ver\u00f3nica-cazalis\\\/\",\"https:\\\/\\\/www.youtube.com\\\/c\\\/VeronicaCazalis\\\/\"]}]}<\/script>\n<!-- \/ Yoast SEO plugin. -->","yoast_head_json":{"title":"Aurpegiko Tratamenduak - Aurpegiko Garbiketa Zarautzen","description":"Aurpegia garbitzeko tratamenduak, zimurren aurkakoak, orbanen aurkakoak, peelinga, mesoterapia eta tinkatzaileak Zarautzen","robots":{"index":"index","follow":"follow","max-snippet":"max-snippet:-1","max-image-preview":"max-image-preview:large","max-video-preview":"max-video-preview:-1"},"canonical":"https:\/\/www.veronicacazalis.com\/eu\/faciales-essentials\/","og_locale":"en_US","og_type":"article","og_title":"Aurpegiko Tratamenduak - Aurpegiko Garbiketa Zarautzen","og_description":"Aurpegia garbitzeko tratamenduak, zimurren aurkakoak, orbanen aurkakoak, peelinga, mesoterapia eta tinkatzaileak Zarautzen","og_url":"https:\/\/www.veronicacazalis.com\/eu\/faciales-essentials\/","og_site_name":"Ver\u00f3nica Cazalis","article_publisher":"https:\/\/www.facebook.com\/EsteticaVeronicaCazalis","article_modified_time":"2026-03-06T09:45:42+00:00","twitter_card":"summary_large_image","twitter_misc":{"Est. reading time":"6 minutua"},"schema":{"@context":"https:\/\/schema.org","@graph":[{"@type":"WebPage","@id":"https:\/\/www.veronicacazalis.com\/eu\/faciales-essentials\/","url":"https:\/\/www.veronicacazalis.com\/eu\/faciales-essentials\/","name":"Aurpegiko Tratamenduak - Aurpegiko Garbiketa Zarautzen","isPartOf":{"@id":"https:\/\/www.veronicacazalis.com\/#website"},"datePublished":"2026-03-06T09:45:39+00:00","dateModified":"2026-03-06T09:45:42+00:00","description":"Aurpegia garbitzeko tratamenduak, zimurren aurkakoak, orbanen aurkakoak, peelinga, mesoterapia eta tinkatzaileak Zarautzen","breadcrumb":{"@id":"https:\/\/www.veronicacazalis.com\/eu\/faciales-essentials\/#breadcrumb"},"inLanguage":"eu","potentialAction":[{"@type":"ReadAction","target":["https:\/\/www.veronicacazalis.com\/eu\/faciales-essentials\/"]}]},{"@type":"BreadcrumbList","@id":"https:\/\/www.veronicacazalis.com\/eu\/faciales-essentials\/#breadcrumb","itemListElement":[{"@type":"ListItem","position":1,"name":"Portada","item":"https:\/\/www.veronicacazalis.com\/eu\/"},{"@type":"ListItem","position":2,"name":"Faciales Essentials"}]},{"@type":"WebSite","@id":"https:\/\/www.veronicacazalis.com\/#website","url":"https:\/\/www.veronicacazalis.com\/","name":"Ver\u00f3nica Cazalis","description":"Centro de Est\u00e9tica y Kinesiolog\u00eda.","publisher":{"@id":"https:\/\/www.veronicacazalis.com\/#organization"},"potentialAction":[{"@type":"SearchAction","target":{"@type":"EntryPoint","urlTemplate":"https:\/\/www.veronicacazalis.com\/?s={search_term_string}"},"query-input":{"@type":"PropertyValueSpecification","valueRequired":true,"valueName":"search_term_string"}}],"inLanguage":"eu"},{"@type":"Organization","@id":"https:\/\/www.veronicacazalis.com\/#organization","name":"Ver\u00f3nica Caz\u00e1lis Est\u00e9tica y Kinesiolog\u00eda","alternateName":"Ver\u00f3nica Cazalis Salon de belleza","url":"https:\/\/www.veronicacazalis.com\/","logo":{"@type":"ImageObject","inLanguage":"eu","@id":"https:\/\/www.veronicacazalis.com\/#\/schema\/logo\/image\/","url":"https:\/\/www.veronicacazalis.com\/wp-content\/uploads\/2025\/12\/cropped-foto-web-Centro-17.jpg","contentUrl":"https:\/\/www.veronicacazalis.com\/wp-content\/uploads\/2025\/12\/cropped-foto-web-Centro-17.jpg","width":512,"height":512,"caption":"Ver\u00f3nica Caz\u00e1lis Est\u00e9tica y Kinesiolog\u00eda"},"image":{"@id":"https:\/\/www.veronicacazalis.com\/#\/schema\/logo\/image\/"},"sameAs":["https:\/\/www.facebook.com\/EsteticaVeronicaCazalis","https:\/\/www.instagram.com\/veronicacazalis\/","https:\/\/www.linkedin.com\/company\/ver\u00f3nica-cazalis\/","https:\/\/www.youtube.com\/c\/VeronicaCazalis\/"]}]}},"_links":{"self":[{"href":"https:\/\/www.veronicacazalis.com\/eu\/wp-json\/wp\/v2\/pages\/45784","targetHints":{"allow":["GET"]}}],"collection":[{"href":"https:\/\/www.veronicacazalis.com\/eu\/wp-json\/wp\/v2\/pages"}],"about":[{"href":"https:\/\/www.veronicacazalis.com\/eu\/wp-json\/wp\/v2\/types\/page"}],"author":[{"embeddable":true,"href":"https:\/\/www.veronicacazalis.com\/eu\/wp-json\/wp\/v2\/users\/1"}],"replies":[{"embeddable":true,"href":"https:\/\/www.veronicacazalis.com\/eu\/wp-json\/wp\/v2\/comments?post=45784"}],"version-history":[{"count":3,"href":"https:\/\/www.veronicacazalis.com\/eu\/wp-json\/wp\/v2\/pages\/45784\/revisions"}],"predecessor-version":[{"id":45789,"href":"https:\/\/www.veronicacazalis.com\/eu\/wp-json\/wp\/v2\/pages\/45784\/revisions\/45789"}],"wp:attachment":[{"href":"https:\/\/www.veronicacazalis.com\/eu\/wp-json\/wp\/v2\/media?parent=45784"}],"curies":[{"name":"wp","href":"https:\/\/api.w.org\/{rel}","templated":true}]}}