{"id":45738,"date":"2026-03-05T16:36:55","date_gmt":"2026-03-05T16:36:55","guid":{"rendered":"https:\/\/www.veronicacazalis.com\/ongizate-zentroa\/"},"modified":"2026-03-05T16:36:58","modified_gmt":"2026-03-05T16:36:58","slug":"ongizate-zentroa","status":"publish","type":"page","link":"https:\/\/www.veronicacazalis.com\/eu\/ongizate-zentroa\/","title":{"rendered":"Ongizate Zentroa"},"content":{"rendered":"<div class=\"wpb-content-wrapper\"><p>[vc_row row_type=&#8221;row&#8221; use_row_as_full_screen_section=&#8221;no&#8221; type=&#8221;full_width&#8221; oblique_section=&#8221;no&#8221; text_align=&#8221;left&#8221; padding_top=&#8221;45&#8243; padding_bottom=&#8221;45&#8243; css_animation=&#8221;&#8221;][vc_column][vc_column_text]<\/p>\n<h4 style=\"text-align: center;\"><strong>Ver\u00f3nica Cazalis, Estetika &amp; Kinesiologia, Zarautzen kokatutako edertasun eta ongizate zentro bat da, zuek gorputzez eta arimaz zaintzeko.<\/strong><\/h4>\n<h4 style=\"text-align: center;\"><strong>Gure ongizate- eta osasun-zentroan hainbat zerbitzu ditugu, hala nola kinesiologia, ongizate-masajeak, lore-esentziak, eta, horrela, benetako ongizate-klinika bihurtu da.<\/strong><\/h4>\n<h4 style=\"text-align: center;\"><strong>Ondo sentitzea da gure altxorrik handiena, baina.<\/strong><\/h4>\n<h4 style=\"text-align: center;\"><strong>Zergatik da hain zaila egoera horretan mantentzea?<\/strong><\/h4>\n<h4 style=\"text-align: center;\"><strong>Badakigu gure egungo bizi-erritmoak estresera eta desoreka fisiko zein mentalera garamatzala.<\/strong><\/h4>\n<h4 style=\"text-align: center;\"><strong>&#8220;Egin beharreko&#8221; hori guztia lehenesten dugu, eta ez gara gai geure buruarekin konektatzeko espazioa aurkitzeko.<\/strong><\/h4>\n<h4 style=\"text-align: center;\"><strong>Horregatik, atal honen izena, gure helburua gure ongizate eta osasun zentroan espazio hori ematea delako, baita &#8220;pilak kargatzeko&#8221; tresnak ere.<\/strong><\/h4>\n<h4 style=\"text-align: center;\"><strong>Gure tratamendu guztiek ongizatea ematen dute, baina bereziki atal honetan daudenek, orekatzen laguntzen baitute: gorputza, adimena eta emozioak.<\/strong><\/h4>\n<h4><\/h4>\n<h4 style=\"text-align: center;\"><strong>Hemen sartzen da inoiz baino baliotsuago gure leloa:<\/strong><\/h4>\n<h4 style=\"text-align: center;\"><strong>Zure burua maitatu, zaindu eta&#8230; Ez utzi geroko!<\/strong><\/h4>\n<p>[\/vc_column_text][\/vc_column][\/vc_row][vc_row row_type=&#8221;row&#8221; use_row_as_full_screen_section=&#8221;no&#8221; type=&#8221;full_width&#8221; oblique_section=&#8221;no&#8221; text_align=&#8221;left&#8221; padding_top=&#8221;45&#8243; padding_bottom=&#8221;45&#8243; css_animation=&#8221;element_from_fade&#8221;][vc_column width=&#8221;1\/2&#8243;][vc_column_text]<\/p>\n<h3><strong>GURE ONGIZATE ETA OSASUN ZENTROKO TRATAMENDU GUZTIAK<\/strong><\/h3>\n<p>[\/vc_column_text][vc_empty_space height=&#8221;20px&#8221; image_repeat=&#8221;no-repeat&#8221;][vc_column_text]Gure espezialitatea aurpegiko, gorputzeko edo masaje eta ongizate hutseko tratamenduak dira.<\/p>\n<p>Hauek dira gure Ongizate eta Osasun Zentroan ditugun tresnak:<\/p>\n<p><span style=\"color: #800080;\"><a style=\"color: #800080;\" href=\"https:\/\/www.veronicacazalis.com\/kinesiologia\/\" target=\"_blank\" rel=\"noopener\">Kinesiologia<\/a><\/span><\/p>\n<p><span style=\"color: #800080;\"><a style=\"color: #800080;\" href=\"https:\/\/www.veronicacazalis.com\/terapias-florales\/\" target=\"_blank\" rel=\"noopener\">Lore Esentziak, Bach Loreak eta Tri-Unitate Esentziak<\/a><\/span><\/p>\n<p><span style=\"color: #800080;\"><a style=\"color: #800080;\" href=\"https:\/\/www.veronicacazalis.com\/masaje\/\" target=\"_blank\" rel=\"noopener\">Ongizate masajeak<\/a><\/span><\/p>\n<p><span style=\"color: #800080;\"><a style=\"color: #800080;\" href=\"https:\/\/www.veronicacazalis.com\/eu\/ongizatea\/\" target=\"_blank\" rel=\"noopener\">Tratamendu bioenergetikoak (ongizate eta osasun efektuekin)<\/a><\/span><\/p>\n<p>Benetako Ongizate zentro bat eskaini nahi dizugu, erlaxatzera, zeure buruarekin topo egitera eta hobetuta, ederrago, erlaxatuago eta energia gehiagorekin ateratzera etorriko zaren espazio bat&#8230; Animatzen zara?[\/vc_column_text][vc_row_inner row_type=&#8221;row&#8221; type=&#8221;full_width&#8221; use_row_as_full_screen_section_slide=&#8221;no&#8221; text_align=&#8221;left&#8221; css_animation=&#8221;&#8221;][vc_column_inner][no_elements_holder number_of_columns=&#8221;one_column&#8221;][no_elements_holder_item aligment=&#8221;left&#8221; advanced_animations=&#8221;no&#8221;]<div class='q_icon_with_title  normal_icon left_from_title'><div class=\"icon_title_holder\"><div class=\"icon_holder \" style=\"margin: 0PX -20px 0px 0px; \"><div class=\"icon_holder_inner\"><span class=\"qode_icon_stack qode_tiny_icon \" style=\"font-size: 20px;\"><i class=\"qode_icon_linea_icon icon-basic-clock icon_text_icon qode_icon_stack_1x\" style=\"font-size: 20px;\" ><\/i><\/span><\/div><\/div><div class=\"icon_title_inner_holder\"><h4 class=\"icon_title \" style=\"\"><\/h4><\/div><\/div><div class=\"icon_text_holder\"><div class=\"icon_text_inner\" style=\"\"><p style=''><\/p><\/div><\/div><\/div>[\/no_elements_holder_item][no_elements_holder_item aligment=&#8221;left&#8221; advanced_animations=&#8221;no&#8221;]<div class='q_icon_with_title  normal_icon left_from_title'><div class=\"icon_title_holder\"><div class=\"icon_holder \" style=\"margin: 0PX -20px 0px 0px; \"><div class=\"icon_holder_inner\"><span class=\"qode_icon_stack qode_tiny_icon \" style=\"font-size: 20px;\"><i class=\"qode_icon_linea_icon icon-ecommerce-sale icon_text_icon qode_icon_stack_1x\" style=\"font-size: 20px;\" ><\/i><\/span><\/div><\/div><div class=\"icon_title_inner_holder\"><h4 class=\"icon_title \" style=\"\"><\/h4><\/div><\/div><div class=\"icon_text_holder\"><div class=\"icon_text_inner\" style=\"\"><p style=''><\/p><\/div><\/div><\/div>[\/no_elements_holder_item][\/no_elements_holder][\/vc_column_inner][\/vc_row_inner][\/vc_column][vc_column width=&#8221;1\/2&#8243;][vc_single_image image=&#8221;43703&#8243; img_size=&#8221;full&#8221; alignment=&#8221;right&#8221; qode_css_animation=&#8221;&#8221;][\/vc_column][\/vc_row]<\/p>\n<\/div>","protected":false},"excerpt":{"rendered":"<p>[vc_row row_type=&#8221;row&#8221; use_row_as_full_screen_section=&#8221;no&#8221; type=&#8221;full_width&#8221; oblique_section=&#8221;no&#8221; text_align=&#8221;left&#8221; padding_top=&#8221;45&#8243; padding_bottom=&#8221;45&#8243; css_animation=&#8221;&#8221;][vc_column][vc_column_text] Ver\u00f3nica Cazalis, Estetika &amp; Kinesiologia, Zarautzen kokatutako edertasun eta ongizate zentro bat da, zuek gorputzez eta arimaz zaintzeko. Gure ongizate- eta osasun-zentroan hainbat zerbitzu ditugu, hala nola kinesiologia, ongizate-masajeak, lore-esentziak, eta, horrela, benetako ongizate-klinika bihurtu da&#8230;.<\/p>\n","protected":false},"author":1,"featured_media":0,"parent":0,"menu_order":0,"comment_status":"open","ping_status":"open","template":"","meta":{"_monsterinsights_skip_tracking":false,"_monsterinsights_sitenote_active":false,"_monsterinsights_sitenote_note":"","_monsterinsights_sitenote_category":0,"_joinchat":[],"footnotes":""},"class_list":["post-45738","page","type-page","status-publish","hentry"],"yoast_head":"<!-- This site is optimized with the Yoast SEO plugin v27.5 - https:\/\/yoast.com\/product\/yoast-seo-wordpress\/ -->\n<title>Ongizate eta Osasun Zentroa | Zarauzko Ongizate Zentroa<\/title>\n<meta name=\"description\" content=\"Burua eta emozioak orekatzen laguntzen duten ongizaterako tratamenduak. Kinesiologia, esentzia eta masaje zentroa Zarautzen\" \/>\n<meta name=\"robots\" content=\"index, follow, max-snippet:-1, max-image-preview:large, max-video-preview:-1\" \/>\n<link rel=\"canonical\" href=\"https:\/\/www.veronicacazalis.com\/eu\/ongizate-zentroa\/\" \/>\n<meta property=\"og:locale\" content=\"en_US\" \/>\n<meta property=\"og:type\" content=\"article\" \/>\n<meta property=\"og:title\" content=\"Ongizate eta Osasun Zentroa | Zarauzko Ongizate Zentroa\" \/>\n<meta property=\"og:description\" content=\"Burua eta emozioak orekatzen laguntzen duten ongizaterako tratamenduak. Kinesiologia, esentzia eta masaje zentroa Zarautzen\" \/>\n<meta property=\"og:url\" content=\"https:\/\/www.veronicacazalis.com\/eu\/ongizate-zentroa\/\" \/>\n<meta property=\"og:site_name\" content=\"Ver\u00f3nica Cazalis\" \/>\n<meta property=\"article:publisher\" content=\"https:\/\/www.facebook.com\/EsteticaVeronicaCazalis\" \/>\n<meta property=\"article:modified_time\" content=\"2026-03-05T16:36:58+00:00\" \/>\n<meta name=\"twitter:card\" content=\"summary_large_image\" \/>\n<meta name=\"twitter:label1\" content=\"Est. reading time\" \/>\n\t<meta name=\"twitter:data1\" content=\"2 minutua\" \/>\n<script type=\"application\/ld+json\" class=\"yoast-schema-graph\">{\"@context\":\"https:\\\/\\\/schema.org\",\"@graph\":[{\"@type\":\"WebPage\",\"@id\":\"https:\\\/\\\/www.veronicacazalis.com\\\/eu\\\/ongizate-zentroa\\\/\",\"url\":\"https:\\\/\\\/www.veronicacazalis.com\\\/eu\\\/ongizate-zentroa\\\/\",\"name\":\"Ongizate eta Osasun Zentroa | Zarauzko Ongizate Zentroa\",\"isPartOf\":{\"@id\":\"https:\\\/\\\/www.veronicacazalis.com\\\/#website\"},\"datePublished\":\"2026-03-05T16:36:55+00:00\",\"dateModified\":\"2026-03-05T16:36:58+00:00\",\"description\":\"Burua eta emozioak orekatzen laguntzen duten ongizaterako tratamenduak. Kinesiologia, esentzia eta masaje zentroa Zarautzen\",\"breadcrumb\":{\"@id\":\"https:\\\/\\\/www.veronicacazalis.com\\\/eu\\\/ongizate-zentroa\\\/#breadcrumb\"},\"inLanguage\":\"eu\",\"potentialAction\":[{\"@type\":\"ReadAction\",\"target\":[\"https:\\\/\\\/www.veronicacazalis.com\\\/eu\\\/ongizate-zentroa\\\/\"]}]},{\"@type\":\"BreadcrumbList\",\"@id\":\"https:\\\/\\\/www.veronicacazalis.com\\\/eu\\\/ongizate-zentroa\\\/#breadcrumb\",\"itemListElement\":[{\"@type\":\"ListItem\",\"position\":1,\"name\":\"Portada\",\"item\":\"https:\\\/\\\/www.veronicacazalis.com\\\/eu\\\/\"},{\"@type\":\"ListItem\",\"position\":2,\"name\":\"Ongizate Zentroa\"}]},{\"@type\":\"WebSite\",\"@id\":\"https:\\\/\\\/www.veronicacazalis.com\\\/#website\",\"url\":\"https:\\\/\\\/www.veronicacazalis.com\\\/\",\"name\":\"Ver\u00f3nica Cazalis\",\"description\":\"Centro de Est\u00e9tica y Kinesiolog\u00eda.\",\"publisher\":{\"@id\":\"https:\\\/\\\/www.veronicacazalis.com\\\/#organization\"},\"potentialAction\":[{\"@type\":\"SearchAction\",\"target\":{\"@type\":\"EntryPoint\",\"urlTemplate\":\"https:\\\/\\\/www.veronicacazalis.com\\\/?s={search_term_string}\"},\"query-input\":{\"@type\":\"PropertyValueSpecification\",\"valueRequired\":true,\"valueName\":\"search_term_string\"}}],\"inLanguage\":\"eu\"},{\"@type\":\"Organization\",\"@id\":\"https:\\\/\\\/www.veronicacazalis.com\\\/#organization\",\"name\":\"Ver\u00f3nica Caz\u00e1lis Est\u00e9tica y Kinesiolog\u00eda\",\"alternateName\":\"Ver\u00f3nica Cazalis Salon de belleza\",\"url\":\"https:\\\/\\\/www.veronicacazalis.com\\\/\",\"logo\":{\"@type\":\"ImageObject\",\"inLanguage\":\"eu\",\"@id\":\"https:\\\/\\\/www.veronicacazalis.com\\\/#\\\/schema\\\/logo\\\/image\\\/\",\"url\":\"https:\\\/\\\/www.veronicacazalis.com\\\/wp-content\\\/uploads\\\/2025\\\/12\\\/cropped-foto-web-Centro-17.jpg\",\"contentUrl\":\"https:\\\/\\\/www.veronicacazalis.com\\\/wp-content\\\/uploads\\\/2025\\\/12\\\/cropped-foto-web-Centro-17.jpg\",\"width\":512,\"height\":512,\"caption\":\"Ver\u00f3nica Caz\u00e1lis Est\u00e9tica y Kinesiolog\u00eda\"},\"image\":{\"@id\":\"https:\\\/\\\/www.veronicacazalis.com\\\/#\\\/schema\\\/logo\\\/image\\\/\"},\"sameAs\":[\"https:\\\/\\\/www.facebook.com\\\/EsteticaVeronicaCazalis\",\"https:\\\/\\\/www.instagram.com\\\/veronicacazalis\\\/\",\"https:\\\/\\\/www.linkedin.com\\\/company\\\/ver\u00f3nica-cazalis\\\/\",\"https:\\\/\\\/www.youtube.com\\\/c\\\/VeronicaCazalis\\\/\"]}]}<\/script>\n<!-- \/ Yoast SEO plugin. -->","yoast_head_json":{"title":"Ongizate eta Osasun Zentroa | Zarauzko Ongizate Zentroa","description":"Burua eta emozioak orekatzen laguntzen duten ongizaterako tratamenduak. Kinesiologia, esentzia eta masaje zentroa Zarautzen","robots":{"index":"index","follow":"follow","max-snippet":"max-snippet:-1","max-image-preview":"max-image-preview:large","max-video-preview":"max-video-preview:-1"},"canonical":"https:\/\/www.veronicacazalis.com\/eu\/ongizate-zentroa\/","og_locale":"en_US","og_type":"article","og_title":"Ongizate eta Osasun Zentroa | Zarauzko Ongizate Zentroa","og_description":"Burua eta emozioak orekatzen laguntzen duten ongizaterako tratamenduak. Kinesiologia, esentzia eta masaje zentroa Zarautzen","og_url":"https:\/\/www.veronicacazalis.com\/eu\/ongizate-zentroa\/","og_site_name":"Ver\u00f3nica Cazalis","article_publisher":"https:\/\/www.facebook.com\/EsteticaVeronicaCazalis","article_modified_time":"2026-03-05T16:36:58+00:00","twitter_card":"summary_large_image","twitter_misc":{"Est. reading time":"2 minutua"},"schema":{"@context":"https:\/\/schema.org","@graph":[{"@type":"WebPage","@id":"https:\/\/www.veronicacazalis.com\/eu\/ongizate-zentroa\/","url":"https:\/\/www.veronicacazalis.com\/eu\/ongizate-zentroa\/","name":"Ongizate eta Osasun Zentroa | Zarauzko Ongizate Zentroa","isPartOf":{"@id":"https:\/\/www.veronicacazalis.com\/#website"},"datePublished":"2026-03-05T16:36:55+00:00","dateModified":"2026-03-05T16:36:58+00:00","description":"Burua eta emozioak orekatzen laguntzen duten ongizaterako tratamenduak. Kinesiologia, esentzia eta masaje zentroa Zarautzen","breadcrumb":{"@id":"https:\/\/www.veronicacazalis.com\/eu\/ongizate-zentroa\/#breadcrumb"},"inLanguage":"eu","potentialAction":[{"@type":"ReadAction","target":["https:\/\/www.veronicacazalis.com\/eu\/ongizate-zentroa\/"]}]},{"@type":"BreadcrumbList","@id":"https:\/\/www.veronicacazalis.com\/eu\/ongizate-zentroa\/#breadcrumb","itemListElement":[{"@type":"ListItem","position":1,"name":"Portada","item":"https:\/\/www.veronicacazalis.com\/eu\/"},{"@type":"ListItem","position":2,"name":"Ongizate Zentroa"}]},{"@type":"WebSite","@id":"https:\/\/www.veronicacazalis.com\/#website","url":"https:\/\/www.veronicacazalis.com\/","name":"Ver\u00f3nica Cazalis","description":"Centro de Est\u00e9tica y Kinesiolog\u00eda.","publisher":{"@id":"https:\/\/www.veronicacazalis.com\/#organization"},"potentialAction":[{"@type":"SearchAction","target":{"@type":"EntryPoint","urlTemplate":"https:\/\/www.veronicacazalis.com\/?s={search_term_string}"},"query-input":{"@type":"PropertyValueSpecification","valueRequired":true,"valueName":"search_term_string"}}],"inLanguage":"eu"},{"@type":"Organization","@id":"https:\/\/www.veronicacazalis.com\/#organization","name":"Ver\u00f3nica Caz\u00e1lis Est\u00e9tica y Kinesiolog\u00eda","alternateName":"Ver\u00f3nica Cazalis Salon de belleza","url":"https:\/\/www.veronicacazalis.com\/","logo":{"@type":"ImageObject","inLanguage":"eu","@id":"https:\/\/www.veronicacazalis.com\/#\/schema\/logo\/image\/","url":"https:\/\/www.veronicacazalis.com\/wp-content\/uploads\/2025\/12\/cropped-foto-web-Centro-17.jpg","contentUrl":"https:\/\/www.veronicacazalis.com\/wp-content\/uploads\/2025\/12\/cropped-foto-web-Centro-17.jpg","width":512,"height":512,"caption":"Ver\u00f3nica Caz\u00e1lis Est\u00e9tica y Kinesiolog\u00eda"},"image":{"@id":"https:\/\/www.veronicacazalis.com\/#\/schema\/logo\/image\/"},"sameAs":["https:\/\/www.facebook.com\/EsteticaVeronicaCazalis","https:\/\/www.instagram.com\/veronicacazalis\/","https:\/\/www.linkedin.com\/company\/ver\u00f3nica-cazalis\/","https:\/\/www.youtube.com\/c\/VeronicaCazalis\/"]}]}},"_links":{"self":[{"href":"https:\/\/www.veronicacazalis.com\/eu\/wp-json\/wp\/v2\/pages\/45738","targetHints":{"allow":["GET"]}}],"collection":[{"href":"https:\/\/www.veronicacazalis.com\/eu\/wp-json\/wp\/v2\/pages"}],"about":[{"href":"https:\/\/www.veronicacazalis.com\/eu\/wp-json\/wp\/v2\/types\/page"}],"author":[{"embeddable":true,"href":"https:\/\/www.veronicacazalis.com\/eu\/wp-json\/wp\/v2\/users\/1"}],"replies":[{"embeddable":true,"href":"https:\/\/www.veronicacazalis.com\/eu\/wp-json\/wp\/v2\/comments?post=45738"}],"version-history":[{"count":3,"href":"https:\/\/www.veronicacazalis.com\/eu\/wp-json\/wp\/v2\/pages\/45738\/revisions"}],"predecessor-version":[{"id":45743,"href":"https:\/\/www.veronicacazalis.com\/eu\/wp-json\/wp\/v2\/pages\/45738\/revisions\/45743"}],"wp:attachment":[{"href":"https:\/\/www.veronicacazalis.com\/eu\/wp-json\/wp\/v2\/media?parent=45738"}],"curies":[{"name":"wp","href":"https:\/\/api.w.org\/{rel}","templated":true}]}}