{"id":45608,"date":"2026-03-02T10:09:06","date_gmt":"2026-03-02T10:09:06","guid":{"rendered":"https:\/\/www.veronicacazalis.com\/nire-aurpegia-zaintzea\/"},"modified":"2026-03-09T11:48:42","modified_gmt":"2026-03-09T11:48:42","slug":"nire-aurpegia-zaintzea","status":"publish","type":"page","link":"https:\/\/www.veronicacazalis.com\/eu\/nire-aurpegia-zaintzea\/","title":{"rendered":"Nire aurpegia zaintzea"},"content":{"rendered":"<div class=\"wpb-content-wrapper\"><p>[vc_row row_type=&#8221;row&#8221; use_row_as_full_screen_section=&#8221;no&#8221; type=&#8221;full_width&#8221; oblique_section=&#8221;no&#8221; text_align=&#8221;left&#8221; padding_top=&#8221;45&#8243; padding_bottom=&#8221;45&#8243; css_animation=&#8221;&#8221;][vc_column][vc_column_text]<\/p>\n<h4><\/h4>\n<h3 style=\"text-align: center;\">Larruazal nekatu, sentikor, heldu eta koipetsuetarako<\/h3>\n<h3 style=\"text-align: center;\">orbanekin edo irmotasun faltarekin.<\/h3>\n<h4 style=\"text-align: center;\"><strong>Aurpegiko tratamenduak, diagnostikoa kinesiologiarekin, goi-kosmetikarekin eta eskuzko teknikekin konbinatzen dutenak<\/strong><\/h4>\n<h4 style=\"text-align: center;\"><strong> zure azala argitsu eta atseden hartzeko <\/strong><\/h4>\n<h4 style=\"text-align: center;\"><strong>zure adierazpen naturala galdu gabe.<\/strong><\/h4>\n<p>[\/vc_column_text][\/vc_column][\/vc_row][vc_row row_type=&#8221;row&#8221; use_row_as_full_screen_section=&#8221;no&#8221; type=&#8221;full_width&#8221; oblique_section=&#8221;no&#8221; text_align=&#8221;left&#8221; padding_top=&#8221;45&#8243; padding_bottom=&#8221;45&#8243; css_animation=&#8221;element_from_fade&#8221;][vc_column width=&#8221;1\/2&#8243;][vc_column_text]<\/p>\n<h3 style=\"text-align: center;\"><strong>AURKITU ZURE AZALAK <\/strong><\/h3>\n<h3 style=\"text-align: center;\"><strong><strong>BEHAR DUEN TRATAMENDUA<\/strong><\/strong><\/h3>\n<p>[\/vc_column_text][vc_empty_space height=&#8221;20px&#8221; image_repeat=&#8221;no-repeat&#8221;][vc_column_text]<\/p>\n<ul>\n<li data-start=\"1645\" data-end=\"1765\">\n<p data-start=\"1647\" data-end=\"1765\"><strong data-start=\"1647\" data-end=\"1678\">Garbiketa sakonak eta detox<\/strong><br data-start=\"1678\" data-end=\"1681\" \/>Larruazala berrasieratzeko, sakon garbitzeko eta aurpegira freskotasuna eta argia itzultzeko. <span style=\"color: #ff1c8e;\"><a style=\"color: #ff1c8e;\" href=\"https:\/\/www.veronicacazalis.com\/tratamientos-faciales-2\/\" target=\"_blank\" rel=\"noopener\">Gehiago ikusi&#8230;<\/a><\/span><\/p>\n<\/li>\n<li data-start=\"1767\" data-end=\"1930\">\n<p data-start=\"1769\" data-end=\"1930\"><span style=\"color: #000000;\"><strong data-start=\"1769\" data-end=\"1796\">Adinaren aurkakoak eta tinkatzaileak<\/strong><\/span><br data-start=\"1796\" data-end=\"1799\" \/>Protokoloak Natura Biss\u00e9, Yellow Rose edo Comfort Zonerekin, eta Kinesiolifting bezalako teknikak irmotasuna, zimurrak eta ingerada lantzeko.<span style=\"color: #ff1c8e;\"> <a style=\"color: #ff1c8e;\" href=\"https:\/\/www.veronicacazalis.com\/tratamientos-faciales-antiedad-y-reafirmantes\/\" target=\"_blank\" rel=\"noopener\">Gehiago ikusi&#8230;<\/a><\/span><\/p>\n<\/li>\n<li data-start=\"1932\" data-end=\"2060\">\n<p data-start=\"1934\" data-end=\"2060\"><strong data-start=\"1934\" data-end=\"1962\">Larruazal sentikorra edo erreaktiboa<\/strong><br data-start=\"1962\" data-end=\"1965\" \/>Tratamendu leunak eta espezifikoak, larruazaleko hesia lasaitzeko, indartzeko eta gorritasunak murrizteko.<span style=\"color: #ff1c8e;\"><a style=\"color: #ff1c8e;\" href=\"https:\/\/www.veronicacazalis.com\/tratamientos-faciales-3\/\" target=\"_blank\" rel=\"noopener\"> Gehiago ikusi&#8230;<\/a><\/span><\/p>\n<\/li>\n<li data-start=\"2062\" data-end=\"2174\">\n<p data-start=\"2064\" data-end=\"2174\"><strong data-start=\"2064\" data-end=\"2089\">Orbanak eta argitasuna<\/strong><br data-start=\"2089\" data-end=\"2092\" \/>Tonu uniformeago eta erradiatzaileagoko tratamendu despigmentatzaileak eta berriztatzaileak. <span style=\"color: #ff1c8e;\"><a style=\"color: #ff1c8e;\" href=\"https:\/\/www.veronicacazalis.com\/tratamientos-faciales-4\/\" target=\"_blank\" rel=\"noopener\">Gehiago ikusi&#8230;<\/a><\/span><\/p>\n<\/li>\n<li data-start=\"2176\" data-end=\"2337\">\n<p data-start=\"2178\" data-end=\"2337\"><strong data-start=\"2178\" data-end=\"2207\">Aurpegiko zainketa onkologikoa<\/strong><br data-start=\"2207\" data-end=\"2210\" \/>Tratamendu medikoan dagoen larruazalari egokitutako eta errespetuzko protokoloak, Ricardo Fisas Fundazioak (Natura Biss\u00e9) osatuak. <span style=\"color: #ff1c8e;\"><a style=\"color: #ff1c8e;\" href=\"https:\/\/www.veronicacazalis.com\/cuidados-esteticos-oncologicos\/\" target=\"_blank\" rel=\"noopener\">Gehiago ikusi&#8230;<\/a><\/span><\/p>\n<\/li>\n<\/ul>\n<p>[\/vc_column_text][vc_row_inner row_type=&#8221;row&#8221; type=&#8221;full_width&#8221; use_row_as_full_screen_section_slide=&#8221;no&#8221; text_align=&#8221;left&#8221; css_animation=&#8221;&#8221;][vc_column_inner][no_elements_holder number_of_columns=&#8221;one_column&#8221;][no_elements_holder_item aligment=&#8221;left&#8221; advanced_animations=&#8221;no&#8221;]<div class='q_icon_with_title  normal_icon left_from_title'><div class=\"icon_title_holder\"><div class=\"icon_holder \" style=\"margin: 0PX -20px 0px 0px; \"><div class=\"icon_holder_inner\"><span class=\"qode_icon_stack qode_tiny_icon \" style=\"font-size: 20px;\"><i class=\"qode_icon_linea_icon icon-basic-clock icon_text_icon qode_icon_stack_1x\" style=\"font-size: 20px;\" ><\/i><\/span><\/div><\/div><div class=\"icon_title_inner_holder\"><h4 class=\"icon_title \" style=\"\"><\/h4><\/div><\/div><div class=\"icon_text_holder\"><div class=\"icon_text_inner\" style=\"\"><p style=''><\/p><\/div><\/div><\/div>[\/no_elements_holder_item][no_elements_holder_item aligment=&#8221;left&#8221; advanced_animations=&#8221;no&#8221;]<div class='q_icon_with_title  normal_icon left_from_title'><div class=\"icon_title_holder\"><div class=\"icon_holder \" style=\"margin: 0PX -20px 0px 0px; \"><div class=\"icon_holder_inner\"><span class=\"qode_icon_stack qode_tiny_icon \" style=\"font-size: 20px;\"><i class=\"qode_icon_linea_icon icon-ecommerce-sale icon_text_icon qode_icon_stack_1x\" style=\"font-size: 20px;\" ><\/i><\/span><\/div><\/div><div class=\"icon_title_inner_holder\"><h4 class=\"icon_title \" style=\"\"><\/h4><\/div><\/div><div class=\"icon_text_holder\"><div class=\"icon_text_inner\" style=\"\"><p style=''><\/p><\/div><\/div><\/div>[\/no_elements_holder_item][\/no_elements_holder][\/vc_column_inner][\/vc_row_inner][\/vc_column][vc_column width=&#8221;1\/2&#8243;][vc_single_image image=&#8221;45091&#8243; img_size=&#8221;full&#8221; alignment=&#8221;right&#8221; qode_css_animation=&#8221;&#8221;][\/vc_column][\/vc_row][vc_row row_type=&#8221;row&#8221; use_row_as_full_screen_section=&#8221;no&#8221; type=&#8221;full_width&#8221; oblique_section=&#8221;no&#8221; text_align=&#8221;left&#8221; css_animation=&#8221;&#8221;][vc_column][vc_btn title=&#8221;Nire aurpegiko azala hobetu nahi dut&#8221; color=&#8221;chino&#8221; i_icon_fontawesome=&#8221;fab fa-whatsapp&#8221; add_icon=&#8221;true&#8221; link=&#8221;url:https%3A%2F%2Fwa.me%2F34695700921%3Ftext%3DHola%252C%2520me%2520gustar%25C3%25ADa%2520reservar%2520un%2520diagn%25C3%25B3stico%2520kinesiol%C3%B3gico|title:Erreserbatu%20zure%20hitzordua|target:_blank|&#8221;][\/vc_column][\/vc_row]<\/p>\n<\/div>","protected":false},"excerpt":{"rendered":"<p>[vc_row row_type=&#8221;row&#8221; use_row_as_full_screen_section=&#8221;no&#8221; type=&#8221;full_width&#8221; oblique_section=&#8221;no&#8221; text_align=&#8221;left&#8221; padding_top=&#8221;45&#8243; padding_bottom=&#8221;45&#8243; css_animation=&#8221;&#8221;][vc_column][vc_column_text] Larruazal nekatu, sentikor, heldu eta koipetsuetarako orbanekin edo irmotasun faltarekin. Aurpegiko tratamenduak, diagnostikoa kinesiologiarekin, goi-kosmetikarekin eta eskuzko teknikekin konbinatzen dutenak zure azala argitsu eta atseden hartzeko zure adierazpen naturala galdu gabe. [\/vc_column_text][\/vc_column][\/vc_row][vc_row row_type=&#8221;row&#8221; use_row_as_full_screen_section=&#8221;no&#8221; type=&#8221;full_width&#8221; oblique_section=&#8221;no&#8221;&#8230;<\/p>\n","protected":false},"author":1,"featured_media":0,"parent":0,"menu_order":0,"comment_status":"open","ping_status":"open","template":"","meta":{"_monsterinsights_skip_tracking":false,"_monsterinsights_sitenote_active":false,"_monsterinsights_sitenote_note":"","_monsterinsights_sitenote_category":0,"_joinchat":[],"footnotes":""},"class_list":["post-45608","page","type-page","status-publish","hentry"],"yoast_head":"<!-- This site is optimized with the Yoast SEO plugin v27.4 - https:\/\/yoast.com\/product\/yoast-seo-wordpress\/ -->\n<title>Aurpegiko tratamenduak Zarautzen | Ver\u00f3nica Cazalis<\/title>\n<meta name=\"description\" content=\"Nire aurpegia zaindu Zarautzen: diagnostikoa eta neurrira egindako protokoloa argitasunerako, irmotasunerako eta lasaitasunerako. Goi-kosmetika eta aparatologia.\" \/>\n<meta name=\"robots\" content=\"index, follow, max-snippet:-1, max-image-preview:large, max-video-preview:-1\" \/>\n<link rel=\"canonical\" href=\"https:\/\/www.veronicacazalis.com\/eu\/nire-aurpegia-zaintzea\/\" \/>\n<meta property=\"og:locale\" content=\"en_US\" \/>\n<meta property=\"og:type\" content=\"article\" \/>\n<meta property=\"og:title\" content=\"Aurpegiko tratamenduak Zarautzen | Ver\u00f3nica Cazalis\" \/>\n<meta property=\"og:description\" content=\"Nire aurpegia zaindu Zarautzen: diagnostikoa eta neurrira egindako protokoloa argitasunerako, irmotasunerako eta lasaitasunerako. Goi-kosmetika eta aparatologia.\" \/>\n<meta property=\"og:url\" content=\"https:\/\/www.veronicacazalis.com\/eu\/nire-aurpegia-zaintzea\/\" \/>\n<meta property=\"og:site_name\" content=\"Ver\u00f3nica Cazalis\" \/>\n<meta property=\"article:publisher\" content=\"https:\/\/www.facebook.com\/EsteticaVeronicaCazalis\" \/>\n<meta property=\"article:modified_time\" content=\"2026-03-09T11:48:42+00:00\" \/>\n<meta name=\"twitter:card\" content=\"summary_large_image\" \/>\n<meta name=\"twitter:label1\" content=\"Est. reading time\" \/>\n\t<meta name=\"twitter:data1\" content=\"2 minutua\" \/>\n<script type=\"application\/ld+json\" class=\"yoast-schema-graph\">{\"@context\":\"https:\\\/\\\/schema.org\",\"@graph\":[{\"@type\":\"WebPage\",\"@id\":\"https:\\\/\\\/www.veronicacazalis.com\\\/eu\\\/nire-aurpegia-zaintzea\\\/\",\"url\":\"https:\\\/\\\/www.veronicacazalis.com\\\/eu\\\/nire-aurpegia-zaintzea\\\/\",\"name\":\"Aurpegiko tratamenduak Zarautzen | Ver\u00f3nica Cazalis\",\"isPartOf\":{\"@id\":\"https:\\\/\\\/www.veronicacazalis.com\\\/#website\"},\"datePublished\":\"2026-03-02T10:09:06+00:00\",\"dateModified\":\"2026-03-09T11:48:42+00:00\",\"description\":\"Nire aurpegia zaindu Zarautzen: diagnostikoa eta neurrira egindako protokoloa argitasunerako, irmotasunerako eta lasaitasunerako. Goi-kosmetika eta aparatologia.\",\"breadcrumb\":{\"@id\":\"https:\\\/\\\/www.veronicacazalis.com\\\/eu\\\/nire-aurpegia-zaintzea\\\/#breadcrumb\"},\"inLanguage\":\"eu\",\"potentialAction\":[{\"@type\":\"ReadAction\",\"target\":[\"https:\\\/\\\/www.veronicacazalis.com\\\/eu\\\/nire-aurpegia-zaintzea\\\/\"]}]},{\"@type\":\"BreadcrumbList\",\"@id\":\"https:\\\/\\\/www.veronicacazalis.com\\\/eu\\\/nire-aurpegia-zaintzea\\\/#breadcrumb\",\"itemListElement\":[{\"@type\":\"ListItem\",\"position\":1,\"name\":\"Portada\",\"item\":\"https:\\\/\\\/www.veronicacazalis.com\\\/eu\\\/\"},{\"@type\":\"ListItem\",\"position\":2,\"name\":\"Nire aurpegia zaintzea\"}]},{\"@type\":\"WebSite\",\"@id\":\"https:\\\/\\\/www.veronicacazalis.com\\\/#website\",\"url\":\"https:\\\/\\\/www.veronicacazalis.com\\\/\",\"name\":\"Ver\u00f3nica Cazalis\",\"description\":\"Centro de Est\u00e9tica y Kinesiolog\u00eda.\",\"publisher\":{\"@id\":\"https:\\\/\\\/www.veronicacazalis.com\\\/#organization\"},\"potentialAction\":[{\"@type\":\"SearchAction\",\"target\":{\"@type\":\"EntryPoint\",\"urlTemplate\":\"https:\\\/\\\/www.veronicacazalis.com\\\/?s={search_term_string}\"},\"query-input\":{\"@type\":\"PropertyValueSpecification\",\"valueRequired\":true,\"valueName\":\"search_term_string\"}}],\"inLanguage\":\"eu\"},{\"@type\":\"Organization\",\"@id\":\"https:\\\/\\\/www.veronicacazalis.com\\\/#organization\",\"name\":\"Ver\u00f3nica Caz\u00e1lis Est\u00e9tica y Kinesiolog\u00eda\",\"alternateName\":\"Ver\u00f3nica Cazalis Salon de belleza\",\"url\":\"https:\\\/\\\/www.veronicacazalis.com\\\/\",\"logo\":{\"@type\":\"ImageObject\",\"inLanguage\":\"eu\",\"@id\":\"https:\\\/\\\/www.veronicacazalis.com\\\/#\\\/schema\\\/logo\\\/image\\\/\",\"url\":\"https:\\\/\\\/www.veronicacazalis.com\\\/wp-content\\\/uploads\\\/2025\\\/12\\\/cropped-foto-web-Centro-17.jpg\",\"contentUrl\":\"https:\\\/\\\/www.veronicacazalis.com\\\/wp-content\\\/uploads\\\/2025\\\/12\\\/cropped-foto-web-Centro-17.jpg\",\"width\":512,\"height\":512,\"caption\":\"Ver\u00f3nica Caz\u00e1lis Est\u00e9tica y Kinesiolog\u00eda\"},\"image\":{\"@id\":\"https:\\\/\\\/www.veronicacazalis.com\\\/#\\\/schema\\\/logo\\\/image\\\/\"},\"sameAs\":[\"https:\\\/\\\/www.facebook.com\\\/EsteticaVeronicaCazalis\",\"https:\\\/\\\/www.instagram.com\\\/veronicacazalis\\\/\",\"https:\\\/\\\/www.linkedin.com\\\/company\\\/ver\u00f3nica-cazalis\\\/\",\"https:\\\/\\\/www.youtube.com\\\/c\\\/VeronicaCazalis\\\/\"]}]}<\/script>\n<!-- \/ Yoast SEO plugin. -->","yoast_head_json":{"title":"Aurpegiko tratamenduak Zarautzen | Ver\u00f3nica Cazalis","description":"Nire aurpegia zaindu Zarautzen: diagnostikoa eta neurrira egindako protokoloa argitasunerako, irmotasunerako eta lasaitasunerako. Goi-kosmetika eta aparatologia.","robots":{"index":"index","follow":"follow","max-snippet":"max-snippet:-1","max-image-preview":"max-image-preview:large","max-video-preview":"max-video-preview:-1"},"canonical":"https:\/\/www.veronicacazalis.com\/eu\/nire-aurpegia-zaintzea\/","og_locale":"en_US","og_type":"article","og_title":"Aurpegiko tratamenduak Zarautzen | Ver\u00f3nica Cazalis","og_description":"Nire aurpegia zaindu Zarautzen: diagnostikoa eta neurrira egindako protokoloa argitasunerako, irmotasunerako eta lasaitasunerako. Goi-kosmetika eta aparatologia.","og_url":"https:\/\/www.veronicacazalis.com\/eu\/nire-aurpegia-zaintzea\/","og_site_name":"Ver\u00f3nica Cazalis","article_publisher":"https:\/\/www.facebook.com\/EsteticaVeronicaCazalis","article_modified_time":"2026-03-09T11:48:42+00:00","twitter_card":"summary_large_image","twitter_misc":{"Est. reading time":"2 minutua"},"schema":{"@context":"https:\/\/schema.org","@graph":[{"@type":"WebPage","@id":"https:\/\/www.veronicacazalis.com\/eu\/nire-aurpegia-zaintzea\/","url":"https:\/\/www.veronicacazalis.com\/eu\/nire-aurpegia-zaintzea\/","name":"Aurpegiko tratamenduak Zarautzen | Ver\u00f3nica Cazalis","isPartOf":{"@id":"https:\/\/www.veronicacazalis.com\/#website"},"datePublished":"2026-03-02T10:09:06+00:00","dateModified":"2026-03-09T11:48:42+00:00","description":"Nire aurpegia zaindu Zarautzen: diagnostikoa eta neurrira egindako protokoloa argitasunerako, irmotasunerako eta lasaitasunerako. Goi-kosmetika eta aparatologia.","breadcrumb":{"@id":"https:\/\/www.veronicacazalis.com\/eu\/nire-aurpegia-zaintzea\/#breadcrumb"},"inLanguage":"eu","potentialAction":[{"@type":"ReadAction","target":["https:\/\/www.veronicacazalis.com\/eu\/nire-aurpegia-zaintzea\/"]}]},{"@type":"BreadcrumbList","@id":"https:\/\/www.veronicacazalis.com\/eu\/nire-aurpegia-zaintzea\/#breadcrumb","itemListElement":[{"@type":"ListItem","position":1,"name":"Portada","item":"https:\/\/www.veronicacazalis.com\/eu\/"},{"@type":"ListItem","position":2,"name":"Nire aurpegia zaintzea"}]},{"@type":"WebSite","@id":"https:\/\/www.veronicacazalis.com\/#website","url":"https:\/\/www.veronicacazalis.com\/","name":"Ver\u00f3nica Cazalis","description":"Centro de Est\u00e9tica y Kinesiolog\u00eda.","publisher":{"@id":"https:\/\/www.veronicacazalis.com\/#organization"},"potentialAction":[{"@type":"SearchAction","target":{"@type":"EntryPoint","urlTemplate":"https:\/\/www.veronicacazalis.com\/?s={search_term_string}"},"query-input":{"@type":"PropertyValueSpecification","valueRequired":true,"valueName":"search_term_string"}}],"inLanguage":"eu"},{"@type":"Organization","@id":"https:\/\/www.veronicacazalis.com\/#organization","name":"Ver\u00f3nica Caz\u00e1lis Est\u00e9tica y Kinesiolog\u00eda","alternateName":"Ver\u00f3nica Cazalis Salon de belleza","url":"https:\/\/www.veronicacazalis.com\/","logo":{"@type":"ImageObject","inLanguage":"eu","@id":"https:\/\/www.veronicacazalis.com\/#\/schema\/logo\/image\/","url":"https:\/\/www.veronicacazalis.com\/wp-content\/uploads\/2025\/12\/cropped-foto-web-Centro-17.jpg","contentUrl":"https:\/\/www.veronicacazalis.com\/wp-content\/uploads\/2025\/12\/cropped-foto-web-Centro-17.jpg","width":512,"height":512,"caption":"Ver\u00f3nica Caz\u00e1lis Est\u00e9tica y Kinesiolog\u00eda"},"image":{"@id":"https:\/\/www.veronicacazalis.com\/#\/schema\/logo\/image\/"},"sameAs":["https:\/\/www.facebook.com\/EsteticaVeronicaCazalis","https:\/\/www.instagram.com\/veronicacazalis\/","https:\/\/www.linkedin.com\/company\/ver\u00f3nica-cazalis\/","https:\/\/www.youtube.com\/c\/VeronicaCazalis\/"]}]}},"_links":{"self":[{"href":"https:\/\/www.veronicacazalis.com\/eu\/wp-json\/wp\/v2\/pages\/45608","targetHints":{"allow":["GET"]}}],"collection":[{"href":"https:\/\/www.veronicacazalis.com\/eu\/wp-json\/wp\/v2\/pages"}],"about":[{"href":"https:\/\/www.veronicacazalis.com\/eu\/wp-json\/wp\/v2\/types\/page"}],"author":[{"embeddable":true,"href":"https:\/\/www.veronicacazalis.com\/eu\/wp-json\/wp\/v2\/users\/1"}],"replies":[{"embeddable":true,"href":"https:\/\/www.veronicacazalis.com\/eu\/wp-json\/wp\/v2\/comments?post=45608"}],"version-history":[{"count":11,"href":"https:\/\/www.veronicacazalis.com\/eu\/wp-json\/wp\/v2\/pages\/45608\/revisions"}],"predecessor-version":[{"id":45908,"href":"https:\/\/www.veronicacazalis.com\/eu\/wp-json\/wp\/v2\/pages\/45608\/revisions\/45908"}],"wp:attachment":[{"href":"https:\/\/www.veronicacazalis.com\/eu\/wp-json\/wp\/v2\/media?parent=45608"}],"curies":[{"name":"wp","href":"https:\/\/api.w.org\/{rel}","templated":true}]}}