{"id":45591,"date":"2026-01-21T15:47:31","date_gmt":"2026-01-21T15:47:31","guid":{"rendered":"https:\/\/www.veronicacazalis.com\/nire-gorputza-zaindu\/"},"modified":"2026-04-14T17:35:48","modified_gmt":"2026-04-14T17:35:48","slug":"nire-gorputza-zaindu","status":"publish","type":"page","link":"https:\/\/www.veronicacazalis.com\/eu\/nire-gorputza-zaindu\/","title":{"rendered":"Nire gorputza zaindu"},"content":{"rendered":"<div class=\"wpb-content-wrapper\"><p>[vc_row row_type=&#8221;row&#8221; use_row_as_full_screen_section=&#8221;no&#8221; type=&#8221;full_width&#8221; oblique_section=&#8221;no&#8221; text_align=&#8221;left&#8221; css_animation=&#8221;&#8221;][vc_column][vc_column_text]<\/p>\n<h3 style=\"text-align: center;\" data-start=\"2524\" data-end=\"2763\">Hanka astunak, flazidezia, likidoen atxikipena,<\/h3>\n<h3 style=\"text-align: center;\" data-start=\"2524\" data-end=\"2763\">bolumen lokalizatua edo, besterik gabe, sentsazioa<\/h3>\n<h3 style=\"text-align: center;\" data-start=\"2524\" data-end=\"2763\">\u00abez naiz eroso sentitzen nire gorputzean\u00bb.<\/h3>\n<h4 style=\"text-align: center;\" data-start=\"2524\" data-end=\"2763\"><strong>Aparatologia, masajea eta Kinesiologia uztartzen ditugu, arinago, sendoago eta zurekin lerrokatuago senti zaitezen.<\/strong><\/h4>\n<p>[\/vc_column_text][\/vc_column][\/vc_row][vc_row row_type=&#8221;row&#8221; use_row_as_full_screen_section=&#8221;no&#8221; type=&#8221;full_width&#8221; oblique_section=&#8221;no&#8221; text_align=&#8221;left&#8221; padding_top=&#8221;45&#8243; padding_bottom=&#8221;45&#8243; css_animation=&#8221;element_from_fade&#8221;][vc_column width=&#8221;1\/2&#8243;][vc_column_text]<\/p>\n<h3 style=\"text-align: center;\"><strong>\u00bfZER ESKATZEN DIZU ZURE GORPUTZAK?<\/strong><\/h3>\n<p>[\/vc_column_text][vc_empty_space height=&#8221;20px&#8221; image_repeat=&#8221;no-repeat&#8221;][vc_column_text]<\/p>\n<p style=\"text-align: center;\" data-start=\"2784\" data-end=\"2896\"><strong>Zure gorputza zaintzen dugu, arinago, sendoago eta zurekin harmonian senti dadin, tratamendu bakoitza Kinesiologiarekin probatu ondoren aukeratuz.<\/strong><\/p>\n<ul>\n<li style=\"list-style-type: none;\">\n<ul>\n<li data-start=\"2782\" data-end=\"2896\">\n<p data-start=\"2784\" data-end=\"2896\"><strong data-start=\"2784\" data-end=\"2813\">Drenatzea eta hanka arinak <\/strong>Zirkulazioa hobetzeko, astuntasuna arintzeko eta atxikipena murrizteko tratamenduak.<span style=\"color: #ff1c8e;\"> <a style=\"color: #ff1c8e;\" href=\"https:\/\/www.veronicacazalis.com\/eu\/drainatzea-eta-hanka-arinak\/\" target=\"_blank\" rel=\"noopener\">Gehiago ikusi&#8230;.<\/a><\/span><\/p>\n<\/li>\n<li data-start=\"2898\" data-end=\"3045\">\n<p data-start=\"2900\" data-end=\"3045\">Berrfinkatzea eta birmoldatzea<br data-start=\"2931\" data-end=\"2934\">Gorputz-aparatuak dituzten protokoloak (irrati-maiztasuna, EMSlim &amp; Tone, etab.) eta masajea, irmotasunerako eta ingururako.<a style=\"color: #ff1c8e;\" href=\"https:\/\/www.veronicacazalis.com\/eu\/berrfinkatzea-eta-birmoldatzea\/\" target=\"_blank\" rel=\"noopener\"> Gehiago ikusi&#8230;<\/a><\/p>\n<\/li>\n<li data-start=\"3047\" data-end=\"3172\">\n<p data-start=\"3049\" data-end=\"3172\">Zelulitisa eta larruazalaren testura<br data-start=\"3083\" data-end=\"3086\">Zelulitisaren itxura eta larruazalaren kalitatea hobetzeko ikuspegi konbinatuak. <a style=\"color: #ff1c8e;\" href=\"https:\/\/www.veronicacazalis.com\/eu\/zelulitisa-eta-bolumena\/\" target=\"_blank\" rel=\"noopener\">Gehiago ikusi&#8230;<\/a><\/p>\n<\/li>\n<li data-start=\"3174\" data-end=\"3318\">\n<p data-start=\"3176\" data-end=\"3318\">Gorputzaren ongizatea (bizkarra, zerbikalak&#8230;)<br data-start=\"3221\" data-end=\"3224\">Muskulu-tentsioak eta eguneroko gainkarga arintzeko masajeak eta teknika espezifikoak. <a style=\"color: #ff1c8e;\" href=\"https:\/\/www.veronicacazalis.com\/eu\/masajea-eta-gorputzaren-ongizatea\/\" target=\"_blank\" rel=\"noopener\">Gehiago ikusi&#8230;<\/a><\/p>\n<\/li>\n<li data-start=\"3174\" data-end=\"3318\"><strong>Nire elikadura zaintzea <\/strong><\/li>\n<\/ul>\n<\/li>\n<\/ul>\n<p>Jaten duzuna zaintzea, dena hobetzen den eremua zaintzea da. Gure nutrizionistak zure elikadura barrutik ordenatzen laguntzen dizu, zure larruazaleko, energiako eta ongizateko aldaketak adabaki bat izan ez daitezen, baizik eta denboran eusten zaion oinarri sendo bat. <a style=\"color: #ff1c8e;\" href=\"https:\/\/www.veronicacazalis.com\/eu\/dietsana-nutrizio-kontsulta\/\" target=\"_blank\" rel=\"noopener\">Ikusi gehiago&#8230;<\/a>[\/vc_column_text][vc_row_inner row_type=&#8221;row&#8221; type=&#8221;full_width&#8221; use_row_as_full_screen_section_slide=&#8221;no&#8221; text_align=&#8221;left&#8221; css_animation=&#8221;&#8221;][vc_column_inner][no_elements_holder number_of_columns=&#8221;one_column&#8221;][no_elements_holder_item aligment=&#8221;left&#8221; advanced_animations=&#8221;no&#8221;]<div class='q_icon_with_title  normal_icon left_from_title'><div class=\"icon_title_holder\"><div class=\"icon_holder \" style=\"margin: 0PX -20px 0px 0px; \"><div class=\"icon_holder_inner\"><span class=\"qode_icon_stack qode_tiny_icon \" style=\"font-size: 20px;\"><i class=\"qode_icon_linea_icon icon-basic-clock icon_text_icon qode_icon_stack_1x\" style=\"font-size: 20px;\" ><\/i><\/span><\/div><\/div><div class=\"icon_title_inner_holder\"><h4 class=\"icon_title \" style=\"\"><\/h4><\/div><\/div><div class=\"icon_text_holder\"><div class=\"icon_text_inner\" style=\"\"><p style=''><\/p><\/div><\/div><\/div>[\/no_elements_holder_item][no_elements_holder_item aligment=&#8221;left&#8221; advanced_animations=&#8221;no&#8221;]<div class='q_icon_with_title  normal_icon left_from_title'><div class=\"icon_title_holder\"><div class=\"icon_holder \" style=\"margin: 0PX -20px 0px 0px; \"><div class=\"icon_holder_inner\"><span class=\"qode_icon_stack qode_tiny_icon \" style=\"font-size: 20px;\"><i class=\"qode_icon_linea_icon icon-ecommerce-sale icon_text_icon qode_icon_stack_1x\" style=\"font-size: 20px;\" ><\/i><\/span><\/div><\/div><div class=\"icon_title_inner_holder\"><h4 class=\"icon_title \" style=\"\"><\/h4><\/div><\/div><div class=\"icon_text_holder\"><div class=\"icon_text_inner\" style=\"\"><p style=''><\/p><\/div><\/div><\/div>[\/no_elements_holder_item][\/no_elements_holder][\/vc_column_inner][\/vc_row_inner][\/vc_column][vc_column width=&#8221;1\/2&#8243;][vc_single_image image=&#8221;45956&#8243; img_size=&#8221;full&#8221; alignment=&#8221;right&#8221; qode_css_animation=&#8221;&#8221;][\/vc_column][\/vc_row][vc_row row_type=&#8221;row&#8221; use_row_as_full_screen_section=&#8221;no&#8221; type=&#8221;full_width&#8221; oblique_section=&#8221;no&#8221; text_align=&#8221;left&#8221; css_animation=&#8221;&#8221;][vc_column][vc_btn title=&#8221;Nire gorputza zaindu nahi dut&#8221; color=&#8221;chino&#8221; i_icon_fontawesome=&#8221;fab fa-whatsapp&#8221; add_icon=&#8221;true&#8221; link=&#8221;url:https%3A%2F%2Fwa.me%2F34695700921%3Ftext%3DHola%252C%2520me%2520gustar%25C3%25ADa%2520reservar%2520un%2520diagn%25C3%25B3stico%2520kinesiol%C3%B3gico|title:Reserva%20tu%20cita|target:_blank|&#8221;][\/vc_column][\/vc_row]<\/p>\n<\/div>","protected":false},"excerpt":{"rendered":"<p>[vc_row row_type=&#8221;row&#8221; use_row_as_full_screen_section=&#8221;no&#8221; type=&#8221;full_width&#8221; oblique_section=&#8221;no&#8221; text_align=&#8221;left&#8221; css_animation=&#8221;&#8221;][vc_column][vc_column_text] Hanka astunak, flazidezia, likidoen atxikipena, bolumen lokalizatua edo, besterik gabe, sentsazioa \u00abez naiz eroso sentitzen nire gorputzean\u00bb. Aparatologia, masajea eta Kinesiologia uztartzen ditugu, arinago, sendoago eta zurekin lerrokatuago senti zaitezen. [\/vc_column_text][\/vc_column][\/vc_row][vc_row row_type=&#8221;row&#8221; use_row_as_full_screen_section=&#8221;no&#8221; type=&#8221;full_width&#8221; oblique_section=&#8221;no&#8221; text_align=&#8221;left&#8221; padding_top=&#8221;45&#8243; padding_bottom=&#8221;45&#8243;&#8230;<\/p>\n","protected":false},"author":1,"featured_media":0,"parent":0,"menu_order":0,"comment_status":"open","ping_status":"open","template":"","meta":{"_monsterinsights_skip_tracking":false,"_monsterinsights_sitenote_active":false,"_monsterinsights_sitenote_note":"","_monsterinsights_sitenote_category":0,"_joinchat":[],"footnotes":""},"class_list":["post-45591","page","type-page","status-publish","hentry"],"yoast_head":"<!-- This site is optimized with the Yoast SEO plugin v27.5 - https:\/\/yoast.com\/product\/yoast-seo-wordpress\/ -->\n<title>Zaindu zure gorputza Zarautzen | Estetika neurrira<\/title>\n<meta name=\"description\" content=\"Nire gorputza zaintzea Zarautzen: diagnostikoa eta neurrira egindako protokoloa irmotasun, drainatze eta ongizaterako. Goi-kosmetika, aparatologia eta masajea.\" \/>\n<meta name=\"robots\" content=\"index, follow, max-snippet:-1, max-image-preview:large, max-video-preview:-1\" \/>\n<link rel=\"canonical\" href=\"https:\/\/www.veronicacazalis.com\/eu\/nire-gorputza-zaindu\/\" \/>\n<meta property=\"og:locale\" content=\"en_US\" \/>\n<meta property=\"og:type\" content=\"article\" \/>\n<meta property=\"og:title\" content=\"Zaindu zure gorputza Zarautzen | Estetika neurrira\" \/>\n<meta property=\"og:description\" content=\"Nire gorputza zaintzea Zarautzen: diagnostikoa eta neurrira egindako protokoloa irmotasun, drainatze eta ongizaterako. Goi-kosmetika, aparatologia eta masajea.\" \/>\n<meta property=\"og:url\" content=\"https:\/\/www.veronicacazalis.com\/eu\/nire-gorputza-zaindu\/\" \/>\n<meta property=\"og:site_name\" content=\"Ver\u00f3nica Cazalis\" \/>\n<meta property=\"article:publisher\" content=\"https:\/\/www.facebook.com\/EsteticaVeronicaCazalis\" \/>\n<meta property=\"article:modified_time\" content=\"2026-04-14T17:35:48+00:00\" \/>\n<meta name=\"twitter:card\" content=\"summary_large_image\" \/>\n<meta name=\"twitter:label1\" content=\"Est. reading time\" \/>\n\t<meta name=\"twitter:data1\" content=\"2 minutua\" \/>\n<script type=\"application\/ld+json\" class=\"yoast-schema-graph\">{\"@context\":\"https:\\\/\\\/schema.org\",\"@graph\":[{\"@type\":\"WebPage\",\"@id\":\"https:\\\/\\\/www.veronicacazalis.com\\\/eu\\\/nire-gorputza-zaindu\\\/\",\"url\":\"https:\\\/\\\/www.veronicacazalis.com\\\/eu\\\/nire-gorputza-zaindu\\\/\",\"name\":\"Zaindu zure gorputza Zarautzen | Estetika neurrira\",\"isPartOf\":{\"@id\":\"https:\\\/\\\/www.veronicacazalis.com\\\/#website\"},\"datePublished\":\"2026-01-21T15:47:31+00:00\",\"dateModified\":\"2026-04-14T17:35:48+00:00\",\"description\":\"Nire gorputza zaintzea Zarautzen: diagnostikoa eta neurrira egindako protokoloa irmotasun, drainatze eta ongizaterako. Goi-kosmetika, aparatologia eta masajea.\",\"breadcrumb\":{\"@id\":\"https:\\\/\\\/www.veronicacazalis.com\\\/eu\\\/nire-gorputza-zaindu\\\/#breadcrumb\"},\"inLanguage\":\"eu\",\"potentialAction\":[{\"@type\":\"ReadAction\",\"target\":[\"https:\\\/\\\/www.veronicacazalis.com\\\/eu\\\/nire-gorputza-zaindu\\\/\"]}]},{\"@type\":\"BreadcrumbList\",\"@id\":\"https:\\\/\\\/www.veronicacazalis.com\\\/eu\\\/nire-gorputza-zaindu\\\/#breadcrumb\",\"itemListElement\":[{\"@type\":\"ListItem\",\"position\":1,\"name\":\"Portada\",\"item\":\"https:\\\/\\\/www.veronicacazalis.com\\\/eu\\\/\"},{\"@type\":\"ListItem\",\"position\":2,\"name\":\"Nire gorputza zaindu\"}]},{\"@type\":\"WebSite\",\"@id\":\"https:\\\/\\\/www.veronicacazalis.com\\\/#website\",\"url\":\"https:\\\/\\\/www.veronicacazalis.com\\\/\",\"name\":\"Ver\u00f3nica Cazalis\",\"description\":\"Centro de Est\u00e9tica y Kinesiolog\u00eda.\",\"publisher\":{\"@id\":\"https:\\\/\\\/www.veronicacazalis.com\\\/#organization\"},\"potentialAction\":[{\"@type\":\"SearchAction\",\"target\":{\"@type\":\"EntryPoint\",\"urlTemplate\":\"https:\\\/\\\/www.veronicacazalis.com\\\/?s={search_term_string}\"},\"query-input\":{\"@type\":\"PropertyValueSpecification\",\"valueRequired\":true,\"valueName\":\"search_term_string\"}}],\"inLanguage\":\"eu\"},{\"@type\":\"Organization\",\"@id\":\"https:\\\/\\\/www.veronicacazalis.com\\\/#organization\",\"name\":\"Ver\u00f3nica Caz\u00e1lis Est\u00e9tica y Kinesiolog\u00eda\",\"alternateName\":\"Ver\u00f3nica Cazalis Salon de belleza\",\"url\":\"https:\\\/\\\/www.veronicacazalis.com\\\/\",\"logo\":{\"@type\":\"ImageObject\",\"inLanguage\":\"eu\",\"@id\":\"https:\\\/\\\/www.veronicacazalis.com\\\/#\\\/schema\\\/logo\\\/image\\\/\",\"url\":\"https:\\\/\\\/www.veronicacazalis.com\\\/wp-content\\\/uploads\\\/2025\\\/12\\\/cropped-foto-web-Centro-17.jpg\",\"contentUrl\":\"https:\\\/\\\/www.veronicacazalis.com\\\/wp-content\\\/uploads\\\/2025\\\/12\\\/cropped-foto-web-Centro-17.jpg\",\"width\":512,\"height\":512,\"caption\":\"Ver\u00f3nica Caz\u00e1lis Est\u00e9tica y Kinesiolog\u00eda\"},\"image\":{\"@id\":\"https:\\\/\\\/www.veronicacazalis.com\\\/#\\\/schema\\\/logo\\\/image\\\/\"},\"sameAs\":[\"https:\\\/\\\/www.facebook.com\\\/EsteticaVeronicaCazalis\",\"https:\\\/\\\/www.instagram.com\\\/veronicacazalis\\\/\",\"https:\\\/\\\/www.linkedin.com\\\/company\\\/ver\u00f3nica-cazalis\\\/\",\"https:\\\/\\\/www.youtube.com\\\/c\\\/VeronicaCazalis\\\/\"]}]}<\/script>\n<!-- \/ Yoast SEO plugin. -->","yoast_head_json":{"title":"Zaindu zure gorputza Zarautzen | Estetika neurrira","description":"Nire gorputza zaintzea Zarautzen: diagnostikoa eta neurrira egindako protokoloa irmotasun, drainatze eta ongizaterako. Goi-kosmetika, aparatologia eta masajea.","robots":{"index":"index","follow":"follow","max-snippet":"max-snippet:-1","max-image-preview":"max-image-preview:large","max-video-preview":"max-video-preview:-1"},"canonical":"https:\/\/www.veronicacazalis.com\/eu\/nire-gorputza-zaindu\/","og_locale":"en_US","og_type":"article","og_title":"Zaindu zure gorputza Zarautzen | Estetika neurrira","og_description":"Nire gorputza zaintzea Zarautzen: diagnostikoa eta neurrira egindako protokoloa irmotasun, drainatze eta ongizaterako. Goi-kosmetika, aparatologia eta masajea.","og_url":"https:\/\/www.veronicacazalis.com\/eu\/nire-gorputza-zaindu\/","og_site_name":"Ver\u00f3nica Cazalis","article_publisher":"https:\/\/www.facebook.com\/EsteticaVeronicaCazalis","article_modified_time":"2026-04-14T17:35:48+00:00","twitter_card":"summary_large_image","twitter_misc":{"Est. reading time":"2 minutua"},"schema":{"@context":"https:\/\/schema.org","@graph":[{"@type":"WebPage","@id":"https:\/\/www.veronicacazalis.com\/eu\/nire-gorputza-zaindu\/","url":"https:\/\/www.veronicacazalis.com\/eu\/nire-gorputza-zaindu\/","name":"Zaindu zure gorputza Zarautzen | Estetika neurrira","isPartOf":{"@id":"https:\/\/www.veronicacazalis.com\/#website"},"datePublished":"2026-01-21T15:47:31+00:00","dateModified":"2026-04-14T17:35:48+00:00","description":"Nire gorputza zaintzea Zarautzen: diagnostikoa eta neurrira egindako protokoloa irmotasun, drainatze eta ongizaterako. Goi-kosmetika, aparatologia eta masajea.","breadcrumb":{"@id":"https:\/\/www.veronicacazalis.com\/eu\/nire-gorputza-zaindu\/#breadcrumb"},"inLanguage":"eu","potentialAction":[{"@type":"ReadAction","target":["https:\/\/www.veronicacazalis.com\/eu\/nire-gorputza-zaindu\/"]}]},{"@type":"BreadcrumbList","@id":"https:\/\/www.veronicacazalis.com\/eu\/nire-gorputza-zaindu\/#breadcrumb","itemListElement":[{"@type":"ListItem","position":1,"name":"Portada","item":"https:\/\/www.veronicacazalis.com\/eu\/"},{"@type":"ListItem","position":2,"name":"Nire gorputza zaindu"}]},{"@type":"WebSite","@id":"https:\/\/www.veronicacazalis.com\/#website","url":"https:\/\/www.veronicacazalis.com\/","name":"Ver\u00f3nica Cazalis","description":"Centro de Est\u00e9tica y Kinesiolog\u00eda.","publisher":{"@id":"https:\/\/www.veronicacazalis.com\/#organization"},"potentialAction":[{"@type":"SearchAction","target":{"@type":"EntryPoint","urlTemplate":"https:\/\/www.veronicacazalis.com\/?s={search_term_string}"},"query-input":{"@type":"PropertyValueSpecification","valueRequired":true,"valueName":"search_term_string"}}],"inLanguage":"eu"},{"@type":"Organization","@id":"https:\/\/www.veronicacazalis.com\/#organization","name":"Ver\u00f3nica Caz\u00e1lis Est\u00e9tica y Kinesiolog\u00eda","alternateName":"Ver\u00f3nica Cazalis Salon de belleza","url":"https:\/\/www.veronicacazalis.com\/","logo":{"@type":"ImageObject","inLanguage":"eu","@id":"https:\/\/www.veronicacazalis.com\/#\/schema\/logo\/image\/","url":"https:\/\/www.veronicacazalis.com\/wp-content\/uploads\/2025\/12\/cropped-foto-web-Centro-17.jpg","contentUrl":"https:\/\/www.veronicacazalis.com\/wp-content\/uploads\/2025\/12\/cropped-foto-web-Centro-17.jpg","width":512,"height":512,"caption":"Ver\u00f3nica Caz\u00e1lis Est\u00e9tica y Kinesiolog\u00eda"},"image":{"@id":"https:\/\/www.veronicacazalis.com\/#\/schema\/logo\/image\/"},"sameAs":["https:\/\/www.facebook.com\/EsteticaVeronicaCazalis","https:\/\/www.instagram.com\/veronicacazalis\/","https:\/\/www.linkedin.com\/company\/ver\u00f3nica-cazalis\/","https:\/\/www.youtube.com\/c\/VeronicaCazalis\/"]}]}},"_links":{"self":[{"href":"https:\/\/www.veronicacazalis.com\/eu\/wp-json\/wp\/v2\/pages\/45591","targetHints":{"allow":["GET"]}}],"collection":[{"href":"https:\/\/www.veronicacazalis.com\/eu\/wp-json\/wp\/v2\/pages"}],"about":[{"href":"https:\/\/www.veronicacazalis.com\/eu\/wp-json\/wp\/v2\/types\/page"}],"author":[{"embeddable":true,"href":"https:\/\/www.veronicacazalis.com\/eu\/wp-json\/wp\/v2\/users\/1"}],"replies":[{"embeddable":true,"href":"https:\/\/www.veronicacazalis.com\/eu\/wp-json\/wp\/v2\/comments?post=45591"}],"version-history":[{"count":14,"href":"https:\/\/www.veronicacazalis.com\/eu\/wp-json\/wp\/v2\/pages\/45591\/revisions"}],"predecessor-version":[{"id":45961,"href":"https:\/\/www.veronicacazalis.com\/eu\/wp-json\/wp\/v2\/pages\/45591\/revisions\/45961"}],"wp:attachment":[{"href":"https:\/\/www.veronicacazalis.com\/eu\/wp-json\/wp\/v2\/media?parent=45591"}],"curies":[{"name":"wp","href":"https:\/\/api.w.org\/{rel}","templated":true}]}}