{"id":44502,"date":"2022-10-16T17:22:07","date_gmt":"2022-10-16T17:22:07","guid":{"rendered":"https:\/\/www.veronicacazalis.com\/?page_id=44502"},"modified":"2024-02-29T09:45:57","modified_gmt":"2024-02-29T09:45:57","slug":"bach-loreak","status":"publish","type":"page","link":"https:\/\/www.veronicacazalis.com\/eu\/bach-loreak\/","title":{"rendered":"Esentziak eta Lore Terapiak"},"content":{"rendered":"<div class=\"wpb-content-wrapper\"><p>[vc_row row_type=&#8221;row&#8221; use_row_as_full_screen_section=&#8221;no&#8221; type=&#8221;full_width&#8221; oblique_section=&#8221;no&#8221; text_align=&#8221;left&#8221; padding_top=&#8221;45&#8243; padding_bottom=&#8221;45&#8243; css_animation=&#8221;&#8221;][vc_column][vc_column_text]<\/p>\n<h4 id=\"E1059\" class=\"x-scope qowt-word-para-3\" style=\"text-align: center;\"><span id=\"E1060\" class=\"qowt-font17-Helvetica\">Esentziak eta Lore Terapiak laguntza paregabea dira ongizate emozionalerako.<\/span><\/h4>\n<h4 id=\"E1061\" class=\"x-scope qowt-word-para-3\" style=\"text-align: center;\"><span id=\"E1062\" class=\"qowt-font17-Helvetica\">Hori<\/span><span id=\"E1063\" class=\"qowt-font17-Helvetica\">e<\/span><span id=\"E1064\" class=\"qowt-font17-Helvetica\">n<\/span><span id=\"E1065\" class=\"qowt-font17-Helvetica\"> e<\/span><span id=\"E1066\" class=\"qowt-font17-Helvetica\">ragin<\/span><span id=\"E1067\" class=\"qowt-font17-Helvetica\">a loreen esentziek igortzen dituzten frekuentzietan oinarritzen da, <\/span><span id=\"E1068\" class=\"qowt-font17-Helvetica\">izatez <\/span><span id=\"E1069\" class=\"qowt-font17-Helvetica\">&#8220;antidoto&#8221; <\/span><span id=\"E1070\" class=\"qowt-font17-Helvetica\">moduko bat <\/span><span id=\"E1071\" class=\"qowt-font17-Helvetica\">direna<\/span><span id=\"E1072\" class=\"qowt-font17-Helvetica\">gure gorputzean eta ar<\/span><span id=\"E1073\" class=\"qowt-font17-Helvetica\">iman enkistatutako emozioentzat<\/span><span id=\"E1074\" class=\"qowt-font17-Helvetica\">.<\/span><\/h4>\n<h4 id=\"E1075\" class=\"x-scope qowt-word-para-3\" style=\"text-align: center;\"><span id=\"E1076\" class=\"qowt-font17-Helvetica\">E<\/span><span id=\"E1077\" class=\"qowt-font17-Helvetica\">rabiltzea <\/span><span id=\"E1078\" class=\"qowt-font17-Helvetica\">hain <\/span><span id=\"E1079\" class=\"qowt-font17-Helvetica\">da erraza<\/span><span id=\"E1080\" class=\"qowt-font17-Helvetica\">,<\/span><span id=\"E1081\" class=\"qowt-font17-Helvetica\"> egunean <\/span><span id=\"E1082\" class=\"qowt-font17-Helvetica\">zenbait aldiz<\/span><span id=\"E1083\" class=\"qowt-font17-Helvetica\"> <\/span><span id=\"E1084\" class=\"qowt-font17-Helvetica\">m<\/span><span id=\"E1085\" class=\"qowt-font17-Helvetica\">ingain azpian tantatxo batzuk jartzea bezain. Errepika<\/span><span id=\"E1086\" class=\"qowt-font17-Helvetica\">tu ahala<\/span><span id=\"E1087\" class=\"qowt-font17-Helvetica\"> <\/span><span id=\"E1088\" class=\"qowt-font17-Helvetica\">frekuentzia<\/span><span id=\"E1089\" class=\"qowt-font17-Helvetica\"> sendatzaileaz <\/span><span id=\"E1090\" class=\"qowt-font17-Helvetica\">ase<\/span><span id=\"E1091\" class=\"qowt-font17-Helvetica\">tzeko<\/span><span id=\"E1092\" class=\"qowt-font17-Helvetica\"> <\/span><span id=\"E1093\" class=\"qowt-font17-Helvetica\">aukera <\/span><span id=\"E1094\" class=\"qowt-font17-Helvetica\">du<\/span><span id=\"E1095\" class=\"qowt-font17-Helvetica\">gu<\/span><span id=\"E1096\" class=\"qowt-font17-Helvetica\">.<\/span><\/h4>\n<h4 id=\"E1097\" class=\"x-scope qowt-word-para-3\" style=\"text-align: center;\"><span id=\"E1098\" class=\"qowt-font17-Helvetica\">Bi lore esentzia mota erabiltzen ditugu:<\/span><\/h4>\n<h4 id=\"E1099\" class=\"x-scope qowt-word-para-3\" style=\"text-align: center;\"><span id=\"E1100\" class=\"qowt-font17-Helvetica\">Bach<\/span><span id=\"E1101\" class=\"qowt-font17-Helvetica\">en<\/span><span id=\"E1102\" class=\"qowt-font17-Helvetica\"> Lore<\/span><span id=\"E1103\" class=\"qowt-font17-Helvetica\">en<\/span><span id=\"E1104\" class=\"qowt-font17-Helvetica\"> T<\/span><span id=\"E1105\" class=\"qowt-font17-Helvetica\">erapia eta Triunitate E<\/span><span id=\"E1106\" class=\"qowt-font17-Helvetica\">sentziak.<\/span><\/h4>\n<h4 id=\"E1107\" class=\"x-scope qowt-word-para-3\" style=\"text-align: center;\"><span id=\"E1108\" class=\"qowt-font17-Helvetica\">Egokiena <\/span><span id=\"E1109\" class=\"qowt-font17-Helvetica\">da <\/span><span id=\"E1110\" class=\"qowt-font17-Helvetica\">Kinesiologia<\/span><span id=\"E1111\" class=\"qowt-font17-Helvetica\"> saio batean <\/span><span id=\"E1112\" class=\"qowt-font17-Helvetica\">test<\/span><span id=\"E1113\" class=\"qowt-font17-Helvetica\">atzea. Horrela, une horretan zer Lore behar duzun zehaztuko dugu, informazioa <\/span><span id=\"E1114\" class=\"qowt-font17-Helvetica\">eman <\/span><span id=\"E1115\" class=\"qowt-font17-Helvetica\">eta <\/span><span id=\"E1116\" class=\"qowt-font17-Helvetica\">jabearazik<\/span><span id=\"E1117\" class=\"qowt-font17-Helvetica\">o <\/span><span id=\"E1118\" class=\"qowt-font17-Helvetica\">zait<\/span><span id=\"E1119\" class=\"qowt-font17-Helvetica\">ugu eta, ondoren, esentzia etxera eramango duzu denbora batez hartzeko.<\/span><\/h4>\n<h4 id=\"E1120\" class=\"x-scope qowt-word-para-3\" style=\"text-align: center;\"><span id=\"E1121\" class=\"qowt-font17-Helvetica\">Esentzia horiekin <\/span><span id=\"E1122\" class=\"qowt-font17-Helvetica\">artatuko <\/span><span id=\"E1123\" class=\"qowt-font17-Helvetica\">dituzu <\/span><span id=\"E1124\" class=\"qowt-font17-Helvetica\">emozioak<\/span><span id=\"E1125\" class=\"qowt-font17-Helvetica\">, beldurrak, kezkak, amorrua, etab.<\/span><\/h4>\n<h4 id=\"E1126\" class=\"x-scope qowt-word-para-3\" style=\"text-align: center;\"><span id=\"E1127\" class=\"qowt-font17-Helvetica\">E<\/span><span id=\"E1128\" class=\"qowt-font17-Helvetica\">m<\/span><span id=\"E1129\" class=\"qowt-font17-Helvetica\">ozioak landu nahi badituzu, Vero<\/span><span id=\"E1130\" class=\"qowt-font17-Helvetica\">nica Cazali<\/span><span id=\"E1131\" class=\"qowt-font17-Helvetica\">s duzu<\/span><span id=\"E1132\" class=\"qowt-font17-Helvetica\"> <\/span><span id=\"E1133\" class=\"qowt-font17-Helvetica\">Terapeuta <\/span><span id=\"E1134\" class=\"qowt-font17-Helvetica\">Bach<\/span><span id=\"E1135\" class=\"qowt-font17-Helvetica\">en<\/span><span id=\"E1136\" class=\"qowt-font17-Helvetica\"> lore<\/span><span id=\"E1137\" class=\"qowt-font17-Helvetica\">e<\/span><span id=\"E1138\" class=\"qowt-font17-Helvetica\">ta<\/span><span id=\"E1139\" class=\"qowt-font17-Helvetica\">n<\/span><span id=\"E1140\" class=\"qowt-font17-Helvetica\"> <\/span><span id=\"E1141\" class=\"qowt-font17-Helvetica\">Zarautzen<\/span><span id=\"E1142\" class=\"qowt-font17-Helvetica\">.<\/span><\/h4>\n<h4 style=\"text-align: center;\"><\/h4>\n<p>[\/vc_column_text][\/vc_column][\/vc_row][vc_row row_type=&#8221;row&#8221; use_row_as_full_screen_section=&#8221;no&#8221; type=&#8221;full_width&#8221; oblique_section=&#8221;no&#8221; text_align=&#8221;left&#8221; padding_top=&#8221;45&#8243; padding_bottom=&#8221;45&#8243; css_animation=&#8221;element_from_fade&#8221;][vc_column width=&#8221;1\/2&#8243; el_class=&#8221;derecha&#8221;][vc_single_image image=&#8221;44238&#8243; img_size=&#8221;full&#8221; qode_css_animation=&#8221;&#8221;][\/vc_column][vc_column width=&#8221;1\/2&#8243;][vc_column_text]<\/p>\n<h3><span id=\"E1163\" class=\"qowt-font17-Helvetica\">TRI<\/span><span id=\"E1164\" class=\"qowt-font17-Helvetica\">UNIDAD<\/span><span id=\"E1165\" class=\"qowt-font17-Helvetica\"> ESENTZIAK<\/span><\/h3>\n<p>[\/vc_column_text][vc_empty_space height=&#8221;20px&#8221; image_repeat=&#8221;no-repeat&#8221;][vc_column_text]Sistema terapeutiko honen sortzailea Carmen Romanelli da, eta lore terapien metodo berdingabea garatu du, Esencias Triunidad\u00ae izenekoa.<\/p>\n<p>Carmenek berak jasotzen ditu loreak Arabako soroetan, eta balio bibrazional oso altuko lore esentziak<br \/>\nsortzen ditu.<\/p>\n<p>Bere hitzetan, loreen esentziaren bibrazioek zelula oroimenean (biologikoa) nahiz antzinakoan (familiakoa) eragiten dute, baina baita arimaren oroimenean (karmikoa) eta memoria espiritualean (kausala) ere, beste modu batean ezin lor zitekeena.<\/p>\n<p>Zertarako? Lore terapia hauen bidez, gure nortasuna sinesmen okerretatik edota gainditu gabeko traumetatik askatzeko. Horrela, informazio hori osatu egingo dugu, eta, lore terapiei esker, harmonia lortuko dugu.[\/vc_column_text][vc_row_inner row_type=&#8221;row&#8221; type=&#8221;full_width&#8221; use_row_as_full_screen_section_slide=&#8221;no&#8221; text_align=&#8221;left&#8221; css_animation=&#8221;&#8221;][vc_column_inner][no_elements_holder number_of_columns=&#8221;one_column&#8221;][no_elements_holder_item aligment=&#8221;left&#8221; advanced_animations=&#8221;no&#8221;]<div class='q_icon_with_title  normal_icon left_from_title'><div class=\"icon_title_holder\"><div class=\"icon_holder \" style=\"margin: 0PX -20px 0px 0px; \"><div class=\"icon_holder_inner\"><span class=\"qode_icon_stack qode_tiny_icon \" style=\"font-size: 20px;\"><i class=\"qode_icon_linea_icon icon-basic-clock icon_text_icon qode_icon_stack_1x\" style=\"font-size: 20px;\" ><\/i><\/span><\/div><\/div><div class=\"icon_title_inner_holder\"><h4 class=\"icon_title \" style=\"\">55 min<\/h4><\/div><\/div><div class=\"icon_text_holder\"><div class=\"icon_text_inner\" style=\"\"><p style=''><\/p><\/div><\/div><\/div>[\/no_elements_holder_item][no_elements_holder_item aligment=&#8221;left&#8221; advanced_animations=&#8221;no&#8221;]<div class='q_icon_with_title  normal_icon left_from_title'><div class=\"icon_title_holder\"><div class=\"icon_holder \" style=\"margin: 0PX -20px 0px 0px; \"><div class=\"icon_holder_inner\"><span class=\"qode_icon_stack qode_tiny_icon \" style=\"font-size: 20px;\"><i class=\"qode_icon_linea_icon icon-ecommerce-sale icon_text_icon qode_icon_stack_1x\" style=\"font-size: 20px;\" ><\/i><\/span><\/div><\/div><div class=\"icon_title_inner_holder\"><h4 class=\"icon_title \" style=\"\">62 \u20ac<\/h4><\/div><\/div><div class=\"icon_text_holder\"><div class=\"icon_text_inner\" style=\"\"><p style=''><\/p><\/div><\/div><\/div>[\/no_elements_holder_item][\/no_elements_holder][\/vc_column_inner][\/vc_row_inner][\/vc_column][\/vc_row][vc_row row_type=&#8221;row&#8221; use_row_as_full_screen_section=&#8221;no&#8221; type=&#8221;full_width&#8221; oblique_section=&#8221;no&#8221; text_align=&#8221;left&#8221; padding_top=&#8221;45&#8243; padding_bottom=&#8221;45&#8243; css_animation=&#8221;element_from_fade&#8221;][vc_column width=&#8221;1\/2&#8243; el_class=&#8221;derecha&#8221;][vc_single_image image=&#8221;43241&#8243; img_size=&#8221;full&#8221; qode_css_animation=&#8221;&#8221;][\/vc_column][vc_column width=&#8221;1\/2&#8243; el_class=&#8221;derecha&#8221;][vc_column_text]<\/p>\n<h3><strong>BACH LOREAK<\/strong><\/h3>\n<p>[\/vc_column_text][vc_empty_space height=&#8221;20px&#8221; image_repeat=&#8221;no-repeat&#8221;][vc_column_text]Bachen Loreen Terapiarekin egindako tratamenduek eguneroko bizitzako eskakizun emozionalei aurre<br \/>\negiten laguntzen digute.<\/p>\n<p>Prestakin bereziak dira, lorez eginak, eta gorputzak bere kasa orekatzeko duen<br \/>\ngaitasuna estimulatzen dute, sentimendu negatiboak deskargatuz eta zeuri agintea hartzen, zeure<br \/>\nburuarekin gustura sentitzen eta bizitzari etekin handiagoa ateratzen lagunduz.<\/p>\n<p>Bachen Loreen Terapiak beldurra, amorrua, kezka, interesik eza eta antzeko emozioak tratatzeko aukera<br \/>\nemango dizu.<\/p>\n<p>Zarautzen Bach institutuko gure practitioner Veronica Cazalisekin solastuz, zuretzako lore egokiena<br \/>\naukeratu eta zeuk kudeatuko duzu zure ongizatea Bachen Loreen Terapiaren laguntzarekin.[\/vc_column_text][vc_row_inner row_type=&#8221;row&#8221; type=&#8221;full_width&#8221; use_row_as_full_screen_section_slide=&#8221;no&#8221; text_align=&#8221;left&#8221; css_animation=&#8221;&#8221;][vc_column_inner][no_elements_holder number_of_columns=&#8221;one_column&#8221;][no_elements_holder_item aligment=&#8221;left&#8221; advanced_animations=&#8221;no&#8221;]<div class='q_icon_with_title  normal_icon left_from_title'><div class=\"icon_title_holder\"><div class=\"icon_holder \" style=\"margin: 0PX -20px 0px 0px; \"><div class=\"icon_holder_inner\"><span class=\"qode_icon_stack qode_tiny_icon \" style=\"font-size: 20px;\"><i class=\"qode_icon_linea_icon icon-basic-clock icon_text_icon qode_icon_stack_1x\" style=\"font-size: 20px;\" ><\/i><\/span><\/div><\/div><div class=\"icon_title_inner_holder\"><h4 class=\"icon_title \" style=\"\">55 min<\/h4><\/div><\/div><div class=\"icon_text_holder\"><div class=\"icon_text_inner\" style=\"\"><p style=''><\/p><\/div><\/div><\/div>[\/no_elements_holder_item][no_elements_holder_item aligment=&#8221;left&#8221; advanced_animations=&#8221;no&#8221;]<div class='q_icon_with_title  normal_icon left_from_title'><div class=\"icon_title_holder\"><div class=\"icon_holder \" style=\"margin: 0PX -20px 0px 0px; \"><div class=\"icon_holder_inner\"><span class=\"qode_icon_stack qode_tiny_icon \" style=\"font-size: 20px;\"><i class=\"qode_icon_linea_icon icon-ecommerce-sale icon_text_icon qode_icon_stack_1x\" style=\"font-size: 20px;\" ><\/i><\/span><\/div><\/div><div class=\"icon_title_inner_holder\"><h4 class=\"icon_title \" style=\"\">62 \u20ac<\/h4><\/div><\/div><div class=\"icon_text_holder\"><div class=\"icon_text_inner\" style=\"\"><p style=''><\/p><\/div><\/div><\/div>[\/no_elements_holder_item][\/no_elements_holder][\/vc_column_inner][\/vc_row_inner][\/vc_column][\/vc_row][vc_row row_type=&#8221;row&#8221; use_row_as_full_screen_section=&#8221;no&#8221; type=&#8221;full_width&#8221; oblique_section=&#8221;no&#8221; text_align=&#8221;left&#8221; css_animation=&#8221;&#8221;][vc_column][vc_column_text]<\/p>\n<p>[\/vc_column_text][\/vc_column][\/vc_row]<\/p>\n<\/div>","protected":false},"excerpt":{"rendered":"<p>[vc_row row_type=&#8221;row&#8221; use_row_as_full_screen_section=&#8221;no&#8221; type=&#8221;full_width&#8221; oblique_section=&#8221;no&#8221; text_align=&#8221;left&#8221; padding_top=&#8221;45&#8243; padding_bottom=&#8221;45&#8243; css_animation=&#8221;&#8221;][vc_column][vc_column_text] Esentziak eta Lore Terapiak laguntza paregabea dira ongizate emozionalerako. Horien eragina loreen esentziek igortzen dituzten frekuentzietan oinarritzen da, izatez &#8220;antidoto&#8221; moduko bat direnagure gorputzean eta ariman enkistatutako emozioentzat. Erabiltzea hain da erraza, egunean zenbait aldiz mingain&#8230;<\/p>\n","protected":false},"author":1,"featured_media":0,"parent":0,"menu_order":0,"comment_status":"open","ping_status":"open","template":"","meta":{"_monsterinsights_skip_tracking":false,"_monsterinsights_sitenote_active":false,"_monsterinsights_sitenote_note":"","_monsterinsights_sitenote_category":0,"_joinchat":[],"footnotes":""},"class_list":["post-44502","page","type-page","status-publish","hentry"],"yoast_head":"<!-- This site is optimized with the Yoast SEO plugin v27.5 - https:\/\/yoast.com\/product\/yoast-seo-wordpress\/ -->\n<title>Esentziak eta Lore Terapiak - Ver\u00f3nica Cazalis<\/title>\n<meta name=\"robots\" content=\"index, follow, max-snippet:-1, max-image-preview:large, max-video-preview:-1\" \/>\n<link rel=\"canonical\" href=\"https:\/\/www.veronicacazalis.com\/eu\/bach-loreak\/\" \/>\n<meta property=\"og:locale\" content=\"en_US\" \/>\n<meta property=\"og:type\" content=\"article\" \/>\n<meta property=\"og:title\" content=\"Esentziak eta Lore Terapiak - Ver\u00f3nica Cazalis\" \/>\n<meta property=\"og:description\" content=\"[vc_row row_type=&#8221;row&#8221; use_row_as_full_screen_section=&#8221;no&#8221; type=&#8221;full_width&#8221; oblique_section=&#8221;no&#8221; text_align=&#8221;left&#8221; padding_top=&#8221;45&#8243; padding_bottom=&#8221;45&#8243; css_animation=&#8221;&#8221;][vc_column][vc_column_text] Esentziak eta Lore Terapiak laguntza paregabea dira ongizate emozionalerako. Horien eragina loreen esentziek igortzen dituzten frekuentzietan oinarritzen da, izatez &#8220;antidoto&#8221; moduko bat direnagure gorputzean eta ariman enkistatutako emozioentzat. Erabiltzea hain da erraza, egunean zenbait aldiz mingain...\" \/>\n<meta property=\"og:url\" content=\"https:\/\/www.veronicacazalis.com\/eu\/bach-loreak\/\" \/>\n<meta property=\"og:site_name\" content=\"Ver\u00f3nica Cazalis\" \/>\n<meta property=\"article:publisher\" content=\"https:\/\/www.facebook.com\/EsteticaVeronicaCazalis\" \/>\n<meta property=\"article:modified_time\" content=\"2024-02-29T09:45:57+00:00\" \/>\n<meta name=\"twitter:card\" content=\"summary_large_image\" \/>\n<meta name=\"twitter:label1\" content=\"Est. reading time\" \/>\n\t<meta name=\"twitter:data1\" content=\"3 minutua\" \/>\n<script type=\"application\/ld+json\" class=\"yoast-schema-graph\">{\"@context\":\"https:\\\/\\\/schema.org\",\"@graph\":[{\"@type\":\"WebPage\",\"@id\":\"https:\\\/\\\/www.veronicacazalis.com\\\/eu\\\/bach-loreak\\\/\",\"url\":\"https:\\\/\\\/www.veronicacazalis.com\\\/eu\\\/bach-loreak\\\/\",\"name\":\"Esentziak eta Lore Terapiak - Ver\u00f3nica Cazalis\",\"isPartOf\":{\"@id\":\"https:\\\/\\\/www.veronicacazalis.com\\\/#website\"},\"datePublished\":\"2022-10-16T17:22:07+00:00\",\"dateModified\":\"2024-02-29T09:45:57+00:00\",\"breadcrumb\":{\"@id\":\"https:\\\/\\\/www.veronicacazalis.com\\\/eu\\\/bach-loreak\\\/#breadcrumb\"},\"inLanguage\":\"eu\",\"potentialAction\":[{\"@type\":\"ReadAction\",\"target\":[\"https:\\\/\\\/www.veronicacazalis.com\\\/eu\\\/bach-loreak\\\/\"]}]},{\"@type\":\"BreadcrumbList\",\"@id\":\"https:\\\/\\\/www.veronicacazalis.com\\\/eu\\\/bach-loreak\\\/#breadcrumb\",\"itemListElement\":[{\"@type\":\"ListItem\",\"position\":1,\"name\":\"Portada\",\"item\":\"https:\\\/\\\/www.veronicacazalis.com\\\/eu\\\/\"},{\"@type\":\"ListItem\",\"position\":2,\"name\":\"Esentziak eta Lore Terapiak\"}]},{\"@type\":\"WebSite\",\"@id\":\"https:\\\/\\\/www.veronicacazalis.com\\\/#website\",\"url\":\"https:\\\/\\\/www.veronicacazalis.com\\\/\",\"name\":\"Ver\u00f3nica Cazalis\",\"description\":\"Centro de Est\u00e9tica y Kinesiolog\u00eda.\",\"publisher\":{\"@id\":\"https:\\\/\\\/www.veronicacazalis.com\\\/#organization\"},\"potentialAction\":[{\"@type\":\"SearchAction\",\"target\":{\"@type\":\"EntryPoint\",\"urlTemplate\":\"https:\\\/\\\/www.veronicacazalis.com\\\/?s={search_term_string}\"},\"query-input\":{\"@type\":\"PropertyValueSpecification\",\"valueRequired\":true,\"valueName\":\"search_term_string\"}}],\"inLanguage\":\"eu\"},{\"@type\":\"Organization\",\"@id\":\"https:\\\/\\\/www.veronicacazalis.com\\\/#organization\",\"name\":\"Ver\u00f3nica Caz\u00e1lis Est\u00e9tica y Kinesiolog\u00eda\",\"alternateName\":\"Ver\u00f3nica Cazalis Salon de belleza\",\"url\":\"https:\\\/\\\/www.veronicacazalis.com\\\/\",\"logo\":{\"@type\":\"ImageObject\",\"inLanguage\":\"eu\",\"@id\":\"https:\\\/\\\/www.veronicacazalis.com\\\/#\\\/schema\\\/logo\\\/image\\\/\",\"url\":\"https:\\\/\\\/www.veronicacazalis.com\\\/wp-content\\\/uploads\\\/2025\\\/12\\\/cropped-foto-web-Centro-17.jpg\",\"contentUrl\":\"https:\\\/\\\/www.veronicacazalis.com\\\/wp-content\\\/uploads\\\/2025\\\/12\\\/cropped-foto-web-Centro-17.jpg\",\"width\":512,\"height\":512,\"caption\":\"Ver\u00f3nica Caz\u00e1lis Est\u00e9tica y Kinesiolog\u00eda\"},\"image\":{\"@id\":\"https:\\\/\\\/www.veronicacazalis.com\\\/#\\\/schema\\\/logo\\\/image\\\/\"},\"sameAs\":[\"https:\\\/\\\/www.facebook.com\\\/EsteticaVeronicaCazalis\",\"https:\\\/\\\/www.instagram.com\\\/veronicacazalis\\\/\",\"https:\\\/\\\/www.linkedin.com\\\/company\\\/ver\u00f3nica-cazalis\\\/\",\"https:\\\/\\\/www.youtube.com\\\/c\\\/VeronicaCazalis\\\/\"]}]}<\/script>\n<!-- \/ Yoast SEO plugin. -->","yoast_head_json":{"title":"Esentziak eta Lore Terapiak - Ver\u00f3nica Cazalis","robots":{"index":"index","follow":"follow","max-snippet":"max-snippet:-1","max-image-preview":"max-image-preview:large","max-video-preview":"max-video-preview:-1"},"canonical":"https:\/\/www.veronicacazalis.com\/eu\/bach-loreak\/","og_locale":"en_US","og_type":"article","og_title":"Esentziak eta Lore Terapiak - Ver\u00f3nica Cazalis","og_description":"[vc_row row_type=&#8221;row&#8221; use_row_as_full_screen_section=&#8221;no&#8221; type=&#8221;full_width&#8221; oblique_section=&#8221;no&#8221; text_align=&#8221;left&#8221; padding_top=&#8221;45&#8243; padding_bottom=&#8221;45&#8243; css_animation=&#8221;&#8221;][vc_column][vc_column_text] Esentziak eta Lore Terapiak laguntza paregabea dira ongizate emozionalerako. Horien eragina loreen esentziek igortzen dituzten frekuentzietan oinarritzen da, izatez &#8220;antidoto&#8221; moduko bat direnagure gorputzean eta ariman enkistatutako emozioentzat. Erabiltzea hain da erraza, egunean zenbait aldiz mingain...","og_url":"https:\/\/www.veronicacazalis.com\/eu\/bach-loreak\/","og_site_name":"Ver\u00f3nica Cazalis","article_publisher":"https:\/\/www.facebook.com\/EsteticaVeronicaCazalis","article_modified_time":"2024-02-29T09:45:57+00:00","twitter_card":"summary_large_image","twitter_misc":{"Est. reading time":"3 minutua"},"schema":{"@context":"https:\/\/schema.org","@graph":[{"@type":"WebPage","@id":"https:\/\/www.veronicacazalis.com\/eu\/bach-loreak\/","url":"https:\/\/www.veronicacazalis.com\/eu\/bach-loreak\/","name":"Esentziak eta Lore Terapiak - Ver\u00f3nica Cazalis","isPartOf":{"@id":"https:\/\/www.veronicacazalis.com\/#website"},"datePublished":"2022-10-16T17:22:07+00:00","dateModified":"2024-02-29T09:45:57+00:00","breadcrumb":{"@id":"https:\/\/www.veronicacazalis.com\/eu\/bach-loreak\/#breadcrumb"},"inLanguage":"eu","potentialAction":[{"@type":"ReadAction","target":["https:\/\/www.veronicacazalis.com\/eu\/bach-loreak\/"]}]},{"@type":"BreadcrumbList","@id":"https:\/\/www.veronicacazalis.com\/eu\/bach-loreak\/#breadcrumb","itemListElement":[{"@type":"ListItem","position":1,"name":"Portada","item":"https:\/\/www.veronicacazalis.com\/eu\/"},{"@type":"ListItem","position":2,"name":"Esentziak eta Lore Terapiak"}]},{"@type":"WebSite","@id":"https:\/\/www.veronicacazalis.com\/#website","url":"https:\/\/www.veronicacazalis.com\/","name":"Ver\u00f3nica Cazalis","description":"Centro de Est\u00e9tica y Kinesiolog\u00eda.","publisher":{"@id":"https:\/\/www.veronicacazalis.com\/#organization"},"potentialAction":[{"@type":"SearchAction","target":{"@type":"EntryPoint","urlTemplate":"https:\/\/www.veronicacazalis.com\/?s={search_term_string}"},"query-input":{"@type":"PropertyValueSpecification","valueRequired":true,"valueName":"search_term_string"}}],"inLanguage":"eu"},{"@type":"Organization","@id":"https:\/\/www.veronicacazalis.com\/#organization","name":"Ver\u00f3nica Caz\u00e1lis Est\u00e9tica y Kinesiolog\u00eda","alternateName":"Ver\u00f3nica Cazalis Salon de belleza","url":"https:\/\/www.veronicacazalis.com\/","logo":{"@type":"ImageObject","inLanguage":"eu","@id":"https:\/\/www.veronicacazalis.com\/#\/schema\/logo\/image\/","url":"https:\/\/www.veronicacazalis.com\/wp-content\/uploads\/2025\/12\/cropped-foto-web-Centro-17.jpg","contentUrl":"https:\/\/www.veronicacazalis.com\/wp-content\/uploads\/2025\/12\/cropped-foto-web-Centro-17.jpg","width":512,"height":512,"caption":"Ver\u00f3nica Caz\u00e1lis Est\u00e9tica y Kinesiolog\u00eda"},"image":{"@id":"https:\/\/www.veronicacazalis.com\/#\/schema\/logo\/image\/"},"sameAs":["https:\/\/www.facebook.com\/EsteticaVeronicaCazalis","https:\/\/www.instagram.com\/veronicacazalis\/","https:\/\/www.linkedin.com\/company\/ver\u00f3nica-cazalis\/","https:\/\/www.youtube.com\/c\/VeronicaCazalis\/"]}]}},"_links":{"self":[{"href":"https:\/\/www.veronicacazalis.com\/eu\/wp-json\/wp\/v2\/pages\/44502","targetHints":{"allow":["GET"]}}],"collection":[{"href":"https:\/\/www.veronicacazalis.com\/eu\/wp-json\/wp\/v2\/pages"}],"about":[{"href":"https:\/\/www.veronicacazalis.com\/eu\/wp-json\/wp\/v2\/types\/page"}],"author":[{"embeddable":true,"href":"https:\/\/www.veronicacazalis.com\/eu\/wp-json\/wp\/v2\/users\/1"}],"replies":[{"embeddable":true,"href":"https:\/\/www.veronicacazalis.com\/eu\/wp-json\/wp\/v2\/comments?post=44502"}],"version-history":[{"count":6,"href":"https:\/\/www.veronicacazalis.com\/eu\/wp-json\/wp\/v2\/pages\/44502\/revisions"}],"predecessor-version":[{"id":44851,"href":"https:\/\/www.veronicacazalis.com\/eu\/wp-json\/wp\/v2\/pages\/44502\/revisions\/44851"}],"wp:attachment":[{"href":"https:\/\/www.veronicacazalis.com\/eu\/wp-json\/wp\/v2\/media?parent=44502"}],"curies":[{"name":"wp","href":"https:\/\/api.w.org\/{rel}","templated":true}]}}