{"id":44493,"date":"2022-10-16T17:04:00","date_gmt":"2022-10-16T17:04:00","guid":{"rendered":"https:\/\/www.veronicacazalis.com\/?page_id=44493"},"modified":"2022-11-09T17:29:09","modified_gmt":"2022-11-09T17:29:09","slug":"emslim-and-tone","status":"publish","type":"page","link":"https:\/\/www.veronicacazalis.com\/eu\/emslim-and-tone\/","title":{"rendered":"EmSlim &#038; Tone"},"content":{"rendered":"<div class=\"wpb-content-wrapper\"><p>[vc_row row_type=&#8221;row&#8221; use_row_as_full_screen_section=&#8221;no&#8221; type=&#8221;full_width&#8221; oblique_section=&#8221;no&#8221; text_align=&#8221;left&#8221; padding_top=&#8221;45&#8243; padding_bottom=&#8221;45&#8243; css_animation=&#8221;&#8221;][vc_column][vc_column_text]<\/p>\n<h4 style=\"text-align: center;\"><strong>Inperfekzio Estetiko Organikoek sorburu piloa dute; batzuetan eskuz oreka daitezke, bestetan Teknologiaren laguntza behar izaten da.<\/strong><\/h4>\n<h4 style=\"text-align: center;\"><strong>Teknologia Estetikoak eskuak iristen ez diren lekuetara iristea ahalbidetzen digu.<\/strong><\/h4>\n<h4 style=\"text-align: center;\"><strong>Abangoardiako hainbat gailu dugu, hala nola EM&#8217;SLIM&amp;TONE , Hifem teknologiaren tresna.<\/strong><\/h4>\n<h4 style=\"text-align: center;\"><strong>Geuk testatuko zaitugu eta esango dizugu zein den egokiena zuretzat.<\/strong><\/h4>\n<p>[\/vc_column_text][\/vc_column][\/vc_row][vc_row row_type=&#8221;row&#8221; use_row_as_full_screen_section=&#8221;no&#8221; type=&#8221;full_width&#8221; oblique_section=&#8221;no&#8221; text_align=&#8221;left&#8221; padding_top=&#8221;45&#8243; padding_bottom=&#8221;45&#8243; css_animation=&#8221;element_from_fade&#8221;][vc_column width=&#8221;1\/2&#8243; el_class=&#8221;derecha&#8221;][vc_column_text]<\/p>\n<h3><strong>EM&#8217;SLIM &amp; TONE<\/strong><\/h3>\n<h3><strong>HIFEM teknologia<\/strong><\/h3>\n<p>[\/vc_column_text][vc_column_text] [\/vc_column_text][vc_empty_space height=&#8221;20px&#8221; image_repeat=&#8221;no-repeat&#8221;][vc_column_text]<b>EmSlim &amp; Tone da aparatologian zuen eskura dugun azken berrikuntza. Zertarako? <\/b><\/p>\n<p><span style=\"font-weight: 400;\">\u2014Egoera fisikoa hobetzeko.<\/span><\/p>\n<p><span style=\"font-weight: 400;\">\u2014Masa muskularra garatzeko.<\/span><\/p>\n<p><span style=\"font-weight: 400;\">\u2014Gantz lokalizatua gutxitzeko.<\/span><\/p>\n<p><span style=\"font-weight: 400;\">Eta hori guztia aldi berean eta denbora gutxian, EmSlim &amp; Tonek azken belaunaldiko <\/span><b>intentsitate handiko bibrazio magnetiko fokalizatuko teknologia (HIFEM) <\/b><span style=\"font-weight: 400;\">erabiltzen <\/span><span style=\"font-weight: 400;\">baitu<\/span><span style=\"font-weight: 400;\">.<\/span><\/p>\n<p><span style=\"font-weight: 400;\">Aparatu honek zuzenean estimulatzen ditu neurona motorrak gorputzeko muskuluak zabaldu eta uzkurtzeko (norberak berez lortzea ezinezkoa <\/span><span style=\"font-weight: 400;\">baita<\/span><span style=\"font-weight: 400;\">).<\/span><\/p>\n<p><b>Horregatik, 20 minutuko tratamendu<\/b>\u00a0<b>saio bakar batean, 30.000 muskulu-uzkurdura supramaximo estimula ditzake<\/b><span style=\"font-weight: 400;\">, eta horrek metabolismoari eta gantz-zelulen deskonposizioari laguntzen dio.<\/span><\/p>\n<p><strong>Zure irudia eraginkortasunez lantzen laguntzen du, giharrak indartzeari esker.<\/strong><\/p>\n<p><span style=\"font-weight: 400;\">EmSlim &amp; Tonek nazioarteko FDA eta CE ziurtagiria lortu du, eta<\/span><span style=\"font-weight: 400;\">\u00a0zabal aitortuta daude bere segurtasuna eta eraginkortasuna:<\/span><\/p>\n<p><b>E<\/b><b>remu errebelde<\/b>\u00a0<b>muskulatzen zailak lantzeko erabiltzen da <\/b><b>bereziki<\/b><b>, hala nola abdominalak, ipurmasailak edo trizepsak.<\/b><\/p>\n<p><span style=\"font-weight: 400;\">Edozeinentzat balio du? Ez, kontsultatu zure kasua eta egoera <\/span><span style=\"font-weight: 400;\">dohainik<\/span><span style=\"font-weight: 400;\">.<\/span><\/p>\n<p><b>Litekeena da zure muskulatura ez egotea orekatua oinarrian, eta horretarako erabiltzen ditugu aldi berean EmSlim aparatologia eta Kinesiologian oinarritutako BALANCE izeneko muskuluak orekatzeko teknika.<\/b><\/p>\n<p><span style=\"font-weight: 400;\">Horregatik dakigu onurarik handiena eskain diezazukegula\u2026<\/span><\/p>\n<p><b>Segurtasun osoz!<\/b>[\/vc_column_text][vc_row_inner row_type=&#8221;row&#8221; type=&#8221;full_width&#8221; use_row_as_full_screen_section_slide=&#8221;no&#8221; text_align=&#8221;left&#8221; css_animation=&#8221;&#8221;][vc_column_inner][no_elements_holder number_of_columns=&#8221;one_column&#8221;][no_elements_holder_item aligment=&#8221;left&#8221; advanced_animations=&#8221;no&#8221;]<div class='q_icon_with_title  normal_icon left_from_title'><div class=\"icon_title_holder\"><div class=\"icon_holder \" style=\"margin: 0PX -20px 0px 0px; \"><div class=\"icon_holder_inner\"><span class=\"qode_icon_stack qode_tiny_icon \" style=\"font-size: 20px;\"><i class=\"qode_icon_linea_icon icon-basic-clock icon_text_icon qode_icon_stack_1x\" style=\"font-size: 20px;\" ><\/i><\/span><\/div><\/div><div class=\"icon_title_inner_holder\"><h4 class=\"icon_title \" style=\"\">EmSlim 25 min ES + Balance 55 min<\/h4><\/div><\/div><div class=\"icon_text_holder\"><div class=\"icon_text_inner\" style=\"\"><p style=''><\/p><\/div><\/div><\/div>[\/no_elements_holder_item][no_elements_holder_item aligment=&#8221;left&#8221; advanced_animations=&#8221;no&#8221;]<div class='q_icon_with_title  normal_icon left_from_title'><div class=\"icon_title_holder\"><div class=\"icon_holder \" style=\"margin: 0PX -20px 0px 0px; \"><div class=\"icon_holder_inner\"><span class=\"qode_icon_stack qode_tiny_icon \" style=\"font-size: 20px;\"><i class=\"qode_icon_linea_icon icon-ecommerce-sale icon_text_icon qode_icon_stack_1x\" style=\"font-size: 20px;\" ><\/i><\/span><\/div><\/div><div class=\"icon_title_inner_holder\"><h4 class=\"icon_title \" style=\"\">EmSlim, 65 \u20ac \/ EmSlim + Balance, 85 \u20ac \/ 4 Saioko Bonua (2+2), 295 \u20ac<\/h4><\/div><\/div><div class=\"icon_text_holder\"><div class=\"icon_text_inner\" style=\"\"><p style=''><\/p><\/div><\/div><\/div>[\/no_elements_holder_item][\/no_elements_holder][\/vc_column_inner][\/vc_row_inner][\/vc_column][vc_column width=&#8221;1\/2&#8243; el_class=&#8221;derecha&#8221;][vc_single_image image=&#8221;43173&#8243; img_size=&#8221;full&#8221; qode_css_animation=&#8221;&#8221;][\/vc_column][\/vc_row][vc_column width=&#8221;1\/2&#8243; el_class=&#8221;derecha&#8221;][\/vc_column][vc_column width=&#8221;1\/2&#8243;][\/vc_column]<\/p>\n<\/div>","protected":false},"excerpt":{"rendered":"<p>[vc_row row_type=&#8221;row&#8221; use_row_as_full_screen_section=&#8221;no&#8221; type=&#8221;full_width&#8221; oblique_section=&#8221;no&#8221; text_align=&#8221;left&#8221; padding_top=&#8221;45&#8243; padding_bottom=&#8221;45&#8243; css_animation=&#8221;&#8221;][vc_column][vc_column_text] Inperfekzio Estetiko Organikoek sorburu piloa dute; batzuetan eskuz oreka daitezke, bestetan Teknologiaren laguntza behar izaten da. Teknologia Estetikoak eskuak iristen ez diren lekuetara iristea ahalbidetzen digu. Abangoardiako hainbat gailu dugu, hala nola EM&#8217;SLIM&amp;TONE , Hifem teknologiaren&#8230;<\/p>\n","protected":false},"author":1,"featured_media":0,"parent":0,"menu_order":0,"comment_status":"open","ping_status":"open","template":"","meta":{"_monsterinsights_skip_tracking":false,"_monsterinsights_sitenote_active":false,"_monsterinsights_sitenote_note":"","_monsterinsights_sitenote_category":0,"_joinchat":[],"footnotes":""},"class_list":["post-44493","page","type-page","status-publish","hentry"],"yoast_head":"<!-- This site is optimized with the Yoast SEO plugin v27.5 - https:\/\/yoast.com\/product\/yoast-seo-wordpress\/ -->\n<title>EmSlim &amp; Tone - Ver\u00f3nica Cazalis<\/title>\n<meta name=\"robots\" content=\"index, follow, max-snippet:-1, max-image-preview:large, max-video-preview:-1\" \/>\n<link rel=\"canonical\" href=\"https:\/\/www.veronicacazalis.com\/eu\/emslim-and-tone\/\" \/>\n<meta property=\"og:locale\" content=\"en_US\" \/>\n<meta property=\"og:type\" content=\"article\" \/>\n<meta property=\"og:title\" content=\"EmSlim &amp; Tone - Ver\u00f3nica Cazalis\" \/>\n<meta property=\"og:description\" content=\"[vc_row row_type=&#8221;row&#8221; use_row_as_full_screen_section=&#8221;no&#8221; type=&#8221;full_width&#8221; oblique_section=&#8221;no&#8221; text_align=&#8221;left&#8221; padding_top=&#8221;45&#8243; padding_bottom=&#8221;45&#8243; css_animation=&#8221;&#8221;][vc_column][vc_column_text] Inperfekzio Estetiko Organikoek sorburu piloa dute; batzuetan eskuz oreka daitezke, bestetan Teknologiaren laguntza behar izaten da. Teknologia Estetikoak eskuak iristen ez diren lekuetara iristea ahalbidetzen digu. Abangoardiako hainbat gailu dugu, hala nola EM&#8217;SLIM&amp;TONE , Hifem teknologiaren...\" \/>\n<meta property=\"og:url\" content=\"https:\/\/www.veronicacazalis.com\/eu\/emslim-and-tone\/\" \/>\n<meta property=\"og:site_name\" content=\"Ver\u00f3nica Cazalis\" \/>\n<meta property=\"article:publisher\" content=\"https:\/\/www.facebook.com\/EsteticaVeronicaCazalis\" \/>\n<meta property=\"article:modified_time\" content=\"2022-11-09T17:29:09+00:00\" \/>\n<meta name=\"twitter:card\" content=\"summary_large_image\" \/>\n<meta name=\"twitter:label1\" content=\"Est. reading time\" \/>\n\t<meta name=\"twitter:data1\" content=\"2 minutua\" \/>\n<script type=\"application\/ld+json\" class=\"yoast-schema-graph\">{\"@context\":\"https:\\\/\\\/schema.org\",\"@graph\":[{\"@type\":\"WebPage\",\"@id\":\"https:\\\/\\\/www.veronicacazalis.com\\\/eu\\\/emslim-and-tone\\\/\",\"url\":\"https:\\\/\\\/www.veronicacazalis.com\\\/eu\\\/emslim-and-tone\\\/\",\"name\":\"EmSlim & Tone - Ver\u00f3nica Cazalis\",\"isPartOf\":{\"@id\":\"https:\\\/\\\/www.veronicacazalis.com\\\/#website\"},\"datePublished\":\"2022-10-16T17:04:00+00:00\",\"dateModified\":\"2022-11-09T17:29:09+00:00\",\"breadcrumb\":{\"@id\":\"https:\\\/\\\/www.veronicacazalis.com\\\/eu\\\/emslim-and-tone\\\/#breadcrumb\"},\"inLanguage\":\"eu\",\"potentialAction\":[{\"@type\":\"ReadAction\",\"target\":[\"https:\\\/\\\/www.veronicacazalis.com\\\/eu\\\/emslim-and-tone\\\/\"]}]},{\"@type\":\"BreadcrumbList\",\"@id\":\"https:\\\/\\\/www.veronicacazalis.com\\\/eu\\\/emslim-and-tone\\\/#breadcrumb\",\"itemListElement\":[{\"@type\":\"ListItem\",\"position\":1,\"name\":\"Portada\",\"item\":\"https:\\\/\\\/www.veronicacazalis.com\\\/eu\\\/\"},{\"@type\":\"ListItem\",\"position\":2,\"name\":\"EmSlim &#038; Tone\"}]},{\"@type\":\"WebSite\",\"@id\":\"https:\\\/\\\/www.veronicacazalis.com\\\/#website\",\"url\":\"https:\\\/\\\/www.veronicacazalis.com\\\/\",\"name\":\"Ver\u00f3nica Cazalis\",\"description\":\"Centro de Est\u00e9tica y Kinesiolog\u00eda.\",\"publisher\":{\"@id\":\"https:\\\/\\\/www.veronicacazalis.com\\\/#organization\"},\"potentialAction\":[{\"@type\":\"SearchAction\",\"target\":{\"@type\":\"EntryPoint\",\"urlTemplate\":\"https:\\\/\\\/www.veronicacazalis.com\\\/?s={search_term_string}\"},\"query-input\":{\"@type\":\"PropertyValueSpecification\",\"valueRequired\":true,\"valueName\":\"search_term_string\"}}],\"inLanguage\":\"eu\"},{\"@type\":\"Organization\",\"@id\":\"https:\\\/\\\/www.veronicacazalis.com\\\/#organization\",\"name\":\"Ver\u00f3nica Caz\u00e1lis Est\u00e9tica y Kinesiolog\u00eda\",\"alternateName\":\"Ver\u00f3nica Cazalis Salon de belleza\",\"url\":\"https:\\\/\\\/www.veronicacazalis.com\\\/\",\"logo\":{\"@type\":\"ImageObject\",\"inLanguage\":\"eu\",\"@id\":\"https:\\\/\\\/www.veronicacazalis.com\\\/#\\\/schema\\\/logo\\\/image\\\/\",\"url\":\"https:\\\/\\\/www.veronicacazalis.com\\\/wp-content\\\/uploads\\\/2025\\\/12\\\/cropped-foto-web-Centro-17.jpg\",\"contentUrl\":\"https:\\\/\\\/www.veronicacazalis.com\\\/wp-content\\\/uploads\\\/2025\\\/12\\\/cropped-foto-web-Centro-17.jpg\",\"width\":512,\"height\":512,\"caption\":\"Ver\u00f3nica Caz\u00e1lis Est\u00e9tica y Kinesiolog\u00eda\"},\"image\":{\"@id\":\"https:\\\/\\\/www.veronicacazalis.com\\\/#\\\/schema\\\/logo\\\/image\\\/\"},\"sameAs\":[\"https:\\\/\\\/www.facebook.com\\\/EsteticaVeronicaCazalis\",\"https:\\\/\\\/www.instagram.com\\\/veronicacazalis\\\/\",\"https:\\\/\\\/www.linkedin.com\\\/company\\\/ver\u00f3nica-cazalis\\\/\",\"https:\\\/\\\/www.youtube.com\\\/c\\\/VeronicaCazalis\\\/\"]}]}<\/script>\n<!-- \/ Yoast SEO plugin. -->","yoast_head_json":{"title":"EmSlim & Tone - Ver\u00f3nica Cazalis","robots":{"index":"index","follow":"follow","max-snippet":"max-snippet:-1","max-image-preview":"max-image-preview:large","max-video-preview":"max-video-preview:-1"},"canonical":"https:\/\/www.veronicacazalis.com\/eu\/emslim-and-tone\/","og_locale":"en_US","og_type":"article","og_title":"EmSlim & Tone - Ver\u00f3nica Cazalis","og_description":"[vc_row row_type=&#8221;row&#8221; use_row_as_full_screen_section=&#8221;no&#8221; type=&#8221;full_width&#8221; oblique_section=&#8221;no&#8221; text_align=&#8221;left&#8221; padding_top=&#8221;45&#8243; padding_bottom=&#8221;45&#8243; css_animation=&#8221;&#8221;][vc_column][vc_column_text] Inperfekzio Estetiko Organikoek sorburu piloa dute; batzuetan eskuz oreka daitezke, bestetan Teknologiaren laguntza behar izaten da. Teknologia Estetikoak eskuak iristen ez diren lekuetara iristea ahalbidetzen digu. Abangoardiako hainbat gailu dugu, hala nola EM&#8217;SLIM&amp;TONE , Hifem teknologiaren...","og_url":"https:\/\/www.veronicacazalis.com\/eu\/emslim-and-tone\/","og_site_name":"Ver\u00f3nica Cazalis","article_publisher":"https:\/\/www.facebook.com\/EsteticaVeronicaCazalis","article_modified_time":"2022-11-09T17:29:09+00:00","twitter_card":"summary_large_image","twitter_misc":{"Est. reading time":"2 minutua"},"schema":{"@context":"https:\/\/schema.org","@graph":[{"@type":"WebPage","@id":"https:\/\/www.veronicacazalis.com\/eu\/emslim-and-tone\/","url":"https:\/\/www.veronicacazalis.com\/eu\/emslim-and-tone\/","name":"EmSlim & Tone - Ver\u00f3nica Cazalis","isPartOf":{"@id":"https:\/\/www.veronicacazalis.com\/#website"},"datePublished":"2022-10-16T17:04:00+00:00","dateModified":"2022-11-09T17:29:09+00:00","breadcrumb":{"@id":"https:\/\/www.veronicacazalis.com\/eu\/emslim-and-tone\/#breadcrumb"},"inLanguage":"eu","potentialAction":[{"@type":"ReadAction","target":["https:\/\/www.veronicacazalis.com\/eu\/emslim-and-tone\/"]}]},{"@type":"BreadcrumbList","@id":"https:\/\/www.veronicacazalis.com\/eu\/emslim-and-tone\/#breadcrumb","itemListElement":[{"@type":"ListItem","position":1,"name":"Portada","item":"https:\/\/www.veronicacazalis.com\/eu\/"},{"@type":"ListItem","position":2,"name":"EmSlim &#038; Tone"}]},{"@type":"WebSite","@id":"https:\/\/www.veronicacazalis.com\/#website","url":"https:\/\/www.veronicacazalis.com\/","name":"Ver\u00f3nica Cazalis","description":"Centro de Est\u00e9tica y Kinesiolog\u00eda.","publisher":{"@id":"https:\/\/www.veronicacazalis.com\/#organization"},"potentialAction":[{"@type":"SearchAction","target":{"@type":"EntryPoint","urlTemplate":"https:\/\/www.veronicacazalis.com\/?s={search_term_string}"},"query-input":{"@type":"PropertyValueSpecification","valueRequired":true,"valueName":"search_term_string"}}],"inLanguage":"eu"},{"@type":"Organization","@id":"https:\/\/www.veronicacazalis.com\/#organization","name":"Ver\u00f3nica Caz\u00e1lis Est\u00e9tica y Kinesiolog\u00eda","alternateName":"Ver\u00f3nica Cazalis Salon de belleza","url":"https:\/\/www.veronicacazalis.com\/","logo":{"@type":"ImageObject","inLanguage":"eu","@id":"https:\/\/www.veronicacazalis.com\/#\/schema\/logo\/image\/","url":"https:\/\/www.veronicacazalis.com\/wp-content\/uploads\/2025\/12\/cropped-foto-web-Centro-17.jpg","contentUrl":"https:\/\/www.veronicacazalis.com\/wp-content\/uploads\/2025\/12\/cropped-foto-web-Centro-17.jpg","width":512,"height":512,"caption":"Ver\u00f3nica Caz\u00e1lis Est\u00e9tica y Kinesiolog\u00eda"},"image":{"@id":"https:\/\/www.veronicacazalis.com\/#\/schema\/logo\/image\/"},"sameAs":["https:\/\/www.facebook.com\/EsteticaVeronicaCazalis","https:\/\/www.instagram.com\/veronicacazalis\/","https:\/\/www.linkedin.com\/company\/ver\u00f3nica-cazalis\/","https:\/\/www.youtube.com\/c\/VeronicaCazalis\/"]}]}},"_links":{"self":[{"href":"https:\/\/www.veronicacazalis.com\/eu\/wp-json\/wp\/v2\/pages\/44493","targetHints":{"allow":["GET"]}}],"collection":[{"href":"https:\/\/www.veronicacazalis.com\/eu\/wp-json\/wp\/v2\/pages"}],"about":[{"href":"https:\/\/www.veronicacazalis.com\/eu\/wp-json\/wp\/v2\/types\/page"}],"author":[{"embeddable":true,"href":"https:\/\/www.veronicacazalis.com\/eu\/wp-json\/wp\/v2\/users\/1"}],"replies":[{"embeddable":true,"href":"https:\/\/www.veronicacazalis.com\/eu\/wp-json\/wp\/v2\/comments?post=44493"}],"version-history":[{"count":3,"href":"https:\/\/www.veronicacazalis.com\/eu\/wp-json\/wp\/v2\/pages\/44493\/revisions"}],"predecessor-version":[{"id":44568,"href":"https:\/\/www.veronicacazalis.com\/eu\/wp-json\/wp\/v2\/pages\/44493\/revisions\/44568"}],"wp:attachment":[{"href":"https:\/\/www.veronicacazalis.com\/eu\/wp-json\/wp\/v2\/media?parent=44493"}],"curies":[{"name":"wp","href":"https:\/\/api.w.org\/{rel}","templated":true}]}}