{"id":43465,"date":"2021-11-29T10:01:45","date_gmt":"2021-11-29T10:01:45","guid":{"rendered":"https:\/\/www.veronicacazalis.com\/faqs-saila-2\/"},"modified":"2022-10-16T15:45:48","modified_gmt":"2022-10-16T15:45:48","slug":"faqs-saila-2","status":"publish","type":"page","link":"https:\/\/www.veronicacazalis.com\/eu\/faqs-saila-2\/","title":{"rendered":"FAQS saila"},"content":{"rendered":"<div class=\"wpb-content-wrapper\"><p>[vc_row row_type=&#8221;row&#8221; use_row_as_full_screen_section=&#8221;no&#8221; type=&#8221;full_width&#8221; oblique_section=&#8221;no&#8221; text_align=&#8221;left&#8221; css_animation=&#8221;&#8221;][vc_column][vc_column_text]<\/p>\n<h1 style=\"text-align: center;\"><strong>OHIKO GALDERAK<\/strong><\/h1>\n<p>[\/vc_column_text][\/vc_column][\/vc_row][vc_row row_type=&#8221;row&#8221; use_row_as_full_screen_section=&#8221;no&#8221; type=&#8221;full_width&#8221; oblique_section=&#8221;no&#8221; text_align=&#8221;left&#8221; css_animation=&#8221;&#8221;][vc_column][vc_empty_space image_repeat=&#8221;no-repeat&#8221;][\/vc_column][\/vc_row][vc_row row_type=&#8221;row&#8221; use_row_as_full_screen_section=&#8221;no&#8221; type=&#8221;full_width&#8221; oblique_section=&#8221;no&#8221; text_align=&#8221;left&#8221; css_animation=&#8221;&#8221;][vc_column][vc_column_text]<\/p>\n<h4 style=\"text-align: center;\"><strong><i>Hemen, gure Terapia Estetikoen Zentroan egiten dizkiguzuen Ohiko Galderei erantzuten diegu, baita Facebookeko Orrian, Instagrameko Kontuan eta Youtubeko Kanalean helarazten dizkiguzuen galderei ere.<\/i><\/strong><\/h4>\n<p>[\/vc_column_text][\/vc_column][\/vc_row][vc_row row_type=&#8221;row&#8221; use_row_as_full_screen_section=&#8221;no&#8221; type=&#8221;full_width&#8221; oblique_section=&#8221;no&#8221; text_align=&#8221;left&#8221; css_animation=&#8221;&#8221;][vc_column][vc_empty_space image_repeat=&#8221;no-repeat&#8221;][\/vc_column][\/vc_row][vc_row row_type=&#8221;row&#8221; use_row_as_full_screen_section=&#8221;no&#8221; type=&#8221;full_width&#8221; oblique_section=&#8221;no&#8221; text_align=&#8221;left&#8221; css_animation=&#8221;&#8221;][vc_column width=&#8221;1\/2&#8243;][vc_single_image image=&#8221;42620&#8243; img_size=&#8221;large&#8221; alignment=&#8221;center&#8221; qode_css_animation=&#8221;&#8221;][vc_empty_space image_repeat=&#8221;no-repeat&#8221;][vc_row_inner row_type=&#8221;row&#8221; type=&#8221;full_width&#8221; use_row_as_full_screen_section_slide=&#8221;no&#8221; text_align=&#8221;left&#8221; css_animation=&#8221;&#8221;][vc_column_inner width=&#8221;1\/6&#8243;][vc_single_image image=&#8221;40463&#8243; img_size=&#8221;full&#8221; alignment=&#8221;right&#8221; qode_css_animation=&#8221;element_from_fade&#8221;][\/vc_column_inner][vc_column_inner width=&#8221;5\/6&#8243;][vc_column_text]<\/p>\n<h3><b>NOLA KENDU ZELULITISA?<\/b><\/h3>\n<p><span style=\"font-weight: 400;\">Kaixo, Nora! Eskerrik asko! Zelulitisa nola kendu, zure galdera, gehien egiten dizkiguzuen galderetako bat da. Ba bai, badakigu ez dela erraza, zeren normalean zelulitis deitzen dioguna arazo plural bat da non sartzen diren odol zirkulazioa eta linfatikoa (likido erretentzioa), kolageno zuntzak, hormonak, toxinak, gantz zelulak edo adipozitoak, giharrak, etab\u2026\u00a0<\/span><\/p>\n<p><span style=\"font-weight: 400;\">Egoera bakoitzean eta pertsona bakoitzarekin desberdinak dira alderdi horietako bakoitzaren portzentaiak eta kaltearen neurriak. Kontuan izan behar dira bakoitzaren gorpuzkera, eboluzioaren denbora, etab\u2026 Aldizka zelulitis edematosoa, zuntzezkoa edo esklerotikoa deitu ohi zaio, zerk agintzen duenaren arabera, baina gehienetan \u201cdenetik pixka bat\u201d egon ohi da.<\/span><\/p>\n<p><span style=\"font-weight: 400;\">Horregatik, gure zentroan ez dago tratamendu estandarrik. Ezinbestekoa deritzogu pertsonaren eta bere momentu fisiko eta bizitzakoaren balorazio zehatza egiteari. Hori Kinesiologian oinarrituta egiten dugu, une horretan zuretzat tratamendu egokiena zein den laguntzen digulako.<\/span><\/p>\n<p><b><i>Zelulitisa kentzeko hainbat konponbide ditugu:<\/i><\/b><\/p>\n<ul>\n<li style=\"font-weight: 400;\" aria-level=\"1\"><b>Edema edo likido erretentzioarentzat<\/b><span style=\"font-weight: 400;\"> dauzkagu masajeak, ballancer presoterapia, linfa desintoxikatzeko tratamendu bereziak, olio esentzialak\u2026<\/span><\/li>\n<li style=\"font-weight: 400;\" aria-level=\"1\"><b>Zuntz kolagenoak errekuperatzeko <\/b><span style=\"font-weight: 400;\">dauzkagu Irratifrekuentzia, lokatz eta alga tratamenduak\u2026<\/span><\/li>\n<li style=\"font-weight: 400;\" aria-level=\"1\"><b>Adipositatearentzat <\/b><span style=\"font-weight: 400;\">dauzkagu ultrasoinuak, kabitazioa, hifua, tratamendu lipolitikoak, dermispeko terapia \u2026<\/span><\/li>\n<li style=\"font-weight: 400;\" aria-level=\"1\"><b>Oreka hormonalarentzat<\/b><span style=\"font-weight: 400;\">, izan sexualak edo estresarenak, baliatzen ditugu kinesiologia teknikak, elikadura osagarriak, nerbio sistemaren erregulatzaileak, etab\u2026<\/span><\/li>\n<\/ul>\n<p><b>Muskuluen tonua errekuperatzeko<\/b><span style=\"font-weight: 400;\"> dauzkagu gimnastika pasiboa kestos infragorriekin, giharretako masajeak, irratifrekuentzia, kinesiologia teknikak\u2026<\/span><\/p>\n<p><span style=\"font-weight: 400;\">Ikusten duzunez, askotariko teknikak ditugu, arazo bakoitzarentzat aproposak, baina erantzunak izan behar du beti diziplina anitzekoa eta pertsonalizatua.<\/span>[\/vc_column_text][\/vc_column_inner][\/vc_row_inner][\/vc_column][vc_column width=&#8221;1\/2&#8243;][vc_single_image image=&#8221;42591&#8243; img_size=&#8221;full&#8221; alignment=&#8221;center&#8221; qode_css_animation=&#8221;&#8221;][vc_empty_space image_repeat=&#8221;no-repeat&#8221;][vc_row_inner row_type=&#8221;row&#8221; type=&#8221;full_width&#8221; use_row_as_full_screen_section_slide=&#8221;no&#8221; text_align=&#8221;left&#8221; css_animation=&#8221;&#8221;][vc_column_inner width=&#8221;1\/6&#8243;][vc_single_image image=&#8221;40463&#8243; img_size=&#8221;full&#8221; alignment=&#8221;right&#8221; qode_css_animation=&#8221;element_from_fade&#8221;][\/vc_column_inner][vc_column_inner width=&#8221;5\/6&#8243;][vc_column_text]<\/p>\n<h3><b>ZENBAT SAIO BEHAR DIRA ZELULITISA KENTZEKO?<\/b><\/h3>\n<p><span style=\"font-weight: 400;\">Galdera hau ere askotan agertzen da eta gure erantzun nagusia beti bera da\u2026 Ikusi egin behar!<\/span><\/p>\n<p><span style=\"font-weight: 400;\">Baina nola badakidan ez zabiltzatela erantzun horren bila, saiatuko naiz zehaztasunen bat ematen.<\/span><\/p>\n<ul>\n<li style=\"font-weight: 400;\" aria-level=\"1\"><b>Maila baxu-ertaineko zelulitisaren kasuan <\/b><span style=\"font-weight: 400;\">(pertsona gazteei dagokiena), 10-12 saio izan litezke.<\/span><\/li>\n<li style=\"font-weight: 400;\" aria-level=\"1\"><b>Maila ertain-altuko zelulitisak fibrosia, edema eta adipositatea baditu<\/b> <span style=\"font-weight: 400;\">(10-15 urteko eboluzia duen zelulitis ohikoa) 15-20 saio beharko genituzke, arazoei faseka heldu behar zaielako.<\/span><\/li>\n<\/ul>\n<p><b>\u2022Maila altuko zelulitisaren kasuan <\/b><span style=\"font-weight: 400;\">(15 urtetik gorako bilakaera eta horri lotutako alterazioak), 20 saio baino gehiago beharko genituzke, hainbat jarduera fasetan: edematosoa, zuntzezkoa, esklerotikoa eta, ondoren, birsortzailea.<\/span><\/p>\n<p><span style=\"font-weight: 400;\">Horrek, jakina, ez digu argitzen zenbat saio behar diren zehazki zelulitisa kentzeko, baina gutxi gorabeherako ideia bat egin dezakezue.<\/span><\/p>\n<p><span style=\"font-weight: 400;\">Beti bezala, diagnosi pertsonalizatua eskatzera gonbidatzen zaituztegu. Eskura daukazue eta dohainik da.<\/span><\/p>\n<p><span style=\"font-weight: 400;\">Zelulitisa ebaluatu eta kinesiologiarekin testatuko ditugu barneko premiak. Hartara, zehatz-mehatz jakingo dugu zer behar duzun; ez soilik sendatzeko, baita osasuntsu eta eder mantentzeko ere.<\/span><\/p>\n<p><span style=\"font-weight: 400;\">Baliagarria izan zaizuela espero!<\/span>[\/vc_column_text][\/vc_column_inner][\/vc_row_inner][\/vc_column][\/vc_row][vc_row row_type=&#8221;row&#8221; use_row_as_full_screen_section=&#8221;no&#8221; type=&#8221;full_width&#8221; oblique_section=&#8221;no&#8221; text_align=&#8221;left&#8221; css_animation=&#8221;&#8221;][vc_column][vc_empty_space image_repeat=&#8221;no-repeat&#8221;][\/vc_column][\/vc_row][vc_row row_type=&#8221;row&#8221; use_row_as_full_screen_section=&#8221;no&#8221; type=&#8221;full_width&#8221; oblique_section=&#8221;no&#8221; text_align=&#8221;left&#8221; css_animation=&#8221;&#8221;][vc_column width=&#8221;1\/2&#8243;][vc_single_image image=&#8221;42622&#8243; img_size=&#8221;full&#8221; alignment=&#8221;center&#8221; qode_css_animation=&#8221;&#8221;][vc_empty_space image_repeat=&#8221;no-repeat&#8221;][vc_row_inner row_type=&#8221;row&#8221; type=&#8221;full_width&#8221; use_row_as_full_screen_section_slide=&#8221;no&#8221; text_align=&#8221;left&#8221; css_animation=&#8221;&#8221;][vc_column_inner width=&#8221;1\/6&#8243;][vc_single_image image=&#8221;40463&#8243; img_size=&#8221;full&#8221; alignment=&#8221;right&#8221; qode_css_animation=&#8221;element_from_fade&#8221;][\/vc_column_inner][vc_column_inner width=&#8221;5\/6&#8243;][vc_column_text]<\/p>\n<h3><b>LASER DEPILAZIOA BEHIN-BETIKOA DA?<\/b><\/h3>\n<p><span style=\"font-weight: 400;\">Kaixo, Ander! Eskerrik asko zure galderagatik! Gai honek gaizkiulertuak eragiten ditu eta saiatuko gara zehatzak izaten % 100ean, argi gera dadin.<\/span><\/p>\n<p><b>Laser depilazioa behin betikoa da?<\/b><span style=\"font-weight: 400;\"> Ez<\/span> <span style=\"font-weight: 400;\">(hau da, ezin da ziurtatu ilea betiko desagertuko denik; izan ere, gizaki garen aldetik, estimulu hormonalen eraginpean gaude, eta horrek estimulu jakin bat duen ile jakin bat birsortzea eragin dezakete). Hala ere, depilazio iraunkorra da; alegia, kasu gehien-gehienetan, depilazio mota hori egiten duten pertsonek %80-90 gutxitzen dute ilea, eta normalean urtean behin egin beharreko mantenimendua besterik ez dute behar ondoren.<\/span><\/p>\n<p><span style=\"font-weight: 400;\">Horregatik uste du jende gehienak laser bidezko depilazioa behin betikoa dela.<\/span><\/p>\n<p><span style=\"font-weight: 400;\">Espero dut zure zalantzak argitu izana!<\/span><span style=\"font-weight: 400;\">\u00a0<\/span>[\/vc_column_text][\/vc_column_inner][\/vc_row_inner][\/vc_column][vc_column width=&#8221;1\/2&#8243;][vc_single_image image=&#8221;42600&#8243; img_size=&#8221;full&#8221; alignment=&#8221;center&#8221; qode_css_animation=&#8221;&#8221;][vc_empty_space image_repeat=&#8221;no-repeat&#8221;][vc_row_inner row_type=&#8221;row&#8221; type=&#8221;full_width&#8221; use_row_as_full_screen_section_slide=&#8221;no&#8221; text_align=&#8221;left&#8221; css_animation=&#8221;&#8221;][vc_column_inner width=&#8221;1\/6&#8243;][vc_single_image image=&#8221;40463&#8243; img_size=&#8221;full&#8221; alignment=&#8221;right&#8221; qode_css_animation=&#8221;element_from_fade&#8221;][\/vc_column_inner][vc_column_inner width=&#8221;5\/6&#8243;][vc_column_text]<\/p>\n<h3><b>ZENBAT SAIO BEHAR DIRA BEHIN BETIRAKO DEPILATZEKO?<\/b><\/h3>\n<p><span style=\"font-weight: 400;\">Galdera honi zatika erantzungo diot.<\/span><\/p>\n<p><span style=\"font-weight: 400;\">Lehenengo eta behin, <\/span><b>sekula ezin da bermatu depilazio bat behin betikoa izango denik<\/b><span style=\"font-weight: 400;\">. Berma daiteke ilea galtzen dela %80-90ean kasu gehienetan, baina guretzat depilazio iraunkorra da, ez erabatekoa, batzuetan urtean behin errepasoa egin behar izaten baita.\u00a0<\/span><\/p>\n<p><span style=\"font-weight: 400;\">Bestetik, galdetzen duzuenean <\/span><b>zenbat saio behar diren behi betiko depilazioa <\/b><span style=\"font-weight: 400;\">egiteko, erantzuna da: \u201cIkusi egin behar! Kontuan izan behar baitira pertsona bakoitza, adina, baldintza hormonala, ile-bilo mota, etab\u2026\u201d.<\/span><\/p>\n<p><span style=\"font-weight: 400;\">Bai, lasai, badakit erantzun hori ez zaiola gustatzen inori. Beraz, batez besteko saioen estandarra emango dizuet. Baina argi eta garbi utzi nahi dut ez dela saio kopuru itxi bat.<\/span><\/p>\n<p><span style=\"font-weight: 400;\">Normalean 4-6 saio behar izaten dira eta, kasu berezietan, 8 ere bai, baina ez da ohikoa. Horrekin amaitutzat ematen da tratamendua. Ondoren, urtean saio 1 edo 2ko mantenimendua behar izaten da.\u00a0 Bitarte horretan apenas hazten da bilorik.<\/span>[\/vc_column_text][\/vc_column_inner][\/vc_row_inner][\/vc_column][\/vc_row][vc_row row_type=&#8221;row&#8221; use_row_as_full_screen_section=&#8221;no&#8221; type=&#8221;full_width&#8221; oblique_section=&#8221;no&#8221; text_align=&#8221;left&#8221; css_animation=&#8221;&#8221;][vc_column][vc_empty_space image_repeat=&#8221;no-repeat&#8221;][\/vc_column][\/vc_row][vc_row row_type=&#8221;row&#8221; use_row_as_full_screen_section=&#8221;no&#8221; type=&#8221;full_width&#8221; oblique_section=&#8221;no&#8221; text_align=&#8221;left&#8221; css_animation=&#8221;&#8221;][vc_column][vc_column_text]<br \/>\n<b><i>\u2022 Kontsulta gehiago badituzu eta helarazi nahi badizkiguzu, idatz iezaguzu<\/i><\/b> <b><i>info@veronicacazalis.com<\/i><\/b> <b><i>helbidera eta zure zalantzak argitzen saiatuko gara.<\/i><\/b><br \/>\n[\/vc_column_text][vc_empty_space image_repeat=&#8221;no-repeat&#8221;][\/vc_column][\/vc_row]<\/p>\n<\/div>","protected":false},"excerpt":{"rendered":"<p>[vc_row row_type=&#8221;row&#8221; use_row_as_full_screen_section=&#8221;no&#8221; type=&#8221;full_width&#8221; oblique_section=&#8221;no&#8221; text_align=&#8221;left&#8221; css_animation=&#8221;&#8221;][vc_column][vc_column_text] OHIKO GALDERAK [\/vc_column_text][\/vc_column][\/vc_row][vc_row row_type=&#8221;row&#8221; use_row_as_full_screen_section=&#8221;no&#8221; type=&#8221;full_width&#8221; oblique_section=&#8221;no&#8221; text_align=&#8221;left&#8221; css_animation=&#8221;&#8221;][vc_column][vc_empty_space image_repeat=&#8221;no-repeat&#8221;][\/vc_column][\/vc_row][vc_row row_type=&#8221;row&#8221; use_row_as_full_screen_section=&#8221;no&#8221; type=&#8221;full_width&#8221; oblique_section=&#8221;no&#8221; text_align=&#8221;left&#8221; css_animation=&#8221;&#8221;][vc_column][vc_column_text] Hemen, gure Terapia Estetikoen Zentroan egiten dizkiguzuen Ohiko Galderei erantzuten diegu, baita Facebookeko Orrian, Instagrameko Kontuan eta Youtubeko Kanalean helarazten dizkiguzuen galderei&#8230;<\/p>\n","protected":false},"author":1,"featured_media":43467,"parent":0,"menu_order":0,"comment_status":"closed","ping_status":"closed","template":"","meta":{"_monsterinsights_skip_tracking":false,"_monsterinsights_sitenote_active":false,"_monsterinsights_sitenote_note":"","_monsterinsights_sitenote_category":0,"_joinchat":[],"footnotes":""},"class_list":["post-43465","page","type-page","status-publish","has-post-thumbnail","hentry"],"yoast_head":"<!-- This site is optimized with the Yoast SEO plugin v27.4 - https:\/\/yoast.com\/product\/yoast-seo-wordpress\/ -->\n<title>Ohiko galderak<\/title>\n<meta name=\"description\" content=\"Hemen, gure Terapia Estetikoen Zentroan egiten dizkiguzuen Ohiko Galderei erantzuten diegu, baita Facebookeko Orrian, Instagrameko Kontuan eta Youtubeko Kanalean helarazten dizkiguzuen galderei ere.\" \/>\n<meta name=\"robots\" content=\"index, follow, max-snippet:-1, max-image-preview:large, max-video-preview:-1\" \/>\n<link rel=\"canonical\" href=\"https:\/\/www.veronicacazalis.com\/eu\/faqs-saila-2\/\" \/>\n<meta property=\"og:locale\" content=\"en_US\" \/>\n<meta property=\"og:type\" content=\"article\" \/>\n<meta property=\"og:title\" content=\"Ohiko galderak\" \/>\n<meta property=\"og:description\" content=\"Hemen, gure Terapia Estetikoen Zentroan egiten dizkiguzuen Ohiko Galderei erantzuten diegu, baita Facebookeko Orrian, Instagrameko Kontuan eta Youtubeko Kanalean helarazten dizkiguzuen galderei ere.\" \/>\n<meta property=\"og:url\" content=\"https:\/\/www.veronicacazalis.com\/eu\/faqs-saila-2\/\" \/>\n<meta property=\"og:site_name\" content=\"Ver\u00f3nica Cazalis\" \/>\n<meta property=\"article:publisher\" content=\"https:\/\/www.facebook.com\/EsteticaVeronicaCazalis\" \/>\n<meta property=\"article:modified_time\" content=\"2022-10-16T15:45:48+00:00\" \/>\n<meta property=\"og:image\" content=\"https:\/\/www.veronicacazalis.com\/wp-content\/uploads\/2014\/10\/soap2.jpg\" \/>\n\t<meta property=\"og:image:width\" content=\"1103\" \/>\n\t<meta property=\"og:image:height\" content=\"384\" \/>\n\t<meta property=\"og:image:type\" content=\"image\/jpeg\" \/>\n<meta name=\"twitter:card\" content=\"summary_large_image\" \/>\n<meta name=\"twitter:label1\" content=\"Est. reading time\" \/>\n\t<meta name=\"twitter:data1\" content=\"5 minutua\" \/>\n<script type=\"application\/ld+json\" class=\"yoast-schema-graph\">{\"@context\":\"https:\\\/\\\/schema.org\",\"@graph\":[{\"@type\":\"WebPage\",\"@id\":\"https:\\\/\\\/www.veronicacazalis.com\\\/eu\\\/faqs-saila-2\\\/\",\"url\":\"https:\\\/\\\/www.veronicacazalis.com\\\/eu\\\/faqs-saila-2\\\/\",\"name\":\"Ohiko galderak\",\"isPartOf\":{\"@id\":\"https:\\\/\\\/www.veronicacazalis.com\\\/#website\"},\"primaryImageOfPage\":{\"@id\":\"https:\\\/\\\/www.veronicacazalis.com\\\/eu\\\/faqs-saila-2\\\/#primaryimage\"},\"image\":{\"@id\":\"https:\\\/\\\/www.veronicacazalis.com\\\/eu\\\/faqs-saila-2\\\/#primaryimage\"},\"thumbnailUrl\":\"https:\\\/\\\/www.veronicacazalis.com\\\/wp-content\\\/uploads\\\/2014\\\/10\\\/soap2.jpg\",\"datePublished\":\"2021-11-29T10:01:45+00:00\",\"dateModified\":\"2022-10-16T15:45:48+00:00\",\"description\":\"Hemen, gure Terapia Estetikoen Zentroan egiten dizkiguzuen Ohiko Galderei erantzuten diegu, baita Facebookeko Orrian, Instagrameko Kontuan eta Youtubeko Kanalean helarazten dizkiguzuen galderei ere.\",\"breadcrumb\":{\"@id\":\"https:\\\/\\\/www.veronicacazalis.com\\\/eu\\\/faqs-saila-2\\\/#breadcrumb\"},\"inLanguage\":\"eu\",\"potentialAction\":[{\"@type\":\"ReadAction\",\"target\":[\"https:\\\/\\\/www.veronicacazalis.com\\\/eu\\\/faqs-saila-2\\\/\"]}]},{\"@type\":\"ImageObject\",\"inLanguage\":\"eu\",\"@id\":\"https:\\\/\\\/www.veronicacazalis.com\\\/eu\\\/faqs-saila-2\\\/#primaryimage\",\"url\":\"https:\\\/\\\/www.veronicacazalis.com\\\/wp-content\\\/uploads\\\/2014\\\/10\\\/soap2.jpg\",\"contentUrl\":\"https:\\\/\\\/www.veronicacazalis.com\\\/wp-content\\\/uploads\\\/2014\\\/10\\\/soap2.jpg\",\"width\":1103,\"height\":384,\"caption\":\"a\"},{\"@type\":\"BreadcrumbList\",\"@id\":\"https:\\\/\\\/www.veronicacazalis.com\\\/eu\\\/faqs-saila-2\\\/#breadcrumb\",\"itemListElement\":[{\"@type\":\"ListItem\",\"position\":1,\"name\":\"Portada\",\"item\":\"https:\\\/\\\/www.veronicacazalis.com\\\/eu\\\/\"},{\"@type\":\"ListItem\",\"position\":2,\"name\":\"FAQS saila\"}]},{\"@type\":\"WebSite\",\"@id\":\"https:\\\/\\\/www.veronicacazalis.com\\\/#website\",\"url\":\"https:\\\/\\\/www.veronicacazalis.com\\\/\",\"name\":\"Ver\u00f3nica Cazalis\",\"description\":\"Centro de Est\u00e9tica y Kinesiolog\u00eda.\",\"publisher\":{\"@id\":\"https:\\\/\\\/www.veronicacazalis.com\\\/#organization\"},\"potentialAction\":[{\"@type\":\"SearchAction\",\"target\":{\"@type\":\"EntryPoint\",\"urlTemplate\":\"https:\\\/\\\/www.veronicacazalis.com\\\/?s={search_term_string}\"},\"query-input\":{\"@type\":\"PropertyValueSpecification\",\"valueRequired\":true,\"valueName\":\"search_term_string\"}}],\"inLanguage\":\"eu\"},{\"@type\":\"Organization\",\"@id\":\"https:\\\/\\\/www.veronicacazalis.com\\\/#organization\",\"name\":\"Ver\u00f3nica Caz\u00e1lis Est\u00e9tica y Kinesiolog\u00eda\",\"alternateName\":\"Ver\u00f3nica Cazalis Salon de belleza\",\"url\":\"https:\\\/\\\/www.veronicacazalis.com\\\/\",\"logo\":{\"@type\":\"ImageObject\",\"inLanguage\":\"eu\",\"@id\":\"https:\\\/\\\/www.veronicacazalis.com\\\/#\\\/schema\\\/logo\\\/image\\\/\",\"url\":\"https:\\\/\\\/www.veronicacazalis.com\\\/wp-content\\\/uploads\\\/2025\\\/12\\\/cropped-foto-web-Centro-17.jpg\",\"contentUrl\":\"https:\\\/\\\/www.veronicacazalis.com\\\/wp-content\\\/uploads\\\/2025\\\/12\\\/cropped-foto-web-Centro-17.jpg\",\"width\":512,\"height\":512,\"caption\":\"Ver\u00f3nica Caz\u00e1lis Est\u00e9tica y Kinesiolog\u00eda\"},\"image\":{\"@id\":\"https:\\\/\\\/www.veronicacazalis.com\\\/#\\\/schema\\\/logo\\\/image\\\/\"},\"sameAs\":[\"https:\\\/\\\/www.facebook.com\\\/EsteticaVeronicaCazalis\",\"https:\\\/\\\/www.instagram.com\\\/veronicacazalis\\\/\",\"https:\\\/\\\/www.linkedin.com\\\/company\\\/ver\u00f3nica-cazalis\\\/\",\"https:\\\/\\\/www.youtube.com\\\/c\\\/VeronicaCazalis\\\/\"]}]}<\/script>\n<!-- \/ Yoast SEO plugin. -->","yoast_head_json":{"title":"Ohiko galderak","description":"Hemen, gure Terapia Estetikoen Zentroan egiten dizkiguzuen Ohiko Galderei erantzuten diegu, baita Facebookeko Orrian, Instagrameko Kontuan eta Youtubeko Kanalean helarazten dizkiguzuen galderei ere.","robots":{"index":"index","follow":"follow","max-snippet":"max-snippet:-1","max-image-preview":"max-image-preview:large","max-video-preview":"max-video-preview:-1"},"canonical":"https:\/\/www.veronicacazalis.com\/eu\/faqs-saila-2\/","og_locale":"en_US","og_type":"article","og_title":"Ohiko galderak","og_description":"Hemen, gure Terapia Estetikoen Zentroan egiten dizkiguzuen Ohiko Galderei erantzuten diegu, baita Facebookeko Orrian, Instagrameko Kontuan eta Youtubeko Kanalean helarazten dizkiguzuen galderei ere.","og_url":"https:\/\/www.veronicacazalis.com\/eu\/faqs-saila-2\/","og_site_name":"Ver\u00f3nica Cazalis","article_publisher":"https:\/\/www.facebook.com\/EsteticaVeronicaCazalis","article_modified_time":"2022-10-16T15:45:48+00:00","og_image":[{"width":1103,"height":384,"url":"https:\/\/www.veronicacazalis.com\/wp-content\/uploads\/2014\/10\/soap2.jpg","type":"image\/jpeg"}],"twitter_card":"summary_large_image","twitter_misc":{"Est. reading time":"5 minutua"},"schema":{"@context":"https:\/\/schema.org","@graph":[{"@type":"WebPage","@id":"https:\/\/www.veronicacazalis.com\/eu\/faqs-saila-2\/","url":"https:\/\/www.veronicacazalis.com\/eu\/faqs-saila-2\/","name":"Ohiko galderak","isPartOf":{"@id":"https:\/\/www.veronicacazalis.com\/#website"},"primaryImageOfPage":{"@id":"https:\/\/www.veronicacazalis.com\/eu\/faqs-saila-2\/#primaryimage"},"image":{"@id":"https:\/\/www.veronicacazalis.com\/eu\/faqs-saila-2\/#primaryimage"},"thumbnailUrl":"https:\/\/www.veronicacazalis.com\/wp-content\/uploads\/2014\/10\/soap2.jpg","datePublished":"2021-11-29T10:01:45+00:00","dateModified":"2022-10-16T15:45:48+00:00","description":"Hemen, gure Terapia Estetikoen Zentroan egiten dizkiguzuen Ohiko Galderei erantzuten diegu, baita Facebookeko Orrian, Instagrameko Kontuan eta Youtubeko Kanalean helarazten dizkiguzuen galderei ere.","breadcrumb":{"@id":"https:\/\/www.veronicacazalis.com\/eu\/faqs-saila-2\/#breadcrumb"},"inLanguage":"eu","potentialAction":[{"@type":"ReadAction","target":["https:\/\/www.veronicacazalis.com\/eu\/faqs-saila-2\/"]}]},{"@type":"ImageObject","inLanguage":"eu","@id":"https:\/\/www.veronicacazalis.com\/eu\/faqs-saila-2\/#primaryimage","url":"https:\/\/www.veronicacazalis.com\/wp-content\/uploads\/2014\/10\/soap2.jpg","contentUrl":"https:\/\/www.veronicacazalis.com\/wp-content\/uploads\/2014\/10\/soap2.jpg","width":1103,"height":384,"caption":"a"},{"@type":"BreadcrumbList","@id":"https:\/\/www.veronicacazalis.com\/eu\/faqs-saila-2\/#breadcrumb","itemListElement":[{"@type":"ListItem","position":1,"name":"Portada","item":"https:\/\/www.veronicacazalis.com\/eu\/"},{"@type":"ListItem","position":2,"name":"FAQS saila"}]},{"@type":"WebSite","@id":"https:\/\/www.veronicacazalis.com\/#website","url":"https:\/\/www.veronicacazalis.com\/","name":"Ver\u00f3nica Cazalis","description":"Centro de Est\u00e9tica y Kinesiolog\u00eda.","publisher":{"@id":"https:\/\/www.veronicacazalis.com\/#organization"},"potentialAction":[{"@type":"SearchAction","target":{"@type":"EntryPoint","urlTemplate":"https:\/\/www.veronicacazalis.com\/?s={search_term_string}"},"query-input":{"@type":"PropertyValueSpecification","valueRequired":true,"valueName":"search_term_string"}}],"inLanguage":"eu"},{"@type":"Organization","@id":"https:\/\/www.veronicacazalis.com\/#organization","name":"Ver\u00f3nica Caz\u00e1lis Est\u00e9tica y Kinesiolog\u00eda","alternateName":"Ver\u00f3nica Cazalis Salon de belleza","url":"https:\/\/www.veronicacazalis.com\/","logo":{"@type":"ImageObject","inLanguage":"eu","@id":"https:\/\/www.veronicacazalis.com\/#\/schema\/logo\/image\/","url":"https:\/\/www.veronicacazalis.com\/wp-content\/uploads\/2025\/12\/cropped-foto-web-Centro-17.jpg","contentUrl":"https:\/\/www.veronicacazalis.com\/wp-content\/uploads\/2025\/12\/cropped-foto-web-Centro-17.jpg","width":512,"height":512,"caption":"Ver\u00f3nica Caz\u00e1lis Est\u00e9tica y Kinesiolog\u00eda"},"image":{"@id":"https:\/\/www.veronicacazalis.com\/#\/schema\/logo\/image\/"},"sameAs":["https:\/\/www.facebook.com\/EsteticaVeronicaCazalis","https:\/\/www.instagram.com\/veronicacazalis\/","https:\/\/www.linkedin.com\/company\/ver\u00f3nica-cazalis\/","https:\/\/www.youtube.com\/c\/VeronicaCazalis\/"]}]}},"_links":{"self":[{"href":"https:\/\/www.veronicacazalis.com\/eu\/wp-json\/wp\/v2\/pages\/43465","targetHints":{"allow":["GET"]}}],"collection":[{"href":"https:\/\/www.veronicacazalis.com\/eu\/wp-json\/wp\/v2\/pages"}],"about":[{"href":"https:\/\/www.veronicacazalis.com\/eu\/wp-json\/wp\/v2\/types\/page"}],"author":[{"embeddable":true,"href":"https:\/\/www.veronicacazalis.com\/eu\/wp-json\/wp\/v2\/users\/1"}],"replies":[{"embeddable":true,"href":"https:\/\/www.veronicacazalis.com\/eu\/wp-json\/wp\/v2\/comments?post=43465"}],"version-history":[{"count":18,"href":"https:\/\/www.veronicacazalis.com\/eu\/wp-json\/wp\/v2\/pages\/43465\/revisions"}],"predecessor-version":[{"id":44472,"href":"https:\/\/www.veronicacazalis.com\/eu\/wp-json\/wp\/v2\/pages\/43465\/revisions\/44472"}],"wp:featuredmedia":[{"embeddable":true,"href":"https:\/\/www.veronicacazalis.com\/eu\/wp-json\/wp\/v2\/media\/43467"}],"wp:attachment":[{"href":"https:\/\/www.veronicacazalis.com\/eu\/wp-json\/wp\/v2\/media?parent=43465"}],"curies":[{"name":"wp","href":"https:\/\/api.w.org\/{rel}","templated":true}]}}