{"id":42099,"date":"2018-05-20T15:37:43","date_gmt":"2018-05-20T15:37:43","guid":{"rendered":"http:\/\/www.veronicacazalis.com\/?page_id=42099"},"modified":"2022-09-16T21:15:34","modified_gmt":"2022-09-16T21:15:34","slug":"cookien-erabilera","status":"publish","type":"page","link":"https:\/\/www.veronicacazalis.com\/eu\/cookien-erabilera\/","title":{"rendered":"Cookie  Politika"},"content":{"rendered":"<ul>\n<li><b>Zer da cookie bat?\u00a0 \u00a0 <\/b><span style=\"font-weight: 400;\">Cookie bat web zerbitzari batek erabiltzailea konektatzeko erabiltzen den gailuan (ordenagailua, telefonoa, tableta, etab.) prozesatu dezakeen fitxategi informatiko bat da, berriz konektatzen denean dituen ezaugarriak edo lehentasunak ezagutzeko, edo web gunearen erabilera eta nabigazioa errazteko, zerbitzu interaktiboak ematean hainbat abantaila emanez.<\/span><span style=\"font-weight: 400;\"><br \/>\n<\/span><span style=\"font-weight: 400;\">Cookie-ak, beste helburu batzuen artean, erabiltzailearen saioa kudeatzeko erabiltzen dira (adibidez, pasahitza zenbat aldiz sartu behar den murriztuz), webgune bateko edukiak bere lehentasunetara egokitzeko (adibidez, hizkuntza) edo antzeko lanak egiteko (adibidez, trafikoa neurtzea eta webgune bat erabiltzea).<\/span><\/p>\n<p><span style=\"font-weight: 400;\">Cookie-ak saiokoak edo iraunkorrak izan daitezke. Saioko cookie-ak web gunea uztean urratzen dira, berriz, cookie iraunkorrak gailu elektronikoan data zehatz bat arte mantentzen dira.<\/span><\/p>\n<p><b>Zein cookie mota erabiltzen ditu web gune honek?<\/b><\/p>\n<p><span style=\"font-weight: 400;\">Web gune honek cookie mota desberdinak erabiltzen ditu, jarraian zehazten diren helburu desberdinekin:<\/span><\/p>\n<p><span style=\"font-weight: 400;\">Cookie teknikoak<\/span><span style=\"font-weight: 400;\">: aukera ematen dutenak web gunean nabigatzeko eta bertako aukera eta zerbitzuak baliatzeko, esate baterako, saioa identifikatzea, guen pribatuetara sartzea, erabiltzaileak sartutako parametroak kudeatzea, edukiak sare sozialen bidez partekatzea, e.a.<\/span><\/p>\n<p><span style=\"font-weight: 400;\">Pertsonalizazio-cookieak<\/span><span style=\"font-weight: 400;\">:\u00a0erabiltzaileari aukera ematen diote zerbitzuan sartzeko haren terminalean aurrez definitutako hainbat ezaugarri orokorrekin; adibidez: hizkuntza, zerbitzura sartzeko nabigatzaile mota, eta abar.<\/span><\/p>\n<p><span style=\"font-weight: 400;\">Analisi cookie-ak<\/span><span style=\"font-weight: 400;\">: aukera ematen dutenak web guneko erabiltzaileen portaera estatistikoki neurtzeko eta aztertzeko, horrela web gunea erabiltzaileen nabigaziora egoki eta hobetu daiteke (esate baterako, Google Analytics).<\/span><\/p>\n<p><b>Web gune honetan erabiltzen ditugun cookie analitikoak<\/b><\/p>\n<table>\n<tbody>\n<tr>\n<td><span style=\"font-weight: 400;\">Cookiea<\/span><\/td>\n<td><span style=\"font-weight: 400;\">Iraupena<\/span><\/td>\n<td><span style=\"font-weight: 400;\">Mota<\/span><\/td>\n<td><span style=\"font-weight: 400;\">Helburua<\/span><\/td>\n<\/tr>\n<tr>\n<td><span style=\"font-weight: 400;\">_utma<\/span><\/td>\n<td><span style=\"font-weight: 400;\">2 urte<\/span><\/td>\n<td><span style=\"font-weight: 400;\">Hirugarrenena (Google Analytics)<\/span><\/td>\n<td><span style=\"font-weight: 400;\">Gure webgunean sartzeko saioak bereiztea<\/span><\/td>\n<\/tr>\n<tr>\n<td><span style=\"font-weight: 400;\">_utmb<\/span><\/td>\n<td><span style=\"font-weight: 400;\">30 minutu<\/span><\/td>\n<td><span style=\"font-weight: 400;\">Hirugarrenena (Google Analytics)<\/span><\/td>\n<td><span style=\"font-weight: 400;\">Webgunearen bisitaldiko jarduera eta iraupena erregistratzea<\/span><\/td>\n<\/tr>\n<tr>\n<td><span style=\"font-weight: 400;\">_utmc<\/span><\/td>\n<td><span style=\"font-weight: 400;\">Saioa<\/span><\/td>\n<td><span style=\"font-weight: 400;\">Hirugarrenena (Google Analytics)<\/span><\/td>\n<td><span style=\"font-weight: 400;\">Webgunearen bisitaldiko jarduera eta iraupena erregistratzea<\/span><\/td>\n<\/tr>\n<\/tbody>\n<\/table>\n<table>\n<tbody>\n<tr>\n<td><span style=\"font-weight: 400;\">_utmt<\/span><\/td>\n<td><span style=\"font-weight: 400;\">10 minutu<\/span><\/td>\n<td><span style=\"font-weight: 400;\">Hirugarrenena (Google Analytics)<\/span><\/td>\n<td><span style=\"font-weight: 400;\">Webgunearen erabiltzaileen eskaerak prozesatzea eta mugatzea<\/span><\/td>\n<\/tr>\n<tr>\n<td><span style=\"font-weight: 400;\">_utmv<\/span><\/td>\n<td><span style=\"font-weight: 400;\">Saio<\/span><\/td>\n<td><span style=\"font-weight: 400;\">Hirugarrenena (Google Analytics)<\/span><\/td>\n<td><span style=\"font-weight: 400;\">Webgunearen bisitari-kopuruari buruzko datuak biltegiratzea<\/span><\/td>\n<\/tr>\n<tr>\n<td><span style=\"font-weight: 400;\">_utmz<\/span><\/td>\n<td><span style=\"font-weight: 400;\">6 hilabete<\/span><\/td>\n<td><span style=\"font-weight: 400;\">Hirugarrenena (Google Analytics)<\/span><\/td>\n<td><span style=\"font-weight: 400;\">Trafiko-iturria edo erabiltzailea webgunera iristeko erabili duen modua gordetzen du<\/span><\/td>\n<\/tr>\n<\/tbody>\n<\/table>\n<p><b>Nola desaktibatu daitezke cookie-ak?<\/b><\/p>\n<p><span style=\"font-weight: 400;\">Web nabigatzaileak cookieak kudeatzeko tresnak dira. Erabiltzaileak aukera du cookieak baimentzeko, blokeatzeko edo ezabatzeko. Horretarako nabigatzaile desberdinen cookien tratamenduaren konfigurazioa kontsultatu beharko du.<\/span><\/li>\n<\/ul>\n","protected":false},"excerpt":{"rendered":"<p>Zer da cookie bat?\u00a0 \u00a0 Cookie bat web zerbitzari batek erabiltzailea konektatzeko erabiltzen den gailuan (ordenagailua, telefonoa, tableta, etab.) prozesatu dezakeen fitxategi informatiko bat da, berriz konektatzen denean dituen ezaugarriak edo lehentasunak ezagutzeko, edo web gunearen erabilera eta nabigazioa errazteko, zerbitzu interaktiboak ematean hainbat abantaila&#8230;<\/p>\n","protected":false},"author":1,"featured_media":0,"parent":0,"menu_order":0,"comment_status":"closed","ping_status":"closed","template":"","meta":{"_monsterinsights_skip_tracking":false,"_monsterinsights_sitenote_active":false,"_monsterinsights_sitenote_note":"","_monsterinsights_sitenote_category":0,"_joinchat":[],"footnotes":""},"class_list":["post-42099","page","type-page","status-publish","hentry"],"yoast_head":"<!-- This site is optimized with the Yoast SEO plugin v27.5 - https:\/\/yoast.com\/product\/yoast-seo-wordpress\/ -->\n<title>Cookie Politika - Ver\u00f3nica Cazalis<\/title>\n<meta name=\"robots\" content=\"index, follow, max-snippet:-1, max-image-preview:large, max-video-preview:-1\" \/>\n<link rel=\"canonical\" href=\"https:\/\/www.veronicacazalis.com\/eu\/cookien-erabilera\/\" \/>\n<meta property=\"og:locale\" content=\"en_US\" \/>\n<meta property=\"og:type\" content=\"article\" \/>\n<meta property=\"og:title\" content=\"Cookie Politika - Ver\u00f3nica Cazalis\" \/>\n<meta property=\"og:description\" content=\"Zer da cookie bat?\u00a0 \u00a0 Cookie bat web zerbitzari batek erabiltzailea konektatzeko erabiltzen den gailuan (ordenagailua, telefonoa, tableta, etab.) prozesatu dezakeen fitxategi informatiko bat da, berriz konektatzen denean dituen ezaugarriak edo lehentasunak ezagutzeko, edo web gunearen erabilera eta nabigazioa errazteko, zerbitzu interaktiboak ematean hainbat abantaila...\" \/>\n<meta property=\"og:url\" content=\"https:\/\/www.veronicacazalis.com\/eu\/cookien-erabilera\/\" \/>\n<meta property=\"og:site_name\" content=\"Ver\u00f3nica Cazalis\" \/>\n<meta property=\"article:publisher\" content=\"https:\/\/www.facebook.com\/EsteticaVeronicaCazalis\" \/>\n<meta property=\"article:modified_time\" content=\"2022-09-16T21:15:34+00:00\" \/>\n<meta name=\"twitter:card\" content=\"summary_large_image\" \/>\n<meta name=\"twitter:label1\" content=\"Est. reading time\" \/>\n\t<meta name=\"twitter:data1\" content=\"2 minutua\" \/>\n<script type=\"application\/ld+json\" class=\"yoast-schema-graph\">{\"@context\":\"https:\\\/\\\/schema.org\",\"@graph\":[{\"@type\":\"WebPage\",\"@id\":\"https:\\\/\\\/www.veronicacazalis.com\\\/eu\\\/cookien-erabilera\\\/\",\"url\":\"https:\\\/\\\/www.veronicacazalis.com\\\/eu\\\/cookien-erabilera\\\/\",\"name\":\"Cookie Politika - Ver\u00f3nica Cazalis\",\"isPartOf\":{\"@id\":\"https:\\\/\\\/www.veronicacazalis.com\\\/#website\"},\"datePublished\":\"2018-05-20T15:37:43+00:00\",\"dateModified\":\"2022-09-16T21:15:34+00:00\",\"breadcrumb\":{\"@id\":\"https:\\\/\\\/www.veronicacazalis.com\\\/eu\\\/cookien-erabilera\\\/#breadcrumb\"},\"inLanguage\":\"eu\",\"potentialAction\":[{\"@type\":\"ReadAction\",\"target\":[\"https:\\\/\\\/www.veronicacazalis.com\\\/eu\\\/cookien-erabilera\\\/\"]}]},{\"@type\":\"BreadcrumbList\",\"@id\":\"https:\\\/\\\/www.veronicacazalis.com\\\/eu\\\/cookien-erabilera\\\/#breadcrumb\",\"itemListElement\":[{\"@type\":\"ListItem\",\"position\":1,\"name\":\"Portada\",\"item\":\"https:\\\/\\\/www.veronicacazalis.com\\\/eu\\\/\"},{\"@type\":\"ListItem\",\"position\":2,\"name\":\"Cookie Politika\"}]},{\"@type\":\"WebSite\",\"@id\":\"https:\\\/\\\/www.veronicacazalis.com\\\/#website\",\"url\":\"https:\\\/\\\/www.veronicacazalis.com\\\/\",\"name\":\"Ver\u00f3nica Cazalis\",\"description\":\"Centro de Est\u00e9tica y Kinesiolog\u00eda.\",\"publisher\":{\"@id\":\"https:\\\/\\\/www.veronicacazalis.com\\\/#organization\"},\"potentialAction\":[{\"@type\":\"SearchAction\",\"target\":{\"@type\":\"EntryPoint\",\"urlTemplate\":\"https:\\\/\\\/www.veronicacazalis.com\\\/?s={search_term_string}\"},\"query-input\":{\"@type\":\"PropertyValueSpecification\",\"valueRequired\":true,\"valueName\":\"search_term_string\"}}],\"inLanguage\":\"eu\"},{\"@type\":\"Organization\",\"@id\":\"https:\\\/\\\/www.veronicacazalis.com\\\/#organization\",\"name\":\"Ver\u00f3nica Caz\u00e1lis Est\u00e9tica y Kinesiolog\u00eda\",\"alternateName\":\"Ver\u00f3nica Cazalis Salon de belleza\",\"url\":\"https:\\\/\\\/www.veronicacazalis.com\\\/\",\"logo\":{\"@type\":\"ImageObject\",\"inLanguage\":\"eu\",\"@id\":\"https:\\\/\\\/www.veronicacazalis.com\\\/#\\\/schema\\\/logo\\\/image\\\/\",\"url\":\"https:\\\/\\\/www.veronicacazalis.com\\\/wp-content\\\/uploads\\\/2025\\\/12\\\/cropped-foto-web-Centro-17.jpg\",\"contentUrl\":\"https:\\\/\\\/www.veronicacazalis.com\\\/wp-content\\\/uploads\\\/2025\\\/12\\\/cropped-foto-web-Centro-17.jpg\",\"width\":512,\"height\":512,\"caption\":\"Ver\u00f3nica Caz\u00e1lis Est\u00e9tica y Kinesiolog\u00eda\"},\"image\":{\"@id\":\"https:\\\/\\\/www.veronicacazalis.com\\\/#\\\/schema\\\/logo\\\/image\\\/\"},\"sameAs\":[\"https:\\\/\\\/www.facebook.com\\\/EsteticaVeronicaCazalis\",\"https:\\\/\\\/www.instagram.com\\\/veronicacazalis\\\/\",\"https:\\\/\\\/www.linkedin.com\\\/company\\\/ver\u00f3nica-cazalis\\\/\",\"https:\\\/\\\/www.youtube.com\\\/c\\\/VeronicaCazalis\\\/\"]}]}<\/script>\n<!-- \/ Yoast SEO plugin. -->","yoast_head_json":{"title":"Cookie Politika - Ver\u00f3nica Cazalis","robots":{"index":"index","follow":"follow","max-snippet":"max-snippet:-1","max-image-preview":"max-image-preview:large","max-video-preview":"max-video-preview:-1"},"canonical":"https:\/\/www.veronicacazalis.com\/eu\/cookien-erabilera\/","og_locale":"en_US","og_type":"article","og_title":"Cookie Politika - Ver\u00f3nica Cazalis","og_description":"Zer da cookie bat?\u00a0 \u00a0 Cookie bat web zerbitzari batek erabiltzailea konektatzeko erabiltzen den gailuan (ordenagailua, telefonoa, tableta, etab.) prozesatu dezakeen fitxategi informatiko bat da, berriz konektatzen denean dituen ezaugarriak edo lehentasunak ezagutzeko, edo web gunearen erabilera eta nabigazioa errazteko, zerbitzu interaktiboak ematean hainbat abantaila...","og_url":"https:\/\/www.veronicacazalis.com\/eu\/cookien-erabilera\/","og_site_name":"Ver\u00f3nica Cazalis","article_publisher":"https:\/\/www.facebook.com\/EsteticaVeronicaCazalis","article_modified_time":"2022-09-16T21:15:34+00:00","twitter_card":"summary_large_image","twitter_misc":{"Est. reading time":"2 minutua"},"schema":{"@context":"https:\/\/schema.org","@graph":[{"@type":"WebPage","@id":"https:\/\/www.veronicacazalis.com\/eu\/cookien-erabilera\/","url":"https:\/\/www.veronicacazalis.com\/eu\/cookien-erabilera\/","name":"Cookie Politika - Ver\u00f3nica Cazalis","isPartOf":{"@id":"https:\/\/www.veronicacazalis.com\/#website"},"datePublished":"2018-05-20T15:37:43+00:00","dateModified":"2022-09-16T21:15:34+00:00","breadcrumb":{"@id":"https:\/\/www.veronicacazalis.com\/eu\/cookien-erabilera\/#breadcrumb"},"inLanguage":"eu","potentialAction":[{"@type":"ReadAction","target":["https:\/\/www.veronicacazalis.com\/eu\/cookien-erabilera\/"]}]},{"@type":"BreadcrumbList","@id":"https:\/\/www.veronicacazalis.com\/eu\/cookien-erabilera\/#breadcrumb","itemListElement":[{"@type":"ListItem","position":1,"name":"Portada","item":"https:\/\/www.veronicacazalis.com\/eu\/"},{"@type":"ListItem","position":2,"name":"Cookie Politika"}]},{"@type":"WebSite","@id":"https:\/\/www.veronicacazalis.com\/#website","url":"https:\/\/www.veronicacazalis.com\/","name":"Ver\u00f3nica Cazalis","description":"Centro de Est\u00e9tica y Kinesiolog\u00eda.","publisher":{"@id":"https:\/\/www.veronicacazalis.com\/#organization"},"potentialAction":[{"@type":"SearchAction","target":{"@type":"EntryPoint","urlTemplate":"https:\/\/www.veronicacazalis.com\/?s={search_term_string}"},"query-input":{"@type":"PropertyValueSpecification","valueRequired":true,"valueName":"search_term_string"}}],"inLanguage":"eu"},{"@type":"Organization","@id":"https:\/\/www.veronicacazalis.com\/#organization","name":"Ver\u00f3nica Caz\u00e1lis Est\u00e9tica y Kinesiolog\u00eda","alternateName":"Ver\u00f3nica Cazalis Salon de belleza","url":"https:\/\/www.veronicacazalis.com\/","logo":{"@type":"ImageObject","inLanguage":"eu","@id":"https:\/\/www.veronicacazalis.com\/#\/schema\/logo\/image\/","url":"https:\/\/www.veronicacazalis.com\/wp-content\/uploads\/2025\/12\/cropped-foto-web-Centro-17.jpg","contentUrl":"https:\/\/www.veronicacazalis.com\/wp-content\/uploads\/2025\/12\/cropped-foto-web-Centro-17.jpg","width":512,"height":512,"caption":"Ver\u00f3nica Caz\u00e1lis Est\u00e9tica y Kinesiolog\u00eda"},"image":{"@id":"https:\/\/www.veronicacazalis.com\/#\/schema\/logo\/image\/"},"sameAs":["https:\/\/www.facebook.com\/EsteticaVeronicaCazalis","https:\/\/www.instagram.com\/veronicacazalis\/","https:\/\/www.linkedin.com\/company\/ver\u00f3nica-cazalis\/","https:\/\/www.youtube.com\/c\/VeronicaCazalis\/"]}]}},"_links":{"self":[{"href":"https:\/\/www.veronicacazalis.com\/eu\/wp-json\/wp\/v2\/pages\/42099","targetHints":{"allow":["GET"]}}],"collection":[{"href":"https:\/\/www.veronicacazalis.com\/eu\/wp-json\/wp\/v2\/pages"}],"about":[{"href":"https:\/\/www.veronicacazalis.com\/eu\/wp-json\/wp\/v2\/types\/page"}],"author":[{"embeddable":true,"href":"https:\/\/www.veronicacazalis.com\/eu\/wp-json\/wp\/v2\/users\/1"}],"replies":[{"embeddable":true,"href":"https:\/\/www.veronicacazalis.com\/eu\/wp-json\/wp\/v2\/comments?post=42099"}],"version-history":[{"count":6,"href":"https:\/\/www.veronicacazalis.com\/eu\/wp-json\/wp\/v2\/pages\/42099\/revisions"}],"predecessor-version":[{"id":44187,"href":"https:\/\/www.veronicacazalis.com\/eu\/wp-json\/wp\/v2\/pages\/42099\/revisions\/44187"}],"wp:attachment":[{"href":"https:\/\/www.veronicacazalis.com\/eu\/wp-json\/wp\/v2\/media?parent=42099"}],"curies":[{"name":"wp","href":"https:\/\/api.w.org\/{rel}","templated":true}]}}