{"id":41587,"date":"2016-10-09T09:11:40","date_gmt":"2016-10-09T09:11:40","guid":{"rendered":"http:\/\/www.veronicacazalis.com\/?page_id=41587"},"modified":"2022-10-16T15:57:34","modified_gmt":"2022-10-16T15:57:34","slug":"kontaktua","status":"publish","type":"page","link":"https:\/\/www.veronicacazalis.com\/eu\/kontaktua\/","title":{"rendered":"Kontaktua"},"content":{"rendered":"<div class=\"wpb-content-wrapper\"><p>[vc_row row_type=&#8221;row&#8221; use_row_as_full_screen_section=&#8221;no&#8221; type=&#8221;full_width&#8221; oblique_section=&#8221;no&#8221; text_align=&#8221;center&#8221; padding_top=&#8221;75&#8243; css_animation=&#8221;&#8221;][vc_column][vc_column_text]<\/p>\n<h3 style=\"text-align: center;\">HARREMANETAN JARTZEKO INFORMAZIOA<\/h3>\n<p>[\/vc_column_text][vc_separator type=&#8221;transparent&#8221; down=&#8221;39&#8243; icon_pack=&#8221;font_awesome&#8221; fe_icon=&#8221;arrow_back&#8221; icon_type=&#8221;normal&#8221;][vc_column_text]<\/p>\n<h4 style=\"text-align: center;\">Gipuzkoa 8, behea\u00a0\u00b7 20800 Zarautz (Gipuzkoa)<\/h4>\n<h4 style=\"text-align: center;\"><i class=\"fa fa-phone\"><\/i>\u00a0\u00a0+34. 943 13 21 97<\/h4>\n<h4 style=\"text-align: center;\">\u00a0<i class=\"fa fa-whatsapp\"><\/i>\u00a0\u00a0+34.\u00a0695 70 09 21<\/h4>\n<h4 style=\"text-align: center;\">info@veronicacazalis.com<\/h4>\n<p>&nbsp;<\/p>\n<p>[\/vc_column_text]<span class=\"q_icon_shade q_icon_shortcode font_elegant normal pull-center \"  style=\"margin: 0 15px 0 0; \"><a href=\"https:\/\/instagram.com\/veronicacazalis?igshid=pprk4z8vtodg\" target=\"_blank\" style=\"color: #b3b3b3;\" ><span aria-hidden=\"true\" class=\"qode_icon_font_elegant social_instagram_circle \" style=\"font-size: 34px;color: #b3b3b3;line-height:36px; \" data-hover-color=\"#dfcec9\" ><\/span><\/a><\/span><span class=\"q_icon_shade q_icon_shortcode font_elegant normal pull-center \"  style=\"margin: 0 15px 0 0; \"><a href=\"https:\/\/www.facebook.com\/EsteticaVeronicaCazalis\" target=\"_blank\" style=\"color: #b3b3b3;\" ><span aria-hidden=\"true\" class=\"qode_icon_font_elegant social_facebook_circle \" style=\"font-size: 34px;color: #b3b3b3;line-height:36px; \" data-hover-color=\"#dfcec9\" ><\/span><\/a><\/span><span class=\"q_icon_shade q_icon_shortcode font_elegant normal pull-center \"  style=\"margin: 0 0 0 0; \"><a href=\"https:\/\/www.youtube.com\/channel\/UCbT6yovEY2GhaeCspHAMtVg\" target=\"_blank\" style=\"color: #b3b3b3;\" ><span aria-hidden=\"true\" class=\"qode_icon_font_elegant social_youtube_circle \" style=\"font-size: 34px;color: #b3b3b3;line-height:36px; \" data-hover-color=\"#dfcec9\" ><\/span><\/a><\/span>[\/vc_column][\/vc_row][vc_row row_type=&#8221;row&#8221; use_row_as_full_screen_section=&#8221;no&#8221; type=&#8221;full_width&#8221; oblique_section=&#8221;no&#8221; text_align=&#8221;center&#8221; padding_top=&#8221;15&#8243; css_animation=&#8221;&#8221;][vc_column width=&#8221;1\/3&#8243; offset=&#8221;vc_col-lg-6 vc_col-md-6 vc_col-xs-6&#8243;][\/vc_column][vc_column width=&#8221;1\/3&#8243;][\/vc_column][vc_column width=&#8221;1\/3&#8243;][\/vc_column][\/vc_row][vc_row row_type=&#8221;row&#8221; use_row_as_full_screen_section=&#8221;no&#8221; type=&#8221;grid&#8221; oblique_section=&#8221;no&#8221; text_align=&#8221;left&#8221; padding_top=&#8221;61&#8243; padding_bottom=&#8221;80&#8243; css_animation=&#8221;&#8221;][vc_column][vc_raw_html]JTNDaWZyYW1lJTIwc3JjJTNEJTIyaHR0cHMlM0ElMkYlMkZ3d3cuZ29vZ2xlLmNvbSUyRm1hcHMlMkZlbWJlZCUzRnBiJTNEJTIxMW0xOCUyMTFtMTIlMjExbTMlMjExZDI5MDQuMzQzMjExNzQ4NzU0NiUyMTJkLTIuMTc1NTAzOTMwMzE4NDAyNyUyMTNkNDMuMjg2MTMzNzMyMjU1Mjk0JTIxMm0zJTIxMWYwJTIxMmYwJTIxM2YwJTIxM20yJTIxMWkxMDI0JTIxMmk3NjglMjE0ZjEzLjElMjEzbTMlMjExbTIlMjExczB4ZDUxYzg0MzY4ZGQ5YjY3JTI1M0EweDcyMDMyODQ1NzU3NTRhMWYlMjEyc1Zlcm9uaWNhJTI1MjBDYXphbGlzJTI1MjAlMjUyQyUyNTIwRXN0JTI1QzMlMjVBOXRpY2ElMjUyMHklMjUyMEtpbmVzaW9sb2clMjVDMyUyNUFEYSUyMTVlMCUyMTNtMiUyMTFzZXMtNDE5JTIxMnNlcyUyMTR2MTYwNjgxNTI5Mzk2NyUyMTVtMiUyMTFzZXMtNDE5JTIxMnNlcyUyMiUyMHdpZHRoJTNEJTIyMTAwJTI1JTIyJTIwaGVpZ2h0JTNEJTIyNDUwJTIyJTIwZnJhbWVib3JkZXIlM0QlMjIwJTIyJTIwc3R5bGUlM0QlMjJib3JkZXIlM0EwJTNCJTIyJTIwYWxsb3dmdWxsc2NyZWVuJTNEJTIyJTIyJTIwYXJpYS1oaWRkZW4lM0QlMjJmYWxzZSUyMiUyMHRhYmluZGV4JTNEJTIyMCUyMiUzRSUzQyUyRmlmcmFtZSUzRQ==[\/vc_raw_html][\/vc_column][\/vc_row]<\/p>\n<\/div>","protected":false},"excerpt":{"rendered":"<p>[vc_row row_type=&#8221;row&#8221; use_row_as_full_screen_section=&#8221;no&#8221; type=&#8221;full_width&#8221; oblique_section=&#8221;no&#8221; text_align=&#8221;center&#8221; padding_top=&#8221;75&#8243; css_animation=&#8221;&#8221;][vc_column][vc_column_text] HARREMANETAN JARTZEKO INFORMAZIOA [\/vc_column_text][vc_separator type=&#8221;transparent&#8221; down=&#8221;39&#8243; icon_pack=&#8221;font_awesome&#8221; fe_icon=&#8221;arrow_back&#8221; icon_type=&#8221;normal&#8221;][vc_column_text] Gipuzkoa 8, behea\u00a0\u00b7 20800 Zarautz (Gipuzkoa) \u00a0\u00a0+34. 943 13 21 97 \u00a0\u00a0\u00a0+34.\u00a0695 70 09 21 info@veronicacazalis.com &nbsp; [\/vc_column_text][\/vc_column][\/vc_row][vc_row row_type=&#8221;row&#8221; use_row_as_full_screen_section=&#8221;no&#8221; type=&#8221;full_width&#8221; oblique_section=&#8221;no&#8221; text_align=&#8221;center&#8221; padding_top=&#8221;15&#8243; css_animation=&#8221;&#8221;][vc_column width=&#8221;1\/3&#8243; offset=&#8221;vc_col-lg-6 vc_col-md-6&#8230;<\/p>\n","protected":false},"author":1,"featured_media":0,"parent":0,"menu_order":0,"comment_status":"open","ping_status":"open","template":"full_width.php","meta":{"_monsterinsights_skip_tracking":false,"_monsterinsights_sitenote_active":false,"_monsterinsights_sitenote_note":"","_monsterinsights_sitenote_category":0,"_joinchat":[],"footnotes":""},"class_list":["post-41587","page","type-page","status-publish","hentry"],"yoast_head":"<!-- This site is optimized with the Yoast SEO plugin v27.5 - https:\/\/yoast.com\/product\/yoast-seo-wordpress\/ -->\n<title>Kontaktua - Ver\u00f3nica Cazalis<\/title>\n<meta name=\"robots\" content=\"index, follow, max-snippet:-1, max-image-preview:large, max-video-preview:-1\" \/>\n<link rel=\"canonical\" href=\"https:\/\/www.veronicacazalis.com\/eu\/kontaktua\/\" \/>\n<meta property=\"og:locale\" content=\"en_US\" \/>\n<meta property=\"og:type\" content=\"article\" \/>\n<meta property=\"og:title\" content=\"Kontaktua - Ver\u00f3nica Cazalis\" \/>\n<meta property=\"og:description\" content=\"[vc_row row_type=&#8221;row&#8221; use_row_as_full_screen_section=&#8221;no&#8221; type=&#8221;full_width&#8221; oblique_section=&#8221;no&#8221; text_align=&#8221;center&#8221; padding_top=&#8221;75&#8243; css_animation=&#8221;&#8221;][vc_column][vc_column_text] HARREMANETAN JARTZEKO INFORMAZIOA [\/vc_column_text][vc_separator type=&#8221;transparent&#8221; down=&#8221;39&#8243; icon_pack=&#8221;font_awesome&#8221; fe_icon=&#8221;arrow_back&#8221; icon_type=&#8221;normal&#8221;][vc_column_text] Gipuzkoa 8, behea\u00a0\u00b7 20800 Zarautz (Gipuzkoa) \u00a0\u00a0+34. 943 13 21 97 \u00a0\u00a0\u00a0+34.\u00a0695 70 09 21 info@veronicacazalis.com &nbsp; [\/vc_column_text][\/vc_column][\/vc_row][vc_row row_type=&#8221;row&#8221; use_row_as_full_screen_section=&#8221;no&#8221; type=&#8221;full_width&#8221; oblique_section=&#8221;no&#8221; text_align=&#8221;center&#8221; padding_top=&#8221;15&#8243; css_animation=&#8221;&#8221;][vc_column width=&#8221;1\/3&#8243; offset=&#8221;vc_col-lg-6 vc_col-md-6...\" \/>\n<meta property=\"og:url\" content=\"https:\/\/www.veronicacazalis.com\/eu\/kontaktua\/\" \/>\n<meta property=\"og:site_name\" content=\"Ver\u00f3nica Cazalis\" \/>\n<meta property=\"article:publisher\" content=\"https:\/\/www.facebook.com\/EsteticaVeronicaCazalis\" \/>\n<meta property=\"article:modified_time\" content=\"2022-10-16T15:57:34+00:00\" \/>\n<meta name=\"twitter:card\" content=\"summary_large_image\" \/>\n<meta name=\"twitter:label1\" content=\"Est. reading time\" \/>\n\t<meta name=\"twitter:data1\" content=\"1 minutua\" \/>\n<script type=\"application\/ld+json\" class=\"yoast-schema-graph\">{\"@context\":\"https:\\\/\\\/schema.org\",\"@graph\":[{\"@type\":\"WebPage\",\"@id\":\"https:\\\/\\\/www.veronicacazalis.com\\\/eu\\\/kontaktua\\\/\",\"url\":\"https:\\\/\\\/www.veronicacazalis.com\\\/eu\\\/kontaktua\\\/\",\"name\":\"Kontaktua - Ver\u00f3nica Cazalis\",\"isPartOf\":{\"@id\":\"https:\\\/\\\/www.veronicacazalis.com\\\/#website\"},\"datePublished\":\"2016-10-09T09:11:40+00:00\",\"dateModified\":\"2022-10-16T15:57:34+00:00\",\"breadcrumb\":{\"@id\":\"https:\\\/\\\/www.veronicacazalis.com\\\/eu\\\/kontaktua\\\/#breadcrumb\"},\"inLanguage\":\"eu\",\"potentialAction\":[{\"@type\":\"ReadAction\",\"target\":[\"https:\\\/\\\/www.veronicacazalis.com\\\/eu\\\/kontaktua\\\/\"]}]},{\"@type\":\"BreadcrumbList\",\"@id\":\"https:\\\/\\\/www.veronicacazalis.com\\\/eu\\\/kontaktua\\\/#breadcrumb\",\"itemListElement\":[{\"@type\":\"ListItem\",\"position\":1,\"name\":\"Portada\",\"item\":\"https:\\\/\\\/www.veronicacazalis.com\\\/eu\\\/\"},{\"@type\":\"ListItem\",\"position\":2,\"name\":\"Kontaktua\"}]},{\"@type\":\"WebSite\",\"@id\":\"https:\\\/\\\/www.veronicacazalis.com\\\/#website\",\"url\":\"https:\\\/\\\/www.veronicacazalis.com\\\/\",\"name\":\"Ver\u00f3nica Cazalis\",\"description\":\"Centro de Est\u00e9tica y Kinesiolog\u00eda.\",\"publisher\":{\"@id\":\"https:\\\/\\\/www.veronicacazalis.com\\\/#organization\"},\"potentialAction\":[{\"@type\":\"SearchAction\",\"target\":{\"@type\":\"EntryPoint\",\"urlTemplate\":\"https:\\\/\\\/www.veronicacazalis.com\\\/?s={search_term_string}\"},\"query-input\":{\"@type\":\"PropertyValueSpecification\",\"valueRequired\":true,\"valueName\":\"search_term_string\"}}],\"inLanguage\":\"eu\"},{\"@type\":\"Organization\",\"@id\":\"https:\\\/\\\/www.veronicacazalis.com\\\/#organization\",\"name\":\"Ver\u00f3nica Caz\u00e1lis Est\u00e9tica y Kinesiolog\u00eda\",\"alternateName\":\"Ver\u00f3nica Cazalis Salon de belleza\",\"url\":\"https:\\\/\\\/www.veronicacazalis.com\\\/\",\"logo\":{\"@type\":\"ImageObject\",\"inLanguage\":\"eu\",\"@id\":\"https:\\\/\\\/www.veronicacazalis.com\\\/#\\\/schema\\\/logo\\\/image\\\/\",\"url\":\"https:\\\/\\\/www.veronicacazalis.com\\\/wp-content\\\/uploads\\\/2025\\\/12\\\/cropped-foto-web-Centro-17.jpg\",\"contentUrl\":\"https:\\\/\\\/www.veronicacazalis.com\\\/wp-content\\\/uploads\\\/2025\\\/12\\\/cropped-foto-web-Centro-17.jpg\",\"width\":512,\"height\":512,\"caption\":\"Ver\u00f3nica Caz\u00e1lis Est\u00e9tica y Kinesiolog\u00eda\"},\"image\":{\"@id\":\"https:\\\/\\\/www.veronicacazalis.com\\\/#\\\/schema\\\/logo\\\/image\\\/\"},\"sameAs\":[\"https:\\\/\\\/www.facebook.com\\\/EsteticaVeronicaCazalis\",\"https:\\\/\\\/www.instagram.com\\\/veronicacazalis\\\/\",\"https:\\\/\\\/www.linkedin.com\\\/company\\\/ver\u00f3nica-cazalis\\\/\",\"https:\\\/\\\/www.youtube.com\\\/c\\\/VeronicaCazalis\\\/\"]}]}<\/script>\n<!-- \/ Yoast SEO plugin. -->","yoast_head_json":{"title":"Kontaktua - Ver\u00f3nica Cazalis","robots":{"index":"index","follow":"follow","max-snippet":"max-snippet:-1","max-image-preview":"max-image-preview:large","max-video-preview":"max-video-preview:-1"},"canonical":"https:\/\/www.veronicacazalis.com\/eu\/kontaktua\/","og_locale":"en_US","og_type":"article","og_title":"Kontaktua - Ver\u00f3nica Cazalis","og_description":"[vc_row row_type=&#8221;row&#8221; use_row_as_full_screen_section=&#8221;no&#8221; type=&#8221;full_width&#8221; oblique_section=&#8221;no&#8221; text_align=&#8221;center&#8221; padding_top=&#8221;75&#8243; css_animation=&#8221;&#8221;][vc_column][vc_column_text] HARREMANETAN JARTZEKO INFORMAZIOA [\/vc_column_text][vc_separator type=&#8221;transparent&#8221; down=&#8221;39&#8243; icon_pack=&#8221;font_awesome&#8221; fe_icon=&#8221;arrow_back&#8221; icon_type=&#8221;normal&#8221;][vc_column_text] Gipuzkoa 8, behea\u00a0\u00b7 20800 Zarautz (Gipuzkoa) \u00a0\u00a0+34. 943 13 21 97 \u00a0\u00a0\u00a0+34.\u00a0695 70 09 21 info@veronicacazalis.com &nbsp; [\/vc_column_text][\/vc_column][\/vc_row][vc_row row_type=&#8221;row&#8221; use_row_as_full_screen_section=&#8221;no&#8221; type=&#8221;full_width&#8221; oblique_section=&#8221;no&#8221; text_align=&#8221;center&#8221; padding_top=&#8221;15&#8243; css_animation=&#8221;&#8221;][vc_column width=&#8221;1\/3&#8243; offset=&#8221;vc_col-lg-6 vc_col-md-6...","og_url":"https:\/\/www.veronicacazalis.com\/eu\/kontaktua\/","og_site_name":"Ver\u00f3nica Cazalis","article_publisher":"https:\/\/www.facebook.com\/EsteticaVeronicaCazalis","article_modified_time":"2022-10-16T15:57:34+00:00","twitter_card":"summary_large_image","twitter_misc":{"Est. reading time":"1 minutua"},"schema":{"@context":"https:\/\/schema.org","@graph":[{"@type":"WebPage","@id":"https:\/\/www.veronicacazalis.com\/eu\/kontaktua\/","url":"https:\/\/www.veronicacazalis.com\/eu\/kontaktua\/","name":"Kontaktua - Ver\u00f3nica Cazalis","isPartOf":{"@id":"https:\/\/www.veronicacazalis.com\/#website"},"datePublished":"2016-10-09T09:11:40+00:00","dateModified":"2022-10-16T15:57:34+00:00","breadcrumb":{"@id":"https:\/\/www.veronicacazalis.com\/eu\/kontaktua\/#breadcrumb"},"inLanguage":"eu","potentialAction":[{"@type":"ReadAction","target":["https:\/\/www.veronicacazalis.com\/eu\/kontaktua\/"]}]},{"@type":"BreadcrumbList","@id":"https:\/\/www.veronicacazalis.com\/eu\/kontaktua\/#breadcrumb","itemListElement":[{"@type":"ListItem","position":1,"name":"Portada","item":"https:\/\/www.veronicacazalis.com\/eu\/"},{"@type":"ListItem","position":2,"name":"Kontaktua"}]},{"@type":"WebSite","@id":"https:\/\/www.veronicacazalis.com\/#website","url":"https:\/\/www.veronicacazalis.com\/","name":"Ver\u00f3nica Cazalis","description":"Centro de Est\u00e9tica y Kinesiolog\u00eda.","publisher":{"@id":"https:\/\/www.veronicacazalis.com\/#organization"},"potentialAction":[{"@type":"SearchAction","target":{"@type":"EntryPoint","urlTemplate":"https:\/\/www.veronicacazalis.com\/?s={search_term_string}"},"query-input":{"@type":"PropertyValueSpecification","valueRequired":true,"valueName":"search_term_string"}}],"inLanguage":"eu"},{"@type":"Organization","@id":"https:\/\/www.veronicacazalis.com\/#organization","name":"Ver\u00f3nica Caz\u00e1lis Est\u00e9tica y Kinesiolog\u00eda","alternateName":"Ver\u00f3nica Cazalis Salon de belleza","url":"https:\/\/www.veronicacazalis.com\/","logo":{"@type":"ImageObject","inLanguage":"eu","@id":"https:\/\/www.veronicacazalis.com\/#\/schema\/logo\/image\/","url":"https:\/\/www.veronicacazalis.com\/wp-content\/uploads\/2025\/12\/cropped-foto-web-Centro-17.jpg","contentUrl":"https:\/\/www.veronicacazalis.com\/wp-content\/uploads\/2025\/12\/cropped-foto-web-Centro-17.jpg","width":512,"height":512,"caption":"Ver\u00f3nica Caz\u00e1lis Est\u00e9tica y Kinesiolog\u00eda"},"image":{"@id":"https:\/\/www.veronicacazalis.com\/#\/schema\/logo\/image\/"},"sameAs":["https:\/\/www.facebook.com\/EsteticaVeronicaCazalis","https:\/\/www.instagram.com\/veronicacazalis\/","https:\/\/www.linkedin.com\/company\/ver\u00f3nica-cazalis\/","https:\/\/www.youtube.com\/c\/VeronicaCazalis\/"]}]}},"_links":{"self":[{"href":"https:\/\/www.veronicacazalis.com\/eu\/wp-json\/wp\/v2\/pages\/41587","targetHints":{"allow":["GET"]}}],"collection":[{"href":"https:\/\/www.veronicacazalis.com\/eu\/wp-json\/wp\/v2\/pages"}],"about":[{"href":"https:\/\/www.veronicacazalis.com\/eu\/wp-json\/wp\/v2\/types\/page"}],"author":[{"embeddable":true,"href":"https:\/\/www.veronicacazalis.com\/eu\/wp-json\/wp\/v2\/users\/1"}],"replies":[{"embeddable":true,"href":"https:\/\/www.veronicacazalis.com\/eu\/wp-json\/wp\/v2\/comments?post=41587"}],"version-history":[{"count":14,"href":"https:\/\/www.veronicacazalis.com\/eu\/wp-json\/wp\/v2\/pages\/41587\/revisions"}],"predecessor-version":[{"id":44475,"href":"https:\/\/www.veronicacazalis.com\/eu\/wp-json\/wp\/v2\/pages\/41587\/revisions\/44475"}],"wp:attachment":[{"href":"https:\/\/www.veronicacazalis.com\/eu\/wp-json\/wp\/v2\/media?parent=41587"}],"curies":[{"name":"wp","href":"https:\/\/api.w.org\/{rel}","templated":true}]}}