{"id":41552,"date":"2018-05-20T15:40:19","date_gmt":"2018-05-20T15:40:19","guid":{"rendered":"http:\/\/www.veronicacazalis.com\/?page_id=41552"},"modified":"2026-03-06T19:59:02","modified_gmt":"2026-03-06T19:59:02","slug":"ezagutu-gaitzazu","status":"publish","type":"page","link":"https:\/\/www.veronicacazalis.com\/eu\/ezagutu-gaitzazu\/","title":{"rendered":"Ezagutu Gaitzazu"},"content":{"rendered":"<div class=\"wpb-content-wrapper\"><p>[vc_row row_type=&#8221;row&#8221; use_row_as_full_screen_section=&#8221;no&#8221; type=&#8221;full_width&#8221; oblique_section=&#8221;no&#8221; text_align=&#8221;left&#8221; padding_top=&#8221;45&#8243; padding_bottom=&#8221;45&#8243; css_animation=&#8221;&#8221;][vc_column][vc_column_text]<\/p>\n<h4 style=\"text-align: center;\"><strong>Zu zaintzea pasio duen profesional-taldea garaUne oro gabiltza prestatzen, zuei gure onena zein merkatuko onena eskaini ahal izateko, egiten dugun honetan sinesten dugu-eta!<\/strong><\/h4>\n<p>[\/vc_column_text][\/vc_column][\/vc_row][vc_row row_type=&#8221;row&#8221; use_row_as_full_screen_section=&#8221;no&#8221; type=&#8221;full_width&#8221; oblique_section=&#8221;no&#8221; text_align=&#8221;left&#8221; padding_top=&#8221;45&#8243; padding_bottom=&#8221;45&#8243; css_animation=&#8221;&#8221;][vc_column width=&#8221;1\/3&#8243;][vc_single_image image=&#8221;43878&#8243; img_size=&#8221;large&#8221; alignment=&#8221;center&#8221; qode_css_animation=&#8221;&#8221;][\/vc_column][vc_column width=&#8221;1\/3&#8243;][vc_column_text]<\/p>\n<h3><strong>Veronica Cazalis<\/strong><\/h3>\n<div>\n<p><b>Veronica Cazalis\u00a0<\/b>naiz, <b>estetizista\u00a0<\/b>eta <b>kinesiologo\u00a0<\/b>pasionala eta bokaziozkoa.<\/p>\n<\/div>\n<div>\n<p>Haurra nintzenetik izan dut oso argi nire bidea, eta esan beharra daukat senak ez zidala huts egin. Gaur egun ere maite dut zuek zaintzea eta gorputza eta bere mugimendu organikoak gero eta gehiago ezagutzea.<\/p>\n<\/div>\n<div>\n<p>Era berean, asko gustatzen zait ikustea aldaketak nola islatzen diren gure estetikan, eta baita gure psikearen eragina, gure ohiturak eta zainketak ere gure ongizatean.<\/p>\n<\/div>\n<div>\n<p>Kinesiologiak mugarri bat ezarri zuen gure tratamenduetan, aukera eman zigulako zuetako bakoitzarekin lankidetza estuan aritzeko eta zuen gorputzak \u201caukera dezan\u201d aldiko zer tratamendu behar dituen.<\/p>\n<\/div>\n<div>\n<p>Nola ez, gogotik jarraitzen ditugu berrikuntza kosmetiko, tekniko eta teknologiko guztiak, Zarauzko gure zentrora ekartzeko eta zuen neurrira pertsonalizatzeko.<\/p>\n<\/div>\n<div>\n<p>Eskerrik asko posible egiteagatik!<\/p>\n<\/div>\n<ul>\n<li>Goi Zikloa Estetikan.<\/li>\n<li>Kiromasajea, Bartzelonako Sagrera-Ferrandiz eskolan ikasia.<\/li>\n<li>Vodder metodoaren bidezko Drainatze Linfatikoan espezialista, Bartzelonako Ilona Rosvaenge eskolan ikasia.<\/li>\n<li>Bach Loreetan terapeuta, Vermonteko (Ingalaterra) Bach Loreen institutuan ikasia.<\/li>\n<li>Makillaje profesionalean espezialista, Lyongo (Frantzia) Silvie Terrade eskolan ikasia.<\/li>\n<\/ul>\n<p>[\/vc_column_text][\/vc_column][vc_column width=&#8221;1\/3&#8243;][vc_column_text]<\/p>\n<ul>\n<li>KINESIOLOGIA &amp; TEKNIKA TERAPEUTIKOAK<\/li>\n<li>Touch for Health irakaslea, IKC-ren eskutik<\/li>\n<li><em>Three<\/em> In <em>One<\/em> Concepts<\/li>\n<li>Kinesiologia neuroenergetikan Practitioner, <a href=\"http:\/\/www.icnek.com\/\" target=\"_blank\" rel=\"noopener\">NK Institute international<\/a>-en eskutik<\/li>\n<li>Voll Elektroakupunturan Diplomaduna,\u00a0 Santander<\/li>\n<li>Medikuntza Biologikan Diplomaduna, Nafarroako Insumed Institutuaren eskutik<\/li>\n<li>Kinesiologia eta Txinatar-medikuntza Diagnsotiko ikastaroa, Madrilgo Todokine\u00a0eskolan<\/li>\n<li>M.E.T. (Mugimendu Erritmikoen Terapia) eta jatorrizko erreflexuen ikastaroak, Espainiako Blomberg Rhythmic Movement Training zentroan<\/li>\n<\/ul>\n<p>[\/vc_column_text][\/vc_column][\/vc_row][vc_row row_type=&#8221;row&#8221; use_row_as_full_screen_section=&#8221;no&#8221; type=&#8221;full_width&#8221; oblique_section=&#8221;no&#8221; text_align=&#8221;left&#8221; padding_top=&#8221;45&#8243; padding_bottom=&#8221;45&#8243; css_animation=&#8221;&#8221;][vc_column width=&#8221;1\/3&#8243;][vc_single_image image=&#8221;43884&#8243; img_size=&#8221;full&#8221; alignment=&#8221;center&#8221; qode_css_animation=&#8221;&#8221;][vc_column_text]<\/p>\n<h3><strong>Aitziber Tarango<\/strong><\/h3>\n<p>Aitziber bokaziozko estetizista maitekorra da, topera entregatzen den lan bakoitzean erakusten du. Haien eskuetan jartzea plazer bat da. Hona hemen bere prestakuntza:<\/p>\n<div class=\"row\">\n<div class=\"col-md-12 col-xs-12\">Estetika integraleko eta kinesiologiako espezialista.<br \/>\nDiagnostiko integraleko espezialista<br \/>\nEstetikako goi-maila<br \/>\nMikropigmentazio ikastaroak<br \/>\nBiomagnetismoa<br \/>\nBachen loreak<br \/>\nKinesiologia (Touch for health)<br \/>\nIrudi-aholkularitzako jardunaldiak<br \/>\nMakillajeko Master Class Lewis Amaranterekin<\/div>\n<\/div>\n<p>[\/vc_column_text][\/vc_column][vc_column width=&#8221;1\/3&#8243;][vc_single_image image=&#8221;43882&#8243; img_size=&#8221;large&#8221; alignment=&#8221;center&#8221; qode_css_animation=&#8221;&#8221;][vc_column_text]<\/p>\n<h3><strong>Marian Gartzia<\/strong><\/h3>\n<ul>\n<li>Marian es nuestra colaboradora m\u00e1s veterana, adem\u00e1s es una persona incre\u00edble y una profesional entregada al 100%. Ponte en sus manos con toda confianza, esta es su formaci\u00f3n:\n<ul>\n<li>Especialista en Est\u00e9tica integral y Kinesiolog\u00eda.<\/li>\n<li>Especialista en Diagn\u00f3stico Integral.<\/li>\n<li>Especialista en Masaje terap\u00e9utico, Masaje Deportivo y Drenaje linf\u00e1tico<\/li>\n<li>T\u00e9cnico especialista en Depilaci\u00f3n El\u00e9ctrica Blend.<\/li>\n<li>Licenciada en Est\u00e9tica y depilaci\u00f3n.<\/li>\n<li>Flores de Bach.<\/li>\n<li>Esencias Tri-unidad.<\/li>\n<li>Kinesiolog\u00eda Touch for Health.<\/li>\n<li>Biomagnetismo.<\/li>\n<\/ul>\n<\/li>\n<\/ul>\n<p>[\/vc_column_text][\/vc_column][vc_column width=&#8221;1\/3&#8243;][vc_single_image image=&#8221;43880&#8243; img_size=&#8221;large&#8221; qode_css_animation=&#8221;&#8221;][vc_column_text]<\/p>\n<h3><strong>Karmele Cazalis<\/strong><\/h3>\n<div class=\"row\">\n<div class=\"col-md-12 col-xs-12\">\n<p>Karmele da zentroan aurkituko duzuen lehen pertsona, eta zure hitzorduak planifikatzen eta gure agendak antolatzen lagunduko dizue, ahalik eta hobekien zaindu ahal izateko. Zentroko gure antolatzailea\/zaintzailea da, ezinbestekoa!<\/p>\n<p>Zentroko Kudeaketa eta Administrazio arduraduna<br \/>\nMarketineko eta Bezeroarentzako Arretako tekniketan espezialista<\/p>\n<\/div>\n<\/div>\n<p>[\/vc_column_text][\/vc_column][\/vc_row][vc_row row_type=&#8221;row&#8221; use_row_as_full_screen_section=&#8221;no&#8221; type=&#8221;full_width&#8221; oblique_section=&#8221;no&#8221; text_align=&#8221;left&#8221; padding_top=&#8221;45&#8243; padding_bottom=&#8221;45&#8243; css_animation=&#8221;&#8221;][vc_column width=&#8221;1\/3&#8243;][vc_single_image image=&#8221;44976&#8243; img_size=&#8221;full&#8221; alignment=&#8221;center&#8221; qode_css_animation=&#8221;&#8221;][vc_column_text]<\/p>\n<h3><span style=\"font-size: 16px;\">Ana Valencia Aramburu<\/span><\/h3>\n<div class=\"row\">\n<p class=\"col-md-12 col-xs-12\">Ana Laser Diodo Led depilazioan eta aparatologia mediko estetikoan aditua da. Gainera, pertsona hurbila, profesionala eta maitagarria da, eta berarekin egiten den edozein saio plazer hutsa da.<\/p>\n<p>LaserLuzek osatzen du zehatz-mehatz, eta etengabe birziklatzen da teknologia hauetan:<\/p>\n<p>Diodo Led laserra (Diodelight) Depilazio iraunkorra.<br \/>\nHIFU (aurpegiko liftinga)<br \/>\nIPL (Depilazioa)<br \/>\nLaser baskularra (aurpegiko armiarma baskularrak eta errubi puntuak)<br \/>\nSoft Laserra (Dioderma) Larruazaleko birsortzailea.<br \/>\nNanlaserra (Tatooak ezabatzea)<br \/>\nJarri haien eskuetan eta ez zara damutuko.<\/p>\n<\/div>\n<p>[\/vc_column_text][\/vc_column][vc_column width=&#8221;1\/3&#8243;][vc_single_image image=&#8221;44974&#8243; img_size=&#8221;large&#8221; alignment=&#8221;center&#8221; qode_css_animation=&#8221;&#8221;][vc_column_text]<\/p>\n<h3><strong>Beatriz Arroliga<\/strong><\/h3>\n<p>Bea da gure berriena, freskotasuna eta izerdi berria eskaintzen dizkigu, oso esku jakintsuez eta irribarre kutsakorrez gain.<\/p>\n<div class=\"row\">\n<div class=\"col-md-12 col-xs-12\">Ezagutzen duzuenok horrela sentitu duzue.Gaztea izan arren, Beatriz ondo prestatuta dago:<\/p>\n<p>Goi-mailako estetikako teknikaria.<br \/>\nGorputzaren diagnostikoari buruzko ikastaroa.<br \/>\nIrrati-frekuentzia eta diatermia ikastaroa.<br \/>\nEta gure talde osoa bezala, etengabeko prestakuntzan eta eboluzioan.<\/p>\n<\/div>\n<\/div>\n<p>[\/vc_column_text][\/vc_column][\/vc_row][vc_row row_type=&#8221;row&#8221; use_row_as_full_screen_section=&#8221;no&#8221; type=&#8221;full_width&#8221; oblique_section=&#8221;no&#8221; text_align=&#8221;left&#8221; css_animation=&#8221;&#8221;][vc_column][vc_empty_space image_repeat=&#8221;no-repeat&#8221;][\/vc_column][\/vc_row]<\/p>\n<\/div>","protected":false},"excerpt":{"rendered":"<p>[vc_row row_type=&#8221;row&#8221; use_row_as_full_screen_section=&#8221;no&#8221; type=&#8221;full_width&#8221; oblique_section=&#8221;no&#8221; text_align=&#8221;left&#8221; padding_top=&#8221;45&#8243; padding_bottom=&#8221;45&#8243; css_animation=&#8221;&#8221;][vc_column][vc_column_text] Zu zaintzea pasio duen profesional-taldea garaUne oro gabiltza prestatzen, zuei gure onena zein merkatuko onena eskaini ahal izateko, egiten dugun honetan sinesten dugu-eta! [\/vc_column_text][\/vc_column][\/vc_row][vc_row row_type=&#8221;row&#8221; use_row_as_full_screen_section=&#8221;no&#8221; type=&#8221;full_width&#8221; oblique_section=&#8221;no&#8221; text_align=&#8221;left&#8221; padding_top=&#8221;45&#8243; padding_bottom=&#8221;45&#8243; css_animation=&#8221;&#8221;][vc_column width=&#8221;1\/3&#8243;][vc_single_image image=&#8221;43878&#8243; img_size=&#8221;large&#8221; alignment=&#8221;center&#8221;&#8230;<\/p>\n","protected":false},"author":1,"featured_media":0,"parent":0,"menu_order":0,"comment_status":"open","ping_status":"open","template":"","meta":{"_monsterinsights_skip_tracking":false,"_monsterinsights_sitenote_active":false,"_monsterinsights_sitenote_note":"","_monsterinsights_sitenote_category":0,"_joinchat":[],"footnotes":""},"class_list":["post-41552","page","type-page","status-publish","hentry"],"yoast_head":"<!-- This site is optimized with the Yoast SEO plugin v27.4 - https:\/\/yoast.com\/product\/yoast-seo-wordpress\/ -->\n<title>Ezagutu Gaitzazu - Ver\u00f3nica Cazalis<\/title>\n<meta name=\"robots\" content=\"index, follow, max-snippet:-1, max-image-preview:large, max-video-preview:-1\" \/>\n<link rel=\"canonical\" href=\"https:\/\/www.veronicacazalis.com\/eu\/ezagutu-gaitzazu\/\" \/>\n<meta property=\"og:locale\" content=\"en_US\" \/>\n<meta property=\"og:type\" content=\"article\" \/>\n<meta property=\"og:title\" content=\"Ezagutu Gaitzazu - Ver\u00f3nica Cazalis\" \/>\n<meta property=\"og:description\" content=\"[vc_row row_type=&#8221;row&#8221; use_row_as_full_screen_section=&#8221;no&#8221; type=&#8221;full_width&#8221; oblique_section=&#8221;no&#8221; text_align=&#8221;left&#8221; padding_top=&#8221;45&#8243; padding_bottom=&#8221;45&#8243; css_animation=&#8221;&#8221;][vc_column][vc_column_text] Zu zaintzea pasio duen profesional-taldea garaUne oro gabiltza prestatzen, zuei gure onena zein merkatuko onena eskaini ahal izateko, egiten dugun honetan sinesten dugu-eta! [\/vc_column_text][\/vc_column][\/vc_row][vc_row row_type=&#8221;row&#8221; use_row_as_full_screen_section=&#8221;no&#8221; type=&#8221;full_width&#8221; oblique_section=&#8221;no&#8221; text_align=&#8221;left&#8221; padding_top=&#8221;45&#8243; padding_bottom=&#8221;45&#8243; css_animation=&#8221;&#8221;][vc_column width=&#8221;1\/3&#8243;][vc_single_image image=&#8221;43878&#8243; img_size=&#8221;large&#8221; alignment=&#8221;center&#8221;...\" \/>\n<meta property=\"og:url\" content=\"https:\/\/www.veronicacazalis.com\/eu\/ezagutu-gaitzazu\/\" \/>\n<meta property=\"og:site_name\" content=\"Ver\u00f3nica Cazalis\" \/>\n<meta property=\"article:publisher\" content=\"https:\/\/www.facebook.com\/EsteticaVeronicaCazalis\" \/>\n<meta property=\"article:modified_time\" content=\"2026-03-06T19:59:02+00:00\" \/>\n<meta name=\"twitter:card\" content=\"summary_large_image\" \/>\n<meta name=\"twitter:label1\" content=\"Est. reading time\" \/>\n\t<meta name=\"twitter:data1\" content=\"5 minutua\" \/>\n<script type=\"application\/ld+json\" class=\"yoast-schema-graph\">{\"@context\":\"https:\\\/\\\/schema.org\",\"@graph\":[{\"@type\":\"WebPage\",\"@id\":\"https:\\\/\\\/www.veronicacazalis.com\\\/eu\\\/ezagutu-gaitzazu\\\/\",\"url\":\"https:\\\/\\\/www.veronicacazalis.com\\\/eu\\\/ezagutu-gaitzazu\\\/\",\"name\":\"Ezagutu Gaitzazu - Ver\u00f3nica Cazalis\",\"isPartOf\":{\"@id\":\"https:\\\/\\\/www.veronicacazalis.com\\\/#website\"},\"datePublished\":\"2018-05-20T15:40:19+00:00\",\"dateModified\":\"2026-03-06T19:59:02+00:00\",\"breadcrumb\":{\"@id\":\"https:\\\/\\\/www.veronicacazalis.com\\\/eu\\\/ezagutu-gaitzazu\\\/#breadcrumb\"},\"inLanguage\":\"eu\",\"potentialAction\":[{\"@type\":\"ReadAction\",\"target\":[\"https:\\\/\\\/www.veronicacazalis.com\\\/eu\\\/ezagutu-gaitzazu\\\/\"]}]},{\"@type\":\"BreadcrumbList\",\"@id\":\"https:\\\/\\\/www.veronicacazalis.com\\\/eu\\\/ezagutu-gaitzazu\\\/#breadcrumb\",\"itemListElement\":[{\"@type\":\"ListItem\",\"position\":1,\"name\":\"Portada\",\"item\":\"https:\\\/\\\/www.veronicacazalis.com\\\/eu\\\/\"},{\"@type\":\"ListItem\",\"position\":2,\"name\":\"Ezagutu Gaitzazu\"}]},{\"@type\":\"WebSite\",\"@id\":\"https:\\\/\\\/www.veronicacazalis.com\\\/#website\",\"url\":\"https:\\\/\\\/www.veronicacazalis.com\\\/\",\"name\":\"Ver\u00f3nica Cazalis\",\"description\":\"Centro de Est\u00e9tica y Kinesiolog\u00eda.\",\"publisher\":{\"@id\":\"https:\\\/\\\/www.veronicacazalis.com\\\/#organization\"},\"potentialAction\":[{\"@type\":\"SearchAction\",\"target\":{\"@type\":\"EntryPoint\",\"urlTemplate\":\"https:\\\/\\\/www.veronicacazalis.com\\\/?s={search_term_string}\"},\"query-input\":{\"@type\":\"PropertyValueSpecification\",\"valueRequired\":true,\"valueName\":\"search_term_string\"}}],\"inLanguage\":\"eu\"},{\"@type\":\"Organization\",\"@id\":\"https:\\\/\\\/www.veronicacazalis.com\\\/#organization\",\"name\":\"Ver\u00f3nica Caz\u00e1lis Est\u00e9tica y Kinesiolog\u00eda\",\"alternateName\":\"Ver\u00f3nica Cazalis Salon de belleza\",\"url\":\"https:\\\/\\\/www.veronicacazalis.com\\\/\",\"logo\":{\"@type\":\"ImageObject\",\"inLanguage\":\"eu\",\"@id\":\"https:\\\/\\\/www.veronicacazalis.com\\\/#\\\/schema\\\/logo\\\/image\\\/\",\"url\":\"https:\\\/\\\/www.veronicacazalis.com\\\/wp-content\\\/uploads\\\/2025\\\/12\\\/cropped-foto-web-Centro-17.jpg\",\"contentUrl\":\"https:\\\/\\\/www.veronicacazalis.com\\\/wp-content\\\/uploads\\\/2025\\\/12\\\/cropped-foto-web-Centro-17.jpg\",\"width\":512,\"height\":512,\"caption\":\"Ver\u00f3nica Caz\u00e1lis Est\u00e9tica y Kinesiolog\u00eda\"},\"image\":{\"@id\":\"https:\\\/\\\/www.veronicacazalis.com\\\/#\\\/schema\\\/logo\\\/image\\\/\"},\"sameAs\":[\"https:\\\/\\\/www.facebook.com\\\/EsteticaVeronicaCazalis\",\"https:\\\/\\\/www.instagram.com\\\/veronicacazalis\\\/\",\"https:\\\/\\\/www.linkedin.com\\\/company\\\/ver\u00f3nica-cazalis\\\/\",\"https:\\\/\\\/www.youtube.com\\\/c\\\/VeronicaCazalis\\\/\"]}]}<\/script>\n<!-- \/ Yoast SEO plugin. -->","yoast_head_json":{"title":"Ezagutu Gaitzazu - Ver\u00f3nica Cazalis","robots":{"index":"index","follow":"follow","max-snippet":"max-snippet:-1","max-image-preview":"max-image-preview:large","max-video-preview":"max-video-preview:-1"},"canonical":"https:\/\/www.veronicacazalis.com\/eu\/ezagutu-gaitzazu\/","og_locale":"en_US","og_type":"article","og_title":"Ezagutu Gaitzazu - Ver\u00f3nica Cazalis","og_description":"[vc_row row_type=&#8221;row&#8221; use_row_as_full_screen_section=&#8221;no&#8221; type=&#8221;full_width&#8221; oblique_section=&#8221;no&#8221; text_align=&#8221;left&#8221; padding_top=&#8221;45&#8243; padding_bottom=&#8221;45&#8243; css_animation=&#8221;&#8221;][vc_column][vc_column_text] Zu zaintzea pasio duen profesional-taldea garaUne oro gabiltza prestatzen, zuei gure onena zein merkatuko onena eskaini ahal izateko, egiten dugun honetan sinesten dugu-eta! [\/vc_column_text][\/vc_column][\/vc_row][vc_row row_type=&#8221;row&#8221; use_row_as_full_screen_section=&#8221;no&#8221; type=&#8221;full_width&#8221; oblique_section=&#8221;no&#8221; text_align=&#8221;left&#8221; padding_top=&#8221;45&#8243; padding_bottom=&#8221;45&#8243; css_animation=&#8221;&#8221;][vc_column width=&#8221;1\/3&#8243;][vc_single_image image=&#8221;43878&#8243; img_size=&#8221;large&#8221; alignment=&#8221;center&#8221;...","og_url":"https:\/\/www.veronicacazalis.com\/eu\/ezagutu-gaitzazu\/","og_site_name":"Ver\u00f3nica Cazalis","article_publisher":"https:\/\/www.facebook.com\/EsteticaVeronicaCazalis","article_modified_time":"2026-03-06T19:59:02+00:00","twitter_card":"summary_large_image","twitter_misc":{"Est. reading time":"5 minutua"},"schema":{"@context":"https:\/\/schema.org","@graph":[{"@type":"WebPage","@id":"https:\/\/www.veronicacazalis.com\/eu\/ezagutu-gaitzazu\/","url":"https:\/\/www.veronicacazalis.com\/eu\/ezagutu-gaitzazu\/","name":"Ezagutu Gaitzazu - Ver\u00f3nica Cazalis","isPartOf":{"@id":"https:\/\/www.veronicacazalis.com\/#website"},"datePublished":"2018-05-20T15:40:19+00:00","dateModified":"2026-03-06T19:59:02+00:00","breadcrumb":{"@id":"https:\/\/www.veronicacazalis.com\/eu\/ezagutu-gaitzazu\/#breadcrumb"},"inLanguage":"eu","potentialAction":[{"@type":"ReadAction","target":["https:\/\/www.veronicacazalis.com\/eu\/ezagutu-gaitzazu\/"]}]},{"@type":"BreadcrumbList","@id":"https:\/\/www.veronicacazalis.com\/eu\/ezagutu-gaitzazu\/#breadcrumb","itemListElement":[{"@type":"ListItem","position":1,"name":"Portada","item":"https:\/\/www.veronicacazalis.com\/eu\/"},{"@type":"ListItem","position":2,"name":"Ezagutu Gaitzazu"}]},{"@type":"WebSite","@id":"https:\/\/www.veronicacazalis.com\/#website","url":"https:\/\/www.veronicacazalis.com\/","name":"Ver\u00f3nica Cazalis","description":"Centro de Est\u00e9tica y Kinesiolog\u00eda.","publisher":{"@id":"https:\/\/www.veronicacazalis.com\/#organization"},"potentialAction":[{"@type":"SearchAction","target":{"@type":"EntryPoint","urlTemplate":"https:\/\/www.veronicacazalis.com\/?s={search_term_string}"},"query-input":{"@type":"PropertyValueSpecification","valueRequired":true,"valueName":"search_term_string"}}],"inLanguage":"eu"},{"@type":"Organization","@id":"https:\/\/www.veronicacazalis.com\/#organization","name":"Ver\u00f3nica Caz\u00e1lis Est\u00e9tica y Kinesiolog\u00eda","alternateName":"Ver\u00f3nica Cazalis Salon de belleza","url":"https:\/\/www.veronicacazalis.com\/","logo":{"@type":"ImageObject","inLanguage":"eu","@id":"https:\/\/www.veronicacazalis.com\/#\/schema\/logo\/image\/","url":"https:\/\/www.veronicacazalis.com\/wp-content\/uploads\/2025\/12\/cropped-foto-web-Centro-17.jpg","contentUrl":"https:\/\/www.veronicacazalis.com\/wp-content\/uploads\/2025\/12\/cropped-foto-web-Centro-17.jpg","width":512,"height":512,"caption":"Ver\u00f3nica Caz\u00e1lis Est\u00e9tica y Kinesiolog\u00eda"},"image":{"@id":"https:\/\/www.veronicacazalis.com\/#\/schema\/logo\/image\/"},"sameAs":["https:\/\/www.facebook.com\/EsteticaVeronicaCazalis","https:\/\/www.instagram.com\/veronicacazalis\/","https:\/\/www.linkedin.com\/company\/ver\u00f3nica-cazalis\/","https:\/\/www.youtube.com\/c\/VeronicaCazalis\/"]}]}},"_links":{"self":[{"href":"https:\/\/www.veronicacazalis.com\/eu\/wp-json\/wp\/v2\/pages\/41552","targetHints":{"allow":["GET"]}}],"collection":[{"href":"https:\/\/www.veronicacazalis.com\/eu\/wp-json\/wp\/v2\/pages"}],"about":[{"href":"https:\/\/www.veronicacazalis.com\/eu\/wp-json\/wp\/v2\/types\/page"}],"author":[{"embeddable":true,"href":"https:\/\/www.veronicacazalis.com\/eu\/wp-json\/wp\/v2\/users\/1"}],"replies":[{"embeddable":true,"href":"https:\/\/www.veronicacazalis.com\/eu\/wp-json\/wp\/v2\/comments?post=41552"}],"version-history":[{"count":24,"href":"https:\/\/www.veronicacazalis.com\/eu\/wp-json\/wp\/v2\/pages\/41552\/revisions"}],"predecessor-version":[{"id":45838,"href":"https:\/\/www.veronicacazalis.com\/eu\/wp-json\/wp\/v2\/pages\/41552\/revisions\/45838"}],"wp:attachment":[{"href":"https:\/\/www.veronicacazalis.com\/eu\/wp-json\/wp\/v2\/media?parent=41552"}],"curies":[{"name":"wp","href":"https:\/\/api.w.org\/{rel}","templated":true}]}}